{"id":11450,"date":"2025-11-27T15:46:21","date_gmt":"2025-11-27T14:46:21","guid":{"rendered":"https:\/\/www.ngdcare.nl\/product\/non%20class\u00e9\/duo-mjamjam-veau-hareng\/"},"modified":"2025-11-28T10:51:09","modified_gmt":"2025-11-28T09:51:09","slug":"duo-mjamjam-veau-hareng","status":"publish","type":"product","link":"https:\/\/www.ngdcare.nl\/fr\/product\/animalerie\/chat\/nutrition\/nourriture-humide\/duo-mjamjam-veau-hareng\/","title":{"rendered":"DUO MjAMjAM \u2013 Veau &amp; Hareng"},"content":{"rendered":"<p>Le <strong data-start=\"372\" data-end=\"405\">MjAMjAM DUO de Kalf &amp; Herring<\/strong> est un repas complet et naturel pour chats. Cette combinaison de veau tendre et de hareng frais offre une forte teneur en viande et fournit tous les nutriments essentiels dont votre chat a besoin. Les aliments sont enti\u00e8rement sans c\u00e9r\u00e9ales et ne contiennent ni sucre, ni conservateurs, ni ar\u00f4mes artificiels. Enrichi en vitamines, min\u00e9raux et taurine, il favorise une croissance saine, une forte r\u00e9sistance et un pelage brillant. Id\u00e9al pour les chats qui aiment la vari\u00e9t\u00e9 et la nourriture naturelle de haute qualit\u00e9.<\/p>\n","protected":false},"excerpt":{"rendered":"<p>D\u00e9licieux repas complet pour chats avec du veau tendre et du hareng frais. Sans c\u00e9r\u00e9ales, sans additifs artificiels, riche en vitamines, min\u00e9raux et taurine pour un chat en bonne sant\u00e9. <\/p>\n","protected":false},"featured_media":11455,"comment_status":"open","ping_status":"closed","template":"","meta":[],"product_brand":[],"product_cat":[5066,5033,5293,5156],"product_tag":[],"merken":[],"class_list":{"0":"post-11450","1":"product","2":"type-product","3":"status-publish","4":"has-post-thumbnail","6":"product_cat-animalerie","7":"product_cat-chat","8":"product_cat-nourriture-humide","9":"product_cat-nutrition","10":"infinite-scroll-item","11":"sales-flash-overlay","12":"woocommerce-text-align-center","13":"woocommerce-image-align-center","14":"do-quantity-buttons","16":"first","17":"instock","18":"taxable","19":"shipping-taxable","20":"purchasable","21":"product-type-variable"},"_links":{"self":[{"href":"https:\/\/www.ngdcare.nl\/fr\/wp-json\/wp\/v2\/product\/11450","targetHints":{"allow":["GET"]}}],"collection":[{"href":"https:\/\/www.ngdcare.nl\/fr\/wp-json\/wp\/v2\/product"}],"about":[{"href":"https:\/\/www.ngdcare.nl\/fr\/wp-json\/wp\/v2\/types\/product"}],"replies":[{"embeddable":true,"href":"https:\/\/www.ngdcare.nl\/fr\/wp-json\/wp\/v2\/comments?post=11450"}],"wp:featuredmedia":[{"embeddable":true,"href":"https:\/\/www.ngdcare.nl\/fr\/wp-json\/wp\/v2\/media\/11455"}],"wp:attachment":[{"href":"https:\/\/www.ngdcare.nl\/fr\/wp-json\/wp\/v2\/media?parent=11450"}],"wp:term":[{"taxonomy":"product_brand","embeddable":true,"href":"https:\/\/www.ngdcare.nl\/fr\/wp-json\/wp\/v2\/product_brand?post=11450"},{"taxonomy":"product_cat","embeddable":true,"href":"https:\/\/www.ngdcare.nl\/fr\/wp-json\/wp\/v2\/product_cat?post=11450"},{"taxonomy":"product_tag","embeddable":true,"href":"https:\/\/www.ngdcare.nl\/fr\/wp-json\/wp\/v2\/product_tag?post=11450"},{"taxonomy":"merken","embeddable":true,"href":"https:\/\/www.ngdcare.nl\/fr\/wp-json\/wp\/v2\/merken?post=11450"}],"curies":[{"name":"wp","href":"https:\/\/api.w.org\/{rel}","templated":true}]}}