{"id":11507,"date":"2025-11-27T19:11:21","date_gmt":"2025-11-27T18:11:21","guid":{"rendered":"https:\/\/www.ngdcare.nl\/product\/non class\u00e9\/single-promolife-avec-regulateur\/"},"modified":"2025-11-27T19:11:21","modified_gmt":"2025-11-27T18:11:21","slug":"single-promolife-avec-regulateur","status":"publish","type":"product","link":"https:\/\/www.ngdcare.nl\/fr\/product\/animalerie\/chat\/single-promolife-avec-regulateur\/","title":{"rendered":"Single Promolife avec r\u00e9gulateur"},"content":{"rendered":"<p><strong>Le r\u00e9gulateur d\u2019oxyg\u00e8ne \u00e0 faible d\u00e9bit Promolife<\/strong> convertit les r\u00e9servoirs ou concentrateurs d\u2019oxyg\u00e8ne en un d\u00e9bit \u00e0 faible oxyg\u00e8ne pr\u00e9cis\u00e9ment contr\u00f4lable. Id\u00e9al pour les applications o\u00f9 un apport contr\u00f4l\u00e9 en oxyg\u00e8ne est crucial, comme la th\u00e9rapie \u00e0 l\u2019ozone, les applications m\u00e9dicales ou les traitements de bien-\u00eatre. <\/p>\n<p>Avec 5 cath\u00e9ters,<br \/>\n1 seringue de 60 ml<br \/>\n, 1 seringue de 200 ml<\/p>\n<p data-start=\"442\" data-end=\"472\"><strong data-start=\"442\" data-end=\"470\">Caract\u00e9ristiques cl\u00e9s :<\/strong><\/p>\n<ul>\n<li data-start=\"475\" data-end=\"610\"><strong data-start=\"475\" data-end=\"507\">D\u00e9bit r\u00e9glable pr\u00e9cis :<\/strong> de 1\/32 \u00e0 4 litres par minute, ce qui permet d\u2019ajuster l\u2019apport en oxyg\u00e8ne selon votre application.<\/li>\n<li data-start=\"613\" data-end=\"747\"><strong data-start=\"613\" data-end=\"644\">Compatibilit\u00e9 universelle :<\/strong> adapt\u00e9 aux r\u00e9servoirs d\u2019oxyg\u00e8ne standard avec connexions CGA-540 (industrielle) ou CGA-870 (m\u00e9dicale).<\/li>\n<li data-start=\"750\" data-end=\"908\"><strong data-start=\"750\" data-end=\"778\">Durable et fiable :<\/strong> fabriqu\u00e9 \u00e0 partir de mat\u00e9riaux de haute qualit\u00e9 tels que le laiton et l\u2019acier inoxydable ; conception m\u00e9canique, donc pas d\u2019alimentation n\u00e9cessaire.<\/li>\n<li data-start=\"911\" data-end=\"1046\"><strong data-start=\"911\" data-end=\"935\">Facile \u00e0 utiliser :<\/strong> manom\u00e8tre transparent et bouton de r\u00e9glage pour un fonctionnement facile et s\u00fbr ; y compris les tuyaux et les connexions.<\/li>\n<\/ul>\n<p data-start=\"1048\" data-end=\"1277\">Le r\u00e9gulateur Promolife garantit un flux constant et s\u00fbr de l\u2019oxyg\u00e8ne et assure un contr\u00f4le optimal, ce qui en fait un outil indispensable pour les professionnels et les utilisateurs \u00e0 domicile ayant besoin d\u2019oxyg\u00e8ne \u00e0 faible d\u00e9bit pr\u00e9cis.<\/p>\n","protected":false},"excerpt":{"rendered":"<p><strong>Le r\u00e9gulateur d\u2019oxyg\u00e8ne \u00e0 faible d\u00e9bit Promolife<\/strong> est con\u00e7u pour convertir les sources d\u2019oxyg\u00e8ne \u00e0 haute pression (r\u00e9servoirs ou concentrateurs) en un flux d\u2019oxyg\u00e8ne \u00e0 faible fr\u00e9quence pr\u00e9cis\u00e9ment contr\u00f4lable. Il est id\u00e9al pour des applications telles que la th\u00e9rapie \u00e0 l\u2019ozone. <\/p>\n","protected":false},"featured_media":11498,"comment_status":"open","ping_status":"closed","template":"","meta":[],"product_brand":[],"product_cat":[5033,5055,5961,4723],"product_tag":[],"merken":[],"class_list":{"0":"post-11507","1":"product","2":"type-product","3":"status-publish","4":"has-post-thumbnail","6":"product_cat-chat","7":"product_cat-chien","8":"product_cat-pharmacie-pour-animaux-naturels","9":"product_cat-produits-a-base-dozone","10":"infinite-scroll-item","11":"sales-flash-overlay","12":"woocommerce-text-align-center","13":"woocommerce-image-align-center","14":"do-quantity-buttons","16":"first","17":"instock","18":"sold-individually","19":"taxable","20":"shipping-taxable","21":"purchasable","22":"product-type-simple"},"_links":{"self":[{"href":"https:\/\/www.ngdcare.nl\/fr\/wp-json\/wp\/v2\/product\/11507","targetHints":{"allow":["GET"]}}],"collection":[{"href":"https:\/\/www.ngdcare.nl\/fr\/wp-json\/wp\/v2\/product"}],"about":[{"href":"https:\/\/www.ngdcare.nl\/fr\/wp-json\/wp\/v2\/types\/product"}],"replies":[{"embeddable":true,"href":"https:\/\/www.ngdcare.nl\/fr\/wp-json\/wp\/v2\/comments?post=11507"}],"wp:featuredmedia":[{"embeddable":true,"href":"https:\/\/www.ngdcare.nl\/fr\/wp-json\/wp\/v2\/media\/11498"}],"wp:attachment":[{"href":"https:\/\/www.ngdcare.nl\/fr\/wp-json\/wp\/v2\/media?parent=11507"}],"wp:term":[{"taxonomy":"product_brand","embeddable":true,"href":"https:\/\/www.ngdcare.nl\/fr\/wp-json\/wp\/v2\/product_brand?post=11507"},{"taxonomy":"product_cat","embeddable":true,"href":"https:\/\/www.ngdcare.nl\/fr\/wp-json\/wp\/v2\/product_cat?post=11507"},{"taxonomy":"product_tag","embeddable":true,"href":"https:\/\/www.ngdcare.nl\/fr\/wp-json\/wp\/v2\/product_tag?post=11507"},{"taxonomy":"merken","embeddable":true,"href":"https:\/\/www.ngdcare.nl\/fr\/wp-json\/wp\/v2\/merken?post=11507"}],"curies":[{"name":"wp","href":"https:\/\/api.w.org\/{rel}","templated":true}]}}