{"id":11690,"date":"2025-11-29T12:42:47","date_gmt":"2025-11-29T11:42:47","guid":{"rendered":"https:\/\/www.ngdcare.nl\/product\/non%20class\u00e9\/coenzyme-liposomale-q10\/"},"modified":"2026-04-19T22:06:04","modified_gmt":"2026-04-19T20:06:04","slug":"coenzyme-liposomale-q10","status":"publish","type":"product","link":"https:\/\/www.ngdcare.nl\/fr\/product\/sante-veterinaire\/supplements-orthomoleculaires\/coenzyme-liposomale-q10\/","title":{"rendered":"Coenzyme liposomale Q10"},"content":{"rendered":"<div class=\"group\/line flex border-l-[3px] border-l-transparent\" data-diff-type=\"normal\" data-diff-line=\"1\">\n<div>\n<div class=\"standard-markdown grid-cols-1 grid [&amp;_&gt;_*]:min-w-0 gap-3\">\n<p class=\"font-claude-response-body break-words whitespace-normal leading-[1.7]\"><span style=\"font-size: inherit;\">La <strong>coenzyme Q10 de NGD Care<\/strong> est indispensable \u00e0 la production d\u2019ATP, l\u2019\u00e9nergie de chaque cellule. Les organes n\u00e9cessitant une forte demande \u00e9nerg\u00e9tique, comme le c\u0153ur, le cerveau, le foie et les muscles, d\u00e9pendent relativement fortement d\u2019une disponibilit\u00e9 suffisante de Q10. Avec l\u2019\u00e2ge, la production endog\u00e8ne diminue. L\u2019utilisation prolong\u00e9e de m\u00e9dicaments (comme les statines, AINS ou la prednisone), les maladies chroniques, l\u2019exercice intensif et la charge toxique peuvent \u00e9galement r\u00e9duire le taux au Q10.   <\/span><\/p>\n<\/div>\n<\/div>\n<div>\n<div class=\"standard-markdown grid-cols-1 grid [&amp;_&gt;_*]:min-w-0 gap-3\">\n<p class=\"font-claude-response-body break-words whitespace-normal leading-[1.7]\">NGD Care choisit consciemment l\u2019ubiquinone : la forme pr\u00e9curseur stable de la coenzyme Q10. L\u2019ubiquinol est la forme intracellulaire active, mais il est chimiquement moins stable et plus susceptible \u00e0 l\u2019oxydation dans le compl\u00e9ment lui-m\u00eame. L\u2019ubiquinone est convertie en ubiquinol dans la cellule via des cofacteurs physiologiques, notamment le NAD+ et le glutathion. La cellule r\u00e9gule elle-m\u00eame cette conversion.   <\/p>\n<\/div>\n<\/div>\n<div>\n<div class=\"standard-markdown grid-cols-1 grid [&amp;_&gt;_*]:min-w-0 gap-3\">\n<p class=\"font-claude-response-body break-words whitespace-normal leading-[1.7]\">Gr\u00e2ce \u00e0 la formulation liposomale, l\u2019absorption est nettement meilleure qu\u2019avec les compl\u00e9ments conventionnels Q10. Les donn\u00e9es de recherche sugg\u00e8rent jusqu\u2019\u00e0 8 \u00d7 une biodisponibilit\u00e9 sup\u00e9rieure par rapport \u00e0 l\u2019ubiquinone standard. Les globules graisseux prot\u00e8gent l\u2019ingr\u00e9dient actif contre la d\u00e9gradation du tractus gastro-intestinal tout en soutenant la structure de la membrane cellulaire.  <\/p>\n<\/div>\n<\/div>\n<div>\n<div class=\"standard-markdown grid-cols-1 grid [&amp;_&gt;_*]:min-w-0 gap-3\">\n<p class=\"font-claude-response-body break-words whitespace-normal leading-[1.7]\">Chez les chiens, Q10 a \u00e9t\u00e9 le plus \u00e9tudi\u00e9 dans le contexte du soutien cardiaque. Le myocarde poss\u00e8de l\u2019une des densit\u00e9s mitochondriales les plus \u00e9lev\u00e9es de tous les organes et d\u00e9pend donc fortement d\u2019une disponibilit\u00e9 ad\u00e9quate de Q10. La coenzyme Q10 est utilis\u00e9e chez les chiens souffrant de souffles cardiaques ou de probl\u00e8mes naissants de la valve mitrale (MVD) en compl\u00e9ment du traitement v\u00e9t\u00e9rinaire, mais aussi chez les animaux \u00e2g\u00e9s souffrant de perte d\u2019\u00e9nergie, lors de la convalescence apr\u00e8s anesth\u00e9sie ou d\u2019un usage prolong\u00e9 de m\u00e9dicaments, dans la r\u00e9cup\u00e9ration musculaire de chiens actifs ou de travail, ainsi que dans le soutien neurologique et h\u00e9patique dans des affections chroniques.  <\/p>\n<p>La coenzyme Q10 fait partie de notre <a href=\"https:\/\/www.ngdcare.nl\/fr\/product\/protocole\/protocole-vieillesse\/\">protocole de vieillissement<\/a> et fonctionne bien en synergie avec <a href=\"https:\/\/www.ngdcare.nl\/fr\/product\/pharmacie-pour-animaux-naturels\/liposomale\/soutien-de-la-longevite-liposomale\/\">le soutien de long\u00e9vit\u00e9<\/a> (NAD+) et <a href=\"https:\/\/www.ngdcare.nl\/fr\/product\/supplements-orthomoleculaires\/glutathion-liposomal\/\">le glutathion<\/a>.<\/p>\n<\/div>\n<\/div>\n<div>\n<div class=\"standard-markdown grid-cols-1 grid [&amp;_&gt;_*]:min-w-0 gap-3\">\n<p class=\"font-claude-response-body break-words whitespace-normal leading-[1.7]\">Souhaitez-vous en savoir plus sur son fonctionnement, la litt\u00e9rature et le parcours clinique ? Puis lisez le long blog : <a href=\"https:\/\/www.ngdcare.nl\/fr\/blog-fr\/coenzyme-q10-chez-les-chiens-et-les-chats\/\">Coenzyme Q10 chez les chiens et les chats.<\/a> <\/p>\n<\/div>\n<\/div>\n<\/div>\n","protected":false},"excerpt":{"rendered":"<p>NGD Care Coenzyme Q10 contient 160 mg d\u2019ubiquinone liposomale et a une absorption maximale. Essentiels \u00e0 la production d\u2019\u00e9nergie, \u00e0 la sant\u00e9 du c\u0153ur, aux mitochondries et \u00e0 la r\u00e9cup\u00e9ration.<\/p>\n","protected":false},"featured_media":17621,"comment_status":"open","ping_status":"closed","template":"","meta":{"wds_primary_product_brand":0,"wds_primary_product_cat":0,"wds_primary_merken":0},"product_brand":[],"product_cat":[544],"product_tag":[571,909,908,6148,6146,654,706,6100,6102,1716,6177,1079],"merken":[],"class_list":{"0":"post-11690","1":"product","2":"type-product","3":"status-publish","4":"has-post-thumbnail","6":"product_cat-supplements-orthomoleculaires","7":"product_tag-antioxydant","8":"product_tag-chat","9":"product_tag-chien","10":"product_tag-coeur","11":"product_tag-coq10","12":"product_tag-energie-fr","13":"product_tag-liposomale","14":"product_tag-mitochondrie-2","15":"product_tag-personne","16":"product_tag-soins-ngd","17":"product_tag-ubiquinone","18":"product_tag-vieillissement","19":"infinite-scroll-item","20":"sales-flash-overlay","21":"woocommerce-text-align-center","22":"woocommerce-image-align-center","23":"do-quantity-buttons","25":"first","26":"instock","27":"taxable","28":"shipping-taxable","29":"purchasable","30":"product-type-simple"},"_links":{"self":[{"href":"https:\/\/www.ngdcare.nl\/fr\/wp-json\/wp\/v2\/product\/11690","targetHints":{"allow":["GET"]}}],"collection":[{"href":"https:\/\/www.ngdcare.nl\/fr\/wp-json\/wp\/v2\/product"}],"about":[{"href":"https:\/\/www.ngdcare.nl\/fr\/wp-json\/wp\/v2\/types\/product"}],"replies":[{"embeddable":true,"href":"https:\/\/www.ngdcare.nl\/fr\/wp-json\/wp\/v2\/comments?post=11690"}],"wp:featuredmedia":[{"embeddable":true,"href":"https:\/\/www.ngdcare.nl\/fr\/wp-json\/wp\/v2\/media\/17621"}],"wp:attachment":[{"href":"https:\/\/www.ngdcare.nl\/fr\/wp-json\/wp\/v2\/media?parent=11690"}],"wp:term":[{"taxonomy":"product_brand","embeddable":true,"href":"https:\/\/www.ngdcare.nl\/fr\/wp-json\/wp\/v2\/product_brand?post=11690"},{"taxonomy":"product_cat","embeddable":true,"href":"https:\/\/www.ngdcare.nl\/fr\/wp-json\/wp\/v2\/product_cat?post=11690"},{"taxonomy":"product_tag","embeddable":true,"href":"https:\/\/www.ngdcare.nl\/fr\/wp-json\/wp\/v2\/product_tag?post=11690"},{"taxonomy":"merken","embeddable":true,"href":"https:\/\/www.ngdcare.nl\/fr\/wp-json\/wp\/v2\/merken?post=11690"}],"curies":[{"name":"wp","href":"https:\/\/api.w.org\/{rel}","templated":true}]}}