{"id":11744,"date":"2025-11-15T22:17:51","date_gmt":"2025-11-15T21:17:51","guid":{"rendered":"https:\/\/www.ngdcare.nl\/product\/non%20class\u00e9\/glutathion-liposomal-2\/"},"modified":"2025-12-01T20:45:43","modified_gmt":"2025-12-01T19:45:43","slug":"glutathion-liposomal-2","status":"publish","type":"product","link":"https:\/\/www.ngdcare.nl\/fr\/product\/sante-humaine\/complements-alimentaires\/glutathion-liposomal-2\/","title":{"rendered":"Glutathion liposomal"},"content":{"rendered":"<p data-start=\"1353\" data-end=\"1697\"><strong>Le glutathion<\/strong> est l\u2019antioxydant intracellulaire le plus abondant et essentiel pour la neutralisation des radicaux libres, la protection des cellules et le soutien au syst\u00e8me naturel de d\u00e9toxification (phase II de d\u00e9sintoxication). Le taux de glutathion diminue sous l\u2019influence du stress, des toxines, des m\u00e9dicaments, du vieillissement et d\u2019une fatigue physique intense. <\/p>\n<p data-start=\"1699\" data-end=\"1901\"><strong>NGD Care Liposomal Glutathion<\/strong> est formul\u00e9 dans une matrice liposomale de haute qualit\u00e9, ce qui le maintient activement prot\u00e9g\u00e9 dans le tube digestif et est absorb\u00e9 avec une efficacit\u00e9 bien sup\u00e9rieure.<\/p>\n<p data-start=\"1903\" data-end=\"1951\">Notre glutathion liposomal humain soutient :<\/p>\n<ul>\n<li data-start=\"1954\" data-end=\"2000\">L\u2019\u00e9limination naturelle des substances ind\u00e9sirables<\/li>\n<li data-start=\"2003\" data-end=\"2054\">La protection des cellules contre le stress oxydatif<\/li>\n<li data-start=\"2057\" data-end=\"2087\">\u00c9quilibre du syst\u00e8me immunitaire<\/li>\n<li data-start=\"2090\" data-end=\"2140\">Gu\u00e9rison apr\u00e8s une maladie, une charge importante ou une toxicit\u00e9<\/li>\n<li data-start=\"2143\" data-end=\"2179\">Fonction h\u00e9patique (conjugaison de stade II)<\/li>\n<\/ul>\n<p data-start=\"2181\" data-end=\"2319\">Cette formule convient \u00e0 un usage quotidien et s\u2019inscrit dans des plans de traitement int\u00e9gratifs, incluant les interventions li\u00e9es au mode de vie et \u00e0 la nutrition.<\/p>\n","protected":false},"excerpt":{"rendered":"<p data-start=\"719\" data-end=\"1021\">Le glutathion liposomal de NGD Care contient une r\u00e9duction du glutathion (GSH) dans un complexe liposomal pur pour une absorption optimale. Le glutathion est l\u2019un des antioxydants endog\u00e8nes les plus importants et joue un r\u00f4le central dans la d\u00e9toxification, l\u2019\u00e9quilibre immunitaire et la protection cellulaire. Cette formule a \u00e9t\u00e9 d\u00e9velopp\u00e9e pour une biodisponibilit\u00e9 maximale et un usage quotidien.  <\/p>\n","protected":false},"featured_media":11748,"comment_status":"open","ping_status":"closed","template":"","meta":{"wds_primary_product_brand":0,"wds_primary_product_cat":0,"wds_primary_merken":0},"product_brand":[],"product_cat":[5370],"product_tag":[5816,573,6094,6103,706,6194,1716,5408,5407,570],"merken":[2756],"class_list":{"0":"post-11744","1":"product","2":"type-product","3":"status-publish","4":"has-post-thumbnail","6":"product_cat-complements-alimentaires","7":"product_tag-antioxydants","8":"product_tag-desintoxication","9":"product_tag-glutathion","10":"product_tag-gsh","11":"product_tag-liposomale","12":"product_tag-sante-hepatique","13":"product_tag-soins-ngd","14":"product_tag-stress-oxydatif","15":"product_tag-supplements-humains","16":"product_tag-systeme-immunitaire","17":"merken-ngdcare","18":"infinite-scroll-item","19":"sales-flash-overlay","20":"woocommerce-text-align-center","21":"woocommerce-image-align-center","22":"do-quantity-buttons","24":"first","25":"instock","26":"taxable","27":"shipping-taxable","28":"purchasable","29":"product-type-simple"},"_links":{"self":[{"href":"https:\/\/www.ngdcare.nl\/fr\/wp-json\/wp\/v2\/product\/11744","targetHints":{"allow":["GET"]}}],"collection":[{"href":"https:\/\/www.ngdcare.nl\/fr\/wp-json\/wp\/v2\/product"}],"about":[{"href":"https:\/\/www.ngdcare.nl\/fr\/wp-json\/wp\/v2\/types\/product"}],"replies":[{"embeddable":true,"href":"https:\/\/www.ngdcare.nl\/fr\/wp-json\/wp\/v2\/comments?post=11744"}],"wp:featuredmedia":[{"embeddable":true,"href":"https:\/\/www.ngdcare.nl\/fr\/wp-json\/wp\/v2\/media\/11748"}],"wp:attachment":[{"href":"https:\/\/www.ngdcare.nl\/fr\/wp-json\/wp\/v2\/media?parent=11744"}],"wp:term":[{"taxonomy":"product_brand","embeddable":true,"href":"https:\/\/www.ngdcare.nl\/fr\/wp-json\/wp\/v2\/product_brand?post=11744"},{"taxonomy":"product_cat","embeddable":true,"href":"https:\/\/www.ngdcare.nl\/fr\/wp-json\/wp\/v2\/product_cat?post=11744"},{"taxonomy":"product_tag","embeddable":true,"href":"https:\/\/www.ngdcare.nl\/fr\/wp-json\/wp\/v2\/product_tag?post=11744"},{"taxonomy":"merken","embeddable":true,"href":"https:\/\/www.ngdcare.nl\/fr\/wp-json\/wp\/v2\/merken?post=11744"}],"curies":[{"name":"wp","href":"https:\/\/api.w.org\/{rel}","templated":true}]}}