{"id":11764,"date":"2025-11-17T10:52:41","date_gmt":"2025-11-17T09:52:41","guid":{"rendered":"https:\/\/www.ngdcare.nl\/product\/non class\u00e9\/soutien-du-relax-liposomal\/"},"modified":"2025-11-17T10:52:41","modified_gmt":"2025-11-17T09:52:41","slug":"soutien-du-relax-liposomal","status":"publish","type":"product","link":"https:\/\/www.ngdcare.nl\/fr\/product\/sante-humaine\/complements-alimentaires\/soutien-du-relax-liposomal\/","title":{"rendered":"Soutien du Relax Liposomal"},"content":{"rendered":"<p data-start=\"901\" data-end=\"1066\"><strong>Relax Support<\/strong> a \u00e9t\u00e9 d\u00e9velopp\u00e9 pour les personnes souffrant de stress, de sensibilit\u00e9 aux stimuli, de tension, de surcharge mentale ou de difficult\u00e9s \u00e0 se d\u00e9tendre et \u00e0 s\u2019endormir. La formule contient quatre ingr\u00e9dients synergiques : <strong>le bisglycinate de magn\u00e9sium, la L-th\u00e9anine, le L-tryptophane <\/strong>et<strong> la vitamine B6<\/strong>. <\/p>\n<p data-start=\"901\" data-end=\"1066\">Le bisglycinate de magn\u00e9sium est une forme hautement absorbable qui nourrit le syst\u00e8me nerveux, abaisse le tonus musculaire et soutient plus de 300 processus enzymatiques, y compris la r\u00e9gulation du stress.<\/p>\n<p data-start=\"901\" data-end=\"1066\">La L-th\u00e9anine favorise les ondes alpha dans le cerveau, ce qui procure une relaxation sans somnolence et un flux de pens\u00e9es plus calme.<\/p>\n<p data-start=\"901\" data-end=\"1066\">Le L-tryptophane est le pr\u00e9curseur naturel de la s\u00e9rotonine et de la m\u00e9latonine et soutient l\u2019humeur, le repos et la qualit\u00e9 du sommeil.<\/p>\n<p data-start=\"901\" data-end=\"1066\">La vitamine B6 aide \u00e0 la conversion du tryptophane en s\u00e9rotonine et contribue \u00e0 un \u00e9quilibre \u00e9quilibr\u00e9 des neurotransmetteurs.<\/p>\n<p data-start=\"901\" data-end=\"1066\">Cette formule fonctionne aussi bien pendant la journ\u00e9e (repos, concentration, moins de r\u00e9activit\u00e9 au stress) que le soir (meilleur sommeil et sommeil). Relax Support est doux, s\u00fbr pour un usage quotidien et peut \u00eatre bien combin\u00e9 avec des adaptog\u00e8nes, du NAC, du magn\u00e9sium et des supports intestinaux dans des voies int\u00e9gratives visant la r\u00e9gulation de l\u2019axe de stress, l\u2019\u00e9quilibre HPA\/HPT et l\u2019axe intestin-cerveau. <\/p>\n","protected":false},"excerpt":{"rendered":"<p>Relax Support combine le bisglycinate de magn\u00e9sium, la L-th\u00e9anine, le L-tryptophane et la vitamine B6 pour soutenir la relaxation, l\u2019\u00e9quilibre du stress, le traitement des stimuli et la qualit\u00e9 du sommeil.<\/p>\n","protected":false},"featured_media":11745,"comment_status":"open","ping_status":"closed","template":"","meta":{"wds_primary_product_brand":0,"wds_primary_product_cat":0,"wds_primary_merken":0},"product_brand":[],"product_cat":[5370],"product_tag":[794,6033,6029,6039,799,706,6040,6038,944,1716,6031,866,1195,6034,6036],"merken":[2756],"class_list":{"0":"post-11764","1":"product","2":"type-product","3":"status-publish","4":"has-post-thumbnail","6":"product_cat-complements-alimentaires","7":"product_tag-b6-fr","8":"product_tag-bisglycinate-de-magnesium","9":"product_tag-chien-de-relaxation","10":"product_tag-cofacteur-serotonine","11":"product_tag-comportement","12":"product_tag-liposomale","13":"product_tag-neurotransmetteurs-cofacteurs","14":"product_tag-p-5-p","15":"product_tag-se-reposer","16":"product_tag-soins-ngd","17":"product_tag-soutien-du-sommeil","18":"product_tag-stress-fr","19":"product_tag-systeme-nerveux","20":"product_tag-theanine","21":"product_tag-tryptophane","22":"merken-ngdcare","23":"infinite-scroll-item","24":"sales-flash-overlay","25":"woocommerce-text-align-center","26":"woocommerce-image-align-center","27":"do-quantity-buttons","29":"first","30":"instock","31":"taxable","32":"shipping-taxable","33":"purchasable","34":"product-type-simple"},"_links":{"self":[{"href":"https:\/\/www.ngdcare.nl\/fr\/wp-json\/wp\/v2\/product\/11764","targetHints":{"allow":["GET"]}}],"collection":[{"href":"https:\/\/www.ngdcare.nl\/fr\/wp-json\/wp\/v2\/product"}],"about":[{"href":"https:\/\/www.ngdcare.nl\/fr\/wp-json\/wp\/v2\/types\/product"}],"replies":[{"embeddable":true,"href":"https:\/\/www.ngdcare.nl\/fr\/wp-json\/wp\/v2\/comments?post=11764"}],"wp:featuredmedia":[{"embeddable":true,"href":"https:\/\/www.ngdcare.nl\/fr\/wp-json\/wp\/v2\/media\/11745"}],"wp:attachment":[{"href":"https:\/\/www.ngdcare.nl\/fr\/wp-json\/wp\/v2\/media?parent=11764"}],"wp:term":[{"taxonomy":"product_brand","embeddable":true,"href":"https:\/\/www.ngdcare.nl\/fr\/wp-json\/wp\/v2\/product_brand?post=11764"},{"taxonomy":"product_cat","embeddable":true,"href":"https:\/\/www.ngdcare.nl\/fr\/wp-json\/wp\/v2\/product_cat?post=11764"},{"taxonomy":"product_tag","embeddable":true,"href":"https:\/\/www.ngdcare.nl\/fr\/wp-json\/wp\/v2\/product_tag?post=11764"},{"taxonomy":"merken","embeddable":true,"href":"https:\/\/www.ngdcare.nl\/fr\/wp-json\/wp\/v2\/merken?post=11764"}],"curies":[{"name":"wp","href":"https:\/\/api.w.org\/{rel}","templated":true}]}}