{"id":11786,"date":"2025-11-15T21:27:01","date_gmt":"2025-11-15T20:27:01","guid":{"rendered":"https:\/\/www.ngdcare.nl\/product\/non%20class\u00e9\/coenzyme-liposomale-q10-2\/"},"modified":"2025-12-01T20:47:09","modified_gmt":"2025-12-01T19:47:09","slug":"coenzyme-liposomale-q10-2","status":"publish","type":"product","link":"https:\/\/www.ngdcare.nl\/fr\/product\/sante-humaine\/complements-alimentaires\/coenzyme-liposomale-q10-2\/","title":{"rendered":"Coenzyme liposomale Q10"},"content":{"rendered":"<p class=\"p1\">La <strong>coenzyme Q10<\/strong> est une substance puissante qui joue un r\u00f4le cl\u00e9 dans les mitochondries : les usines \u00e9nerg\u00e9tiques de nos cellules. Ce Q10 liposomal contient 160 mg d\u2019ubiquinone par capsule et est encapsul\u00e9 dans des phospholipides de haute qualit\u00e9 pour une biodisponibilit\u00e9 nettement am\u00e9lior\u00e9e. <\/p>\n<p class=\"p1\">\u00c0 mesure que les personnes vieillissent ou subissent un stress accru, les niveaux de coenzyme Q10 diminuent et l\u2019efficacit\u00e9 des mitochondries diminue. Cela peut entra\u00eener de la fatigue, des probl\u00e8mes de r\u00e9cup\u00e9ration et une sensibilit\u00e9 accrue au stress oxydatif. Cette formule convient \u00e0 toute personne souhaitant un soutien suppl\u00e9mentaire pour l\u2019\u00e9nergie, la r\u00e9paration et la protection cellulaire, et est souvent utilis\u00e9e pour la fatigue, la charge sportive, les situations de stress ou lors du vieillissement naturel. La forme liposomale rend l\u2019absorption 3 \u00e0 5 fois plus efficace que le Q10 standard, donc des doses plus faibles offrent tout de m\u00eame un effet puissant. Il agit en synergie avec les vitamines B, le NAD+, le magn\u00e9sium et les om\u00e9gas, ce qui le place dans une approche int\u00e9grative plus large.    <\/p>\n","protected":false},"excerpt":{"rendered":"<p class=\"p1\"><strong>La coenzyme liposomale Q10<\/strong> soutient le m\u00e9tabolisme \u00e9nerg\u00e9tique, la vitalit\u00e9 et la capacit\u00e9 naturelle de r\u00e9g\u00e9n\u00e9ration. La technique liposomale permet d\u2019absorber l\u2019ubiquinone de mani\u00e8re optimale et la rendre imm\u00e9diatement disponible pour les cellules. Id\u00e9al pour la fatigue, les charges intensives, le vieillissement et un soutien mitochondrial suppl\u00e9mentaire.  <\/p>\n<p>.<\/p>\n","protected":false},"featured_media":11789,"comment_status":"open","ping_status":"closed","template":"","meta":{"wds_primary_product_brand":0,"wds_primary_product_cat":0,"wds_primary_merken":0},"product_brand":[],"product_cat":[5370],"product_tag":[571,6146,654,6209,6210,706,5613,5371,1716,5407,6177],"merken":[2756],"class_list":{"0":"post-11786","1":"product","2":"type-product","3":"status-publish","4":"has-post-thumbnail","6":"product_cat-complements-alimentaires","7":"product_tag-antioxydant","8":"product_tag-coq10","9":"product_tag-energie-fr","10":"product_tag-energie-cellulaire","11":"product_tag-fatigue","12":"product_tag-liposomale","13":"product_tag-mitochondrie","14":"product_tag-ngd-care-sante-humaine","15":"product_tag-soins-ngd","16":"product_tag-supplements-humains","17":"product_tag-ubiquinone","18":"merken-ngdcare","19":"infinite-scroll-item","20":"sales-flash-overlay","21":"woocommerce-text-align-center","22":"woocommerce-image-align-center","23":"do-quantity-buttons","25":"first","26":"instock","27":"taxable","28":"shipping-taxable","29":"purchasable","30":"product-type-simple"},"_links":{"self":[{"href":"https:\/\/www.ngdcare.nl\/fr\/wp-json\/wp\/v2\/product\/11786","targetHints":{"allow":["GET"]}}],"collection":[{"href":"https:\/\/www.ngdcare.nl\/fr\/wp-json\/wp\/v2\/product"}],"about":[{"href":"https:\/\/www.ngdcare.nl\/fr\/wp-json\/wp\/v2\/types\/product"}],"replies":[{"embeddable":true,"href":"https:\/\/www.ngdcare.nl\/fr\/wp-json\/wp\/v2\/comments?post=11786"}],"wp:featuredmedia":[{"embeddable":true,"href":"https:\/\/www.ngdcare.nl\/fr\/wp-json\/wp\/v2\/media\/11789"}],"wp:attachment":[{"href":"https:\/\/www.ngdcare.nl\/fr\/wp-json\/wp\/v2\/media?parent=11786"}],"wp:term":[{"taxonomy":"product_brand","embeddable":true,"href":"https:\/\/www.ngdcare.nl\/fr\/wp-json\/wp\/v2\/product_brand?post=11786"},{"taxonomy":"product_cat","embeddable":true,"href":"https:\/\/www.ngdcare.nl\/fr\/wp-json\/wp\/v2\/product_cat?post=11786"},{"taxonomy":"product_tag","embeddable":true,"href":"https:\/\/www.ngdcare.nl\/fr\/wp-json\/wp\/v2\/product_tag?post=11786"},{"taxonomy":"merken","embeddable":true,"href":"https:\/\/www.ngdcare.nl\/fr\/wp-json\/wp\/v2\/merken?post=11786"}],"curies":[{"name":"wp","href":"https:\/\/api.w.org\/{rel}","templated":true}]}}