{"id":12400,"date":"2026-01-22T21:30:45","date_gmt":"2026-01-22T20:30:45","guid":{"rendered":"https:\/\/www.ngdcare.nl\/product\/non%20class\u00e9\/protege-microbe-interne\/"},"modified":"2026-01-26T21:37:40","modified_gmt":"2026-01-26T20:37:40","slug":"protege-microbe-interne","status":"publish","type":"product","link":"https:\/\/www.ngdcare.nl\/fr\/product\/sante-veterinaire\/aromatherapie-fr\/protege-microbe-interne\/","title":{"rendered":"Prot\u00e8ge-microbe \u2013 Interne"},"content":{"rendered":"<p class=\"p1\">En cas de charge microbienne prolong\u00e9e ou accrue, un soutien suppl\u00e9mentaire peut \u00eatre n\u00e9cessaire. <strong>Microbe Guard \u2013 Internal<\/strong> a \u00e9t\u00e9 d\u00e9velopp\u00e9 comme <span class=\"s1\"><b>un m\u00e9lange compact et cibl\u00e9 d\u2019huiles<\/b><\/span> qui devient syst\u00e9mique par administration orale.<\/p>\n<p class=\"p1\">Les huiles essentielles s\u00e9lectionn\u00e9es contiennent des compos\u00e9s v\u00e9g\u00e9taux bioactifs connus pour leur influence sur les membranes bact\u00e9riennes, les biofilms et l\u2019environnement microbien. En raison de la composition limit\u00e9e (seulement trois huiles), la formule reste d\u00e9gag\u00e9e et plus tol\u00e9rable que les m\u00e9langes plus larges, tout en maintenant une action syst\u00e9mique. <\/p>\n<p class=\"p3\"><b>Les huiles dans cette formule :<\/b><b><\/b><\/p>\n<ul>\n<li class=\"p1\"><span class=\"s1\"><b>L\u2019origan<\/b><\/span> contient du carvacrol, connu pour sa capacit\u00e9 \u00e0 perturber les membranes bact\u00e9riennes et de levures, rendant les micro-organismes vuln\u00e9rables.<\/li>\n<li class=\"p1\"><span class=\"s1\"><b>Le thym<\/b><\/span> soutient l\u2019accessibilit\u00e9 intracellulaire d\u2019autres substances et agit en synergie avec l\u2019origan.<\/li>\n<li class=\"p1\"><span class=\"s1\"><b>Le citron<\/b><\/span> a un effet antimicrobien doux et soutient la fonction du foie et de la bile, contribuant \u00e0 une meilleure tol\u00e9rance et \u00e0 un meilleur traitement du m\u00e9lange.<\/li>\n<\/ul>\n<p class=\"p1\">Microbe Guard \u2013 Internal est destin\u00e9 \u00e0 <span class=\"s1\"><b>un d\u00e9ploiement temporaire jusqu\u2019\u00e0 1 semaine suivi d\u2019une semaine de repos<\/b><\/span>, toujours en plus d\u2019autres formes de soutien telles que <a href=\"https:\/\/www.ngdcare.nl\/pt-pt\/product\/digestao\/nac-berberine-para-limpar\/\">le NAC\/berb\u00e9rine<\/a>, <a href=\"https:\/\/www.ngdcare.nl\/pt-pt\/product\/farmacia-natural-para-animais-de-estimacao\/lipossomica\/liposomale-lactoferrina-lactoferrina-lipossomica\/\">la lactoferrine<\/a>, <a href=\"https:\/\/www.ngdcare.nl\/pt-pt\/product\/farmacia-natural-para-animais-de-estimacao\/lipossomica\/mistura-de-cogumelos-lipossomicos-1-complexo-imunitario-micossomico-lipossomico\/\">les champignons m\u00e9dicinaux<\/a> et des interventions ciblant le microbiome telles que le <a href=\"https:\/\/www.ngdcare.nl\/pt-pt\/product\/digestao\/protocolo-intestinal\/\">protocole digestif<\/a>. Le produit <strong>n\u2019est pas destin\u00e9 \u00e0 une utilisation quotidienne \u00e0 long<\/strong> terme.<\/p>\n<p><b>Que fait Microbe Guard \u2013 Formule orale ?<\/b><\/p>\n<ul>\n<li class=\"p1\">Soutient le corps en cas de d\u00e9s\u00e9quilibre microbien<\/li>\n<li class=\"p1\">Contribue \u00e0 la perturbation des membranes bact\u00e9riennes et levureuses<\/li>\n<li class=\"p1\">Soutient l\u2019environnement microbien de mani\u00e8re syst\u00e9mique<\/li>\n<li class=\"p1\">Peut servir de soutien temporaire suppl\u00e9mentaire<\/li>\n<li class=\"p1\">Fonctionne en synergie avec le NAC\/berb\u00e9rine, la lactoferrine et les champignons<\/li>\n<\/ul>\n","protected":false},"excerpt":{"rendered":"<p class=\"p1\"><strong>Microbe Guard \u2013 Internal<\/strong> est un m\u00e9lange d\u2019huiles essentielles soigneusement formul\u00e9 pour l\u2019ingestion orale qui <span class=\"s1\">apporte <b>un soutien syst\u00e9mique <\/b>aux d\u00e9s\u00e9quilibres microbiens<\/span>. La combinaison origan, thym et citron a \u00e9t\u00e9 d\u00e9velopp\u00e9e pour <span class=\"s1\">une <strong>utilisation cibl\u00e9e et \u00e0 court terme<\/strong><\/span> en compl\u00e9ment des compl\u00e9ments et protocoles existants. <\/p>\n","protected":false},"featured_media":12402,"comment_status":"open","ping_status":"closed","template":"","meta":{"wds_primary_product_brand":0,"wds_primary_product_cat":0,"wds_primary_merken":0},"product_brand":[],"product_cat":[667,6377],"product_tag":[6383,6379,6381,1716,6385,6387],"merken":[],"class_list":{"0":"post-12400","1":"product","2":"type-product","3":"status-publish","4":"has-post-thumbnail","6":"product_cat-aromatherapie-fr","7":"product_cat-huiles-essentielles","8":"product_tag-huile-dorigan","9":"product_tag-huile-essentielle","10":"product_tag-prise-en-charge-des-microbes","11":"product_tag-soins-ngd","12":"product_tag-soutien-systemique","13":"product_tag-therapie-integrative","14":"infinite-scroll-item","15":"sales-flash-overlay","16":"woocommerce-text-align-center","17":"woocommerce-image-align-center","18":"do-quantity-buttons","20":"first","21":"instock","22":"taxable","23":"shipping-taxable","24":"purchasable","25":"product-type-simple"},"_links":{"self":[{"href":"https:\/\/www.ngdcare.nl\/fr\/wp-json\/wp\/v2\/product\/12400","targetHints":{"allow":["GET"]}}],"collection":[{"href":"https:\/\/www.ngdcare.nl\/fr\/wp-json\/wp\/v2\/product"}],"about":[{"href":"https:\/\/www.ngdcare.nl\/fr\/wp-json\/wp\/v2\/types\/product"}],"replies":[{"embeddable":true,"href":"https:\/\/www.ngdcare.nl\/fr\/wp-json\/wp\/v2\/comments?post=12400"}],"wp:featuredmedia":[{"embeddable":true,"href":"https:\/\/www.ngdcare.nl\/fr\/wp-json\/wp\/v2\/media\/12402"}],"wp:attachment":[{"href":"https:\/\/www.ngdcare.nl\/fr\/wp-json\/wp\/v2\/media?parent=12400"}],"wp:term":[{"taxonomy":"product_brand","embeddable":true,"href":"https:\/\/www.ngdcare.nl\/fr\/wp-json\/wp\/v2\/product_brand?post=12400"},{"taxonomy":"product_cat","embeddable":true,"href":"https:\/\/www.ngdcare.nl\/fr\/wp-json\/wp\/v2\/product_cat?post=12400"},{"taxonomy":"product_tag","embeddable":true,"href":"https:\/\/www.ngdcare.nl\/fr\/wp-json\/wp\/v2\/product_tag?post=12400"},{"taxonomy":"merken","embeddable":true,"href":"https:\/\/www.ngdcare.nl\/fr\/wp-json\/wp\/v2\/merken?post=12400"}],"curies":[{"name":"wp","href":"https:\/\/api.w.org\/{rel}","templated":true}]}}