{"id":12468,"date":"2026-01-22T22:01:40","date_gmt":"2026-01-22T21:01:40","guid":{"rendered":"https:\/\/www.ngdcare.nl\/product\/non%20class\u00e9\/garde-parasite-intense\/"},"modified":"2026-04-09T14:13:09","modified_gmt":"2026-04-09T12:13:09","slug":"garde-parasite-intense","status":"publish","type":"product","link":"https:\/\/www.ngdcare.nl\/fr\/product\/aromatherapie-fr\/garde-parasite-intense\/","title":{"rendered":"Protection contre les parasites \u2013 Intense"},"content":{"rendered":"<p data-start=\"1169\" data-end=\"1488\"><strong data-start=\"1169\" data-end=\"1196\">Intense Parasite Guard<\/strong> a \u00e9t\u00e9 d\u00e9velopp\u00e9 pour les chiens ayant besoin d\u2019un soutien suppl\u00e9mentaire en cas de stress parasitaire sur le tractus gastro-intestinal. La formule contient un m\u00e9lange \u00e9quilibr\u00e9 d\u2019huile de graines de citrouille, d\u2019extrait de quassia, d\u2019extrait de feuille d\u2019olivier et d\u2019huiles essentielles <strong data-start=\"1364\" data-end=\"1444\">d\u2019origan, thym, feuille de cannelle, romarin, menthe poivr\u00e9e, lavande et camomille romaine<\/strong>, dissous dans de l\u2019huile MCT pour une absorption optimale. <\/p>\n<p data-start=\"1490\" data-end=\"1797\">Ces huiles sont connues pour leurs vastes propri\u00e9t\u00e9s antimicrobiennes et antiparasitaires et sont traditionnellement utilis\u00e9es pour soutenir l\u2019environnement intestinal en cas de pression de vers et de charge de protozoaires. Gr\u00e2ce \u00e0 ce dosage soigneux, la formule reste efficace et s\u00fbre pour les chiens, si elle est correctement appliqu\u00e9e. <\/p>\n<ul>\n<li data-start=\"461\" data-end=\"583\"><strong data-start=\"461\" data-end=\"479\">L\u2019origan et le thym<\/strong> contribuent \u00e0 un environnement intestinal moins favorable aux micro-organismes et parasites ind\u00e9sirables.<\/li>\n<li data-start=\"586\" data-end=\"673\"><strong data-start=\"586\" data-end=\"600\">La feuille de cannelle<\/strong> soutient l\u2019\u00e9quilibre microbien et contribue \u00e0 perturber la formation des biofilms.<\/li>\n<li data-start=\"676\" data-end=\"778\"><strong data-start=\"676\" data-end=\"690\">Le romarin<\/strong> soutient la digestion et la fonction biliaire, essentielles \u00e0 la bonne fonction intestinale.<\/li>\n<li data-start=\"781\" data-end=\"859\"><strong data-start=\"781\" data-end=\"794\">La menthe poivr\u00e9e<\/strong> contribue \u00e0 des selles normales et r\u00e9duit l\u2019inconfort.<\/li>\n<li data-start=\"862\" data-end=\"961\">La <strong data-start=\"862\" data-end=\"892\">lavande et la camomille romaine<\/strong> apportent un ramollissement et une meilleure tol\u00e9rance de la formule.<\/li>\n<\/ul>\n<p data-start=\"1799\" data-end=\"2053\">Intense Parasite Guard est con\u00e7u comme un <strong data-start=\"1838\" data-end=\"1862\">agent de soutien<\/strong>, et non comme un substitut d\u2019un traitement v\u00e9t\u00e9rinaire classique, et s\u2019inscrit parfaitement dans un <a href=\"https:\/\/www.ngdcare.nl\/fr\/product\/digestion\/protocole-intestinal\/\"><strong data-start=\"1959\" data-end=\"1987\">protocole int\u00e9gratif de l\u2019intestin<\/strong><\/a>, le <a href=\"https:\/\/www.ngdcare.nl\/fr\/product\/protocole\/protocole-giardia\/\">protocole de giardia<\/a> ou, par exemple, en combinaison avec <strong data-start=\"2020\" data-end=\"2052\"><a href=\"https:\/\/www.ngdcare.nl\/fr\/product\/supplements-orthomoleculaires\/para-propre\/\">Para Clean<\/a>.<\/strong><\/p>\n<p class=\"p3\"><b>Pas adapt\u00e9 aux chats.<\/b><\/p>\n","protected":false},"excerpt":{"rendered":"<p><strong>NGD Care Intense Parasite Guard<\/strong> est une formule puissante et naturelle d\u2019huile destin\u00e9e \u00e0 soutenir l\u2019\u00e9quilibre intestinal chez les chiens souffrant de pression parasitaire, tels que les vers et les protozoaires (y compris Giardia). Le m\u00e9lange soigneusement compos\u00e9 d\u2019huiles essentielles en dosage s\u00fbr pour chiens fonctionne en synergie avec NGD Care <a href=\"https:\/\/www.ngdcare.nl\/fr\/product\/supplements-orthomoleculaires\/para-propre\/\">Para Clean<\/a> ou <a href=\"https:\/\/www.ngdcare.nl\/fr\/product\/protocole\/protocole-giardia\/\">le protocole giardia<\/a>. <\/p>\n","protected":false},"featured_media":12469,"comment_status":"open","ping_status":"closed","template":"","meta":{"wds_primary_product_brand":0,"wds_primary_product_cat":0,"wds_primary_merken":0},"product_brand":[],"product_cat":[667],"product_tag":[6549,6553,6551,6557,6555,6559,5657,1022],"merken":[],"class_list":{"0":"post-12468","1":"product","2":"type-product","3":"status-publish","4":"has-post-thumbnail","6":"product_cat-aromatherapie-fr","7":"product_tag-chien-de-garde-parasite","8":"product_tag-chien-de-giardia","9":"product_tag-chien-des-vers","10":"product_tag-chien-protocolaire-intestinal","11":"product_tag-chien-vermifuge-naturel","12":"product_tag-huile-essentielle-pour-chien","13":"product_tag-para-clean","14":"product_tag-parasites","15":"infinite-scroll-item","16":"sales-flash-overlay","17":"woocommerce-text-align-center","18":"woocommerce-image-align-center","19":"do-quantity-buttons","21":"first","22":"instock","23":"taxable","24":"shipping-taxable","25":"purchasable","26":"product-type-simple"},"_links":{"self":[{"href":"https:\/\/www.ngdcare.nl\/fr\/wp-json\/wp\/v2\/product\/12468","targetHints":{"allow":["GET"]}}],"collection":[{"href":"https:\/\/www.ngdcare.nl\/fr\/wp-json\/wp\/v2\/product"}],"about":[{"href":"https:\/\/www.ngdcare.nl\/fr\/wp-json\/wp\/v2\/types\/product"}],"replies":[{"embeddable":true,"href":"https:\/\/www.ngdcare.nl\/fr\/wp-json\/wp\/v2\/comments?post=12468"}],"wp:featuredmedia":[{"embeddable":true,"href":"https:\/\/www.ngdcare.nl\/fr\/wp-json\/wp\/v2\/media\/12469"}],"wp:attachment":[{"href":"https:\/\/www.ngdcare.nl\/fr\/wp-json\/wp\/v2\/media?parent=12468"}],"wp:term":[{"taxonomy":"product_brand","embeddable":true,"href":"https:\/\/www.ngdcare.nl\/fr\/wp-json\/wp\/v2\/product_brand?post=12468"},{"taxonomy":"product_cat","embeddable":true,"href":"https:\/\/www.ngdcare.nl\/fr\/wp-json\/wp\/v2\/product_cat?post=12468"},{"taxonomy":"product_tag","embeddable":true,"href":"https:\/\/www.ngdcare.nl\/fr\/wp-json\/wp\/v2\/product_tag?post=12468"},{"taxonomy":"merken","embeddable":true,"href":"https:\/\/www.ngdcare.nl\/fr\/wp-json\/wp\/v2\/merken?post=12468"}],"curies":[{"name":"wp","href":"https:\/\/api.w.org\/{rel}","templated":true}]}}