{"id":12540,"date":"2026-01-22T23:14:23","date_gmt":"2026-01-22T22:14:23","guid":{"rendered":"https:\/\/www.ngdcare.nl\/product\/non%20class\u00e9\/equilibre-hormonal-hommes\/"},"modified":"2026-04-12T21:35:54","modified_gmt":"2026-04-12T19:35:54","slug":"equilibre-hormonal-hommes","status":"publish","type":"product","link":"https:\/\/www.ngdcare.nl\/fr\/product\/aromatherapie-fr\/equilibre-hormonal-hommes\/","title":{"rendered":"\u00c9quilibre hormonal \u2013 Hommes"},"content":{"rendered":"<p class=\"p1\">Les fluctuations hormonales peuvent entra\u00eener de l\u2019agitation, de la fixation, un comportement dominant, des marquages excessifs ou des difficult\u00e9s \u00e0 changer de mouvement chez les chiens m\u00e2les. Ce comportement est rarement \u00ab \u00e9ducatif \u00bb, mais r\u00e9sulte souvent d\u2019un <span class=\"s1\"><b>syst\u00e8me hormonal et de stress hyperactif<\/b><\/span>. <\/p>\n<p class=\"p1\"><span class=\"s1\"><b>Hormonal Balance \u2013 Male<\/b><\/span> est un rouleau aromath\u00e9rapie soigneusement formul\u00e9 qui soutient le corps pendant ces phases hormonales. Ce m\u00e9lange a un effet approfondi sur le <span class=\"s1\"><b>syst\u00e8me nerveux et la r\u00e9ponse au stress hormonal<\/b><\/span>, et aide les chiens m\u00e2les \u00e0 retrouver la paix, la concentration et la limitation. <\/p>\n<p class=\"p1\">La composition est d\u00e9lib\u00e9r\u00e9ment <span class=\"s1\"><b>non activante<\/b><\/span> et exempte d\u2019huiles d\u2019agrumes stimulantes. Cela rend le rouleau adapt\u00e9 \u00e0 un usage quotidien en cas de troubles hormonaux, sans att\u00e9nuer ni changer l\u2019animal. <\/p>\n<ul>\n<li class=\"p1\"><b>C\u00e8dre <\/b><span class=\"s1\"> \u2013 Limite, stabilit\u00e9<\/span><\/li>\n<li class=\"p1\"><span class=\"s1\"><b>Vetiver <\/b><\/span> \u2013 activation parasympathique profonde<\/li>\n<li class=\"p1\"><span class=\"s1\"><b>Majoraine <\/b><\/span> \u2013 relaxation, suractivation par inhibition<\/li>\n<li class=\"p1\"><b>Lavande <\/b><span class=\"s1\"> \u2013 repos, relaxation<\/span><\/li>\n<li class=\"p1\"><b>Encens <\/b><span class=\"s1\">\u2013 r\u00e9gulation neuro-hormonale<\/span><\/li>\n<\/ul>\n<h4><b>Supports dans<\/b><\/h4>\n<ul>\n<li class=\"p1\">Hypersexualit\u00e9<\/li>\n<li class=\"p1\">Comportement dominant ou impulsif<\/li>\n<li class=\"p1\">Tourmente hormonale<\/li>\n<li class=\"p1\">Mauvais changement de vitesse<\/li>\n<li class=\"p1\">Troubles face \u00e0 la pr\u00e9sence de garces en chaleur<\/li>\n<\/ul>\n","protected":false},"excerpt":{"rendered":"<p class=\"p1\">Soutient les chiens m\u00e2les souffrant de troubles hormonaux, de comportements hypersexuels et de r\u00e9actions dominantes ou de changement de situation. <span class=\"s1\"><b>\u00c9quilibre hormonal \u2013 Le m\u00e2le<\/b><\/span> aide \u00e0 calmer le syst\u00e8me nerveux chez les chiens m\u00e2les et soutient un confinement naturel, sans engourdir ni supprimer.<\/p>\n","protected":false},"featured_media":12541,"comment_status":"open","ping_status":"closed","template":"","meta":{"wds_primary_product_brand":0,"wds_primary_product_cat":0,"wds_primary_merken":0},"product_brand":[],"product_cat":[667],"product_tag":[6705,6703,6704,6702,6706,7844],"merken":[],"class_list":{"0":"post-12540","1":"product","2":"type-product","3":"status-publish","4":"has-post-thumbnail","6":"product_cat-aromatherapie-fr","7":"product_tag-chien-daromatherapie","8":"product_tag-chien-dominant","9":"product_tag-chien-hypersexualite","10":"product_tag-equilibre-hormonal-masculin","11":"product_tag-soutien-comportemental","12":"product_tag-stress-et-comportement","13":"infinite-scroll-item","14":"sales-flash-overlay","15":"woocommerce-text-align-center","16":"woocommerce-image-align-center","17":"do-quantity-buttons","19":"first","20":"instock","21":"taxable","22":"shipping-taxable","23":"purchasable","24":"product-type-simple"},"_links":{"self":[{"href":"https:\/\/www.ngdcare.nl\/fr\/wp-json\/wp\/v2\/product\/12540","targetHints":{"allow":["GET"]}}],"collection":[{"href":"https:\/\/www.ngdcare.nl\/fr\/wp-json\/wp\/v2\/product"}],"about":[{"href":"https:\/\/www.ngdcare.nl\/fr\/wp-json\/wp\/v2\/types\/product"}],"replies":[{"embeddable":true,"href":"https:\/\/www.ngdcare.nl\/fr\/wp-json\/wp\/v2\/comments?post=12540"}],"wp:featuredmedia":[{"embeddable":true,"href":"https:\/\/www.ngdcare.nl\/fr\/wp-json\/wp\/v2\/media\/12541"}],"wp:attachment":[{"href":"https:\/\/www.ngdcare.nl\/fr\/wp-json\/wp\/v2\/media?parent=12540"}],"wp:term":[{"taxonomy":"product_brand","embeddable":true,"href":"https:\/\/www.ngdcare.nl\/fr\/wp-json\/wp\/v2\/product_brand?post=12540"},{"taxonomy":"product_cat","embeddable":true,"href":"https:\/\/www.ngdcare.nl\/fr\/wp-json\/wp\/v2\/product_cat?post=12540"},{"taxonomy":"product_tag","embeddable":true,"href":"https:\/\/www.ngdcare.nl\/fr\/wp-json\/wp\/v2\/product_tag?post=12540"},{"taxonomy":"merken","embeddable":true,"href":"https:\/\/www.ngdcare.nl\/fr\/wp-json\/wp\/v2\/merken?post=12540"}],"curies":[{"name":"wp","href":"https:\/\/api.w.org\/{rel}","templated":true}]}}