{"id":12551,"date":"2026-01-22T23:26:52","date_gmt":"2026-01-22T22:26:52","guid":{"rendered":"https:\/\/www.ngdcare.nl\/product\/non%20class\u00e9\/equilibre-hormonal-femme\/"},"modified":"2026-04-12T21:34:55","modified_gmt":"2026-04-12T19:34:55","slug":"equilibre-hormonal-femme","status":"publish","type":"product","link":"https:\/\/www.ngdcare.nl\/fr\/product\/aromatherapie-fr\/equilibre-hormonal-femme\/","title":{"rendered":"\u00c9quilibre hormonal \u2013 Femme"},"content":{"rendered":"<p>La chaleur et la fausse grossesse sont des processus naturels, mais peuvent s\u2019accompagner de changements \u00e9vidents de comportement et de bien-\u00eatre chez certaines chiennes. Pensez \u00e0 l\u2019ins\u00e9curit\u00e9, \u00e0 la peur, au comportement de retrait, \u00e0 la l\u00e9thargie ou \u00e0 la capacit\u00e9 \u00e9motionnelle. <\/p>\n<p class=\"p1\"><span class=\"s1\"><b>\u00c9quilibre hormonal \u2013 La femme <\/b><\/span>a \u00e9t\u00e9 d\u00e9velopp\u00e9e pour soutenir le corps pendant ces phases hormonales de mani\u00e8re <span class=\"s1\"><b>douce et r\u00e9gulatrice<\/b><\/span> . Le m\u00e9lange d\u2019aromath\u00e9rapie cible le <span class=\"s1\"><b>syst\u00e8me de stress hormonal et la stabilit\u00e9 \u00e9motionnelle<\/b><\/span>, sans engourdir ni interf\u00e9rer avec les processus naturels. <\/p>\n<p class=\"p1\">Ce rouleau convient \u00e0 une utilisation temporaire autour des pics hormonaux et peut aussi \u00eatre utilis\u00e9 pour des chiennes sensibles ou \u00e9motionnellement r\u00e9actives.<\/p>\n<h4><b>Composition<\/b><\/h4>\n<ul>\n<li><strong><span class=\"s1\">Clary Sage<\/span><\/strong> \u2013 \u00e9quilibre hormonal, r\u00e9gulation<\/li>\n<li class=\"p1\"><strong><span class=\"s1\">G\u00e9ranium<\/span><\/strong> \u2013 stabilit\u00e9 endocrinienne et \u00e9motionnelle<\/li>\n<li class=\"p1\"><strong>Lavande<\/strong> <span class=\"s1\">\u2013 paix, s\u00e9curit\u00e9<\/span><\/li>\n<li class=\"p1\"><strong><span class=\"s1\">Camomille romaine <\/span><\/strong>\u2013 soutien apaisant et \u00e9motionnel<\/li>\n<li class=\"p1\"><strong>Encens<\/strong> <span class=\"s1\"><span class=\"s1\">\u2013 int\u00e9gration et r\u00e9gulation<\/span><\/span><\/li>\n<\/ul>\n<h4><b>Supports dans<\/b><\/h4>\n<ul>\n<li class=\"p1\">Chaleur<\/li>\n<li class=\"p1\">Fausse grossesse<\/li>\n<li class=\"p1\">Fluctuations hormonales<\/li>\n<li class=\"p1\">Incertitude \u00e9motionnelle<\/li>\n<li class=\"p1\">L\u00e9thargie ou comportement de sevrage<\/li>\n<\/ul>\n<p>&nbsp;<\/p>\n","protected":false},"excerpt":{"rendered":"<p class=\"p1\">Aromath\u00e9rapie douce pour soutenir les chiennes avec des fluctuations hormonales li\u00e9es \u00e0 la chaleur et \u00e0 la fausse grossesse. <span class=\"s1\"><b>\u00c9quilibre hormonal \u2013 La femme <\/b><\/span>aide \u00e0 \u00e9quilibrer l\u2019instabilit\u00e9 \u00e9motionnelle, l\u2019anxi\u00e9t\u00e9 et la l\u00e9thargie.<\/p>\n","protected":false},"featured_media":12553,"comment_status":"open","ping_status":"closed","template":"","meta":{"wds_primary_product_brand":0,"wds_primary_product_cat":0,"wds_primary_merken":0},"product_brand":[],"product_cat":[667],"product_tag":[6736,6729,6727,6731,6733,7844],"merken":[],"class_list":{"0":"post-12551","1":"product","2":"type-product","3":"status-publish","4":"has-post-thumbnail","6":"product_cat-aromatherapie-fr","7":"product_tag-chien-de-soutien-emotionnel","8":"product_tag-chien-en-chaleur","9":"product_tag-equilibre-hormonal-garce","10":"product_tag-fausse-chien-enceinte","11":"product_tag-salope-daromatherapie","12":"product_tag-stress-et-comportement","13":"infinite-scroll-item","14":"sales-flash-overlay","15":"woocommerce-text-align-center","16":"woocommerce-image-align-center","17":"do-quantity-buttons","19":"first","20":"instock","21":"taxable","22":"shipping-taxable","23":"purchasable","24":"product-type-simple"},"_links":{"self":[{"href":"https:\/\/www.ngdcare.nl\/fr\/wp-json\/wp\/v2\/product\/12551","targetHints":{"allow":["GET"]}}],"collection":[{"href":"https:\/\/www.ngdcare.nl\/fr\/wp-json\/wp\/v2\/product"}],"about":[{"href":"https:\/\/www.ngdcare.nl\/fr\/wp-json\/wp\/v2\/types\/product"}],"replies":[{"embeddable":true,"href":"https:\/\/www.ngdcare.nl\/fr\/wp-json\/wp\/v2\/comments?post=12551"}],"wp:featuredmedia":[{"embeddable":true,"href":"https:\/\/www.ngdcare.nl\/fr\/wp-json\/wp\/v2\/media\/12553"}],"wp:attachment":[{"href":"https:\/\/www.ngdcare.nl\/fr\/wp-json\/wp\/v2\/media?parent=12551"}],"wp:term":[{"taxonomy":"product_brand","embeddable":true,"href":"https:\/\/www.ngdcare.nl\/fr\/wp-json\/wp\/v2\/product_brand?post=12551"},{"taxonomy":"product_cat","embeddable":true,"href":"https:\/\/www.ngdcare.nl\/fr\/wp-json\/wp\/v2\/product_cat?post=12551"},{"taxonomy":"product_tag","embeddable":true,"href":"https:\/\/www.ngdcare.nl\/fr\/wp-json\/wp\/v2\/product_tag?post=12551"},{"taxonomy":"merken","embeddable":true,"href":"https:\/\/www.ngdcare.nl\/fr\/wp-json\/wp\/v2\/merken?post=12551"}],"curies":[{"name":"wp","href":"https:\/\/api.w.org\/{rel}","templated":true}]}}