{"id":12661,"date":"2026-01-23T09:03:13","date_gmt":"2026-01-23T08:03:13","guid":{"rendered":"https:\/\/www.ngdcare.nl\/product\/non%20class\u00e9\/protection-anti-puces-et-tiques-douce\/"},"modified":"2026-01-26T21:11:33","modified_gmt":"2026-01-26T20:11:33","slug":"protection-anti-puces-et-tiques-douce","status":"publish","type":"product","link":"https:\/\/www.ngdcare.nl\/fr\/product\/sante-veterinaire\/aromatherapie-fr\/protection-anti-puces-et-tiques-douce\/","title":{"rendered":"Protection anti-puces et tiques \u2013 Douce"},"content":{"rendered":"<p class=\"p1\"><span class=\"s1\"><b>Gentle Flea and Tick Guard <\/b><\/span>de NGD Care est un <span class=\"s1\"><b>spray naturel anti-insectes tr\u00e8s doux et s\u00fbr pour les chats<\/b><\/span>, sp\u00e9cialement con\u00e7u pour les chats, chiots et autres animaux sensibles aux parfums ou aux formulations intensives. La formule utilise <span class=\"s1\"><b>de l\u2019hydrolate de lavande<\/b><\/span>, <span class=\"s1\"><b>de tr\u00e8s faibles doses de bois de c\u00e8dre et de g\u00e9ranium<\/b><\/span>, combin\u00e9 \u00e0 <span class=\"s1\"><b>de l\u2019extrait de quassia<\/b><\/span> et une micro-quantit\u00e9 de <span class=\"s1\"><b>neem<\/b><\/span>, rendant le produit efficace contre les puces et les insectes environnementaux sans le fardeau typique que comportent de nombreuses huiles essentielles pour chats. <\/p>\n<p class=\"p1\">Les chats ont une d\u00e9toxification h\u00e9patique unique (glucuronidation), ce qui rend de nombreuses huiles essentielles inadapt\u00e9es \u00e0 des concentrations normales. Gentle Bug Guard\u2122 est donc soigneusement formul\u00e9 avec <span class=\"s1\"><b>des microdoses et hydrosols s\u00fbrs pour les chats<\/b><\/span> qui contribuent \u00e0 la d\u00e9fense naturelle des insectes sans surcharger le foie ni le syst\u00e8me nerveux. <\/p>\n<p class=\"p1\">Le spray soutient les chats lors de p\u00e9riodes d\u2019activit\u00e9 accrue des puces, dans des situations domestiques avec d\u2019autres animaux, ou chez les chats \u00e0 peau sensible qui ne tol\u00e8rent pas bien les produits chimiques. En raison des profils odorants forts du c\u00e8dre, du g\u00e9ranium et du quassia, le <span class=\"s1\"><b>comportement d\u2019orientation des puces et des insectes piqueurs est perturb\u00e9<\/b><\/span>, rendant les chats moins attrayants pour les parasites. <\/p>\n<p class=\"p1\"><a href=\"https:\/\/www.ngdcare.nl\/ga\/product\/cumhartheiripe\/flea-dian-agus-garda-tic\/\"><span class=\"s1\"><b>Intense Flea and Tick Guard <\/b><\/span><\/a>contient des extraits botaniques plus puissants (dont le clou de girofle, le PMD, la palmarosa, le c\u00e8dre), qui ont \u00e9t\u00e9 sp\u00e9cifiquement d\u00e9velopp\u00e9s pour \u00eatre utilis\u00e9s chez <strong>les chiens<\/strong> et dans l\u2019environnement, mais <span class=\"s1\"><b>pas directement sur les chats<\/b><\/span>.<span class=\"s1\"><b><\/b><\/span> Donc, n\u2019utilisez le spray intense que <span class=\"s1\"><b>dans l\u2019environnement<\/b><\/span>, et continuez \u00e0 appliquer un spray doux sur le chat.<\/p>\n","protected":false},"excerpt":{"rendered":"<p class=\"p1\"><strong>Gentle Flea and Tick Guard<\/strong> est un spray r\u00e9pulsif doux, s\u00fbr et naturel pour chats et jeunes animaux sensibles. Cette formule contient de l\u2019hydrosol de lavande, du c\u00e8dre, du g\u00e9ranium en microdose, du neem et du quassia pour soutenir doucement les chats contre les puces et les insectes environnementaux. Con\u00e7u pour les chats sensibles et un usage quotidien.  <\/p>\n","protected":false},"featured_media":12665,"comment_status":"open","ping_status":"closed","template":"","meta":{"wds_primary_product_brand":0,"wds_primary_product_cat":0,"wds_primary_merken":0},"product_brand":[],"product_cat":[667],"product_tag":[6837,6828,6832,6833,6835,6823,1022,6821,6830,6827,6825],"merken":[],"class_list":{"0":"post-12661","1":"product","2":"type-product","3":"status-publish","4":"has-post-thumbnail","6":"product_cat-aromatherapie-fr","7":"product_tag-chat-anti-puces-et-spray-anti-tiques","8":"product_tag-chat-des-puces","9":"product_tag-chat-pulverisateur-de-cedre","10":"product_tag-chat-quassia","11":"product_tag-defenses-naturelles","12":"product_tag-garde-contre-les-insectes","13":"product_tag-parasites","14":"product_tag-repulsif-a-insectes","15":"product_tag-soins-naturels-pour-chats","16":"product_tag-spray-dinsectes-pour-chat","17":"product_tag-spray-pour-chats","18":"infinite-scroll-item","19":"sales-flash-overlay","20":"woocommerce-text-align-center","21":"woocommerce-image-align-center","22":"do-quantity-buttons","24":"first","25":"instock","26":"taxable","27":"shipping-taxable","28":"purchasable","29":"product-type-simple"},"_links":{"self":[{"href":"https:\/\/www.ngdcare.nl\/fr\/wp-json\/wp\/v2\/product\/12661","targetHints":{"allow":["GET"]}}],"collection":[{"href":"https:\/\/www.ngdcare.nl\/fr\/wp-json\/wp\/v2\/product"}],"about":[{"href":"https:\/\/www.ngdcare.nl\/fr\/wp-json\/wp\/v2\/types\/product"}],"replies":[{"embeddable":true,"href":"https:\/\/www.ngdcare.nl\/fr\/wp-json\/wp\/v2\/comments?post=12661"}],"wp:featuredmedia":[{"embeddable":true,"href":"https:\/\/www.ngdcare.nl\/fr\/wp-json\/wp\/v2\/media\/12665"}],"wp:attachment":[{"href":"https:\/\/www.ngdcare.nl\/fr\/wp-json\/wp\/v2\/media?parent=12661"}],"wp:term":[{"taxonomy":"product_brand","embeddable":true,"href":"https:\/\/www.ngdcare.nl\/fr\/wp-json\/wp\/v2\/product_brand?post=12661"},{"taxonomy":"product_cat","embeddable":true,"href":"https:\/\/www.ngdcare.nl\/fr\/wp-json\/wp\/v2\/product_cat?post=12661"},{"taxonomy":"product_tag","embeddable":true,"href":"https:\/\/www.ngdcare.nl\/fr\/wp-json\/wp\/v2\/product_tag?post=12661"},{"taxonomy":"merken","embeddable":true,"href":"https:\/\/www.ngdcare.nl\/fr\/wp-json\/wp\/v2\/merken?post=12661"}],"curies":[{"name":"wp","href":"https:\/\/api.w.org\/{rel}","templated":true}]}}