{"id":12679,"date":"2026-01-23T09:13:52","date_gmt":"2026-01-23T08:13:52","guid":{"rendered":"https:\/\/www.ngdcare.nl\/product\/non%20class\u00e9\/soutien-a-la-demangeaison\/"},"modified":"2026-04-09T14:02:35","modified_gmt":"2026-04-09T12:02:35","slug":"soutien-a-la-demangeaison","status":"publish","type":"product","link":"https:\/\/www.ngdcare.nl\/fr\/product\/sante-veterinaire\/aromatherapie-fr\/soutien-a-la-demangeaison\/","title":{"rendered":"Soutien \u00e0 la d\u00e9mangeaison"},"content":{"rendered":"<p data-start=\"966\" data-end=\"1279\">NGD Care <strong>Itch Support<\/strong> est un spray soigneusement formul\u00e9 \u00e0 base d\u2019eau qui soutient naturellement la peau des chiens et des chats en cas de d\u00e9mangeaisons et d\u2019irritations. La formule combine <strong data-start=\"1153\" data-end=\"1201\">quatre huiles essentielles puissantes mais douces<\/strong> avec <strong data-start=\"1206\" data-end=\"1245\">de la farine d\u2019avoine collo\u00efdale (Avena sativa)<\/strong> et de <strong data-start=\"1249\" data-end=\"1278\">l\u2019alo\u00e8s vera concentr\u00e9<\/strong>. Tous des ingr\u00e9dients avec un effet de soutien \u00e9prouv\u00e9, sans additifs inutiles.  <\/p>\n<ul>\n<li data-start=\"2307\" data-end=\"2415\"><strong data-start=\"2307\" data-end=\"2344\">Lavande <\/strong> \u2013 favorise la relaxation de la peau et favorise la transmission des stimuli<\/li>\n<li data-start=\"2418\" data-end=\"2519\"><strong data-start=\"2418\" data-end=\"2453\">Copaiba <\/strong> \u2013 soutient la r\u00e9gulation naturelle des processus inflammatoires<\/li>\n<li data-start=\"2522\" data-end=\"2620\"><strong data-start=\"2522\" data-end=\"2555\">Tansy bleue <\/strong> \u2013 contient du chamazul\u00e8ne, connu pour ses propri\u00e9t\u00e9s apaisantes<\/li>\n<li data-start=\"2623\" data-end=\"2685\"><strong data-start=\"2623\" data-end=\"2647\">Helichrysum <\/strong> \u2013 soutient la r\u00e9paration et l\u2019\u00e9quilibre de la peau<\/li>\n<li data-start=\"2716\" data-end=\"2828\"><strong data-start=\"2716\" data-end=\"2755\">Farine d\u2019avoine <\/strong> \u2013 riche en avenanthramides, connue pour ses propri\u00e9t\u00e9s apaisantes pour la peau<\/li>\n<li data-start=\"2831\" data-end=\"2923\"><strong data-start=\"2831\" data-end=\"2858\">Aloe vera<\/strong> \u2013 soutien concentr\u00e9 pour l\u2019hydratation et le confort de la peau<\/li>\n<\/ul>\n<p data-start=\"1498\" data-end=\"1550\">Ce spray peut \u00eatre utilis\u00e9 pour soutenir les \u00e9l\u00e9ments suivants :<\/p>\n<ul>\n<li data-start=\"1553\" data-end=\"1595\">D\u00e9mangeaisons dues \u00e0 des allergies ou \u00e0 une hypersensibilit\u00e9<\/li>\n<li data-start=\"1598\" data-end=\"1629\">Rougeurs et peau irrit\u00e9e<\/li>\n<li data-start=\"1632\" data-end=\"1666\">Piq\u00fbres d\u2019insectes ou r\u00e9actions de contact<\/li>\n<li data-start=\"1669\" data-end=\"1700\">Plaintes cutan\u00e9es saisonni\u00e8res<\/li>\n<li data-start=\"1703\" data-end=\"1740\">Peau s\u00e8che, tendue ou sensible<\/li>\n<\/ul>\n<p data-start=\"1742\" data-end=\"1777\">Adapt\u00e9 aux <strong>personnes, aux chiens et aux chats<\/strong>. Le support Itch s\u2019int\u00e8gre parfaitement \u00e0 notre <a href=\"https:\/\/www.ngdcare.nl\/fr\/product\/protocole\/protocole-peau\/\">protocole cutan\u00e9<\/a> comme soulagement symptomatique. <\/p>\n","protected":false},"excerpt":{"rendered":"<p>Un spray doux mais efficace contre les d\u00e9mangeaisons pour chiens et chats, d\u00e9velopp\u00e9 \u00e0 partir d\u2019huiles essentielles et d\u2019extraits de plantes. Le spray Intense Itch Support soutient la r\u00e9cup\u00e9ration naturelle de la peau et aide \u00e0 apaiser les d\u00e9mangeaisons, les rougeurs et les irritations de la peau caus\u00e9es par les allergies, les piq\u00fbres d\u2019insectes ou la sensibilit\u00e9 de la peau. <\/p>\n","protected":false},"featured_media":12683,"comment_status":"open","ping_status":"closed","template":"","meta":{"wds_primary_product_brand":0,"wds_primary_product_cat":0,"wds_primary_merken":0},"product_brand":[],"product_cat":[667,6377],"product_tag":[6919,6918,6913,6915,6916,6912,6920,6917,7857,1716,6914],"merken":[],"class_list":{"0":"post-12679","1":"product","2":"type-product","3":"status-publish","4":"has-post-thumbnail","6":"product_cat-aromatherapie-fr","7":"product_cat-huiles-essentielles","8":"product_tag-aloe-vera","9":"product_tag-avena-sativa","10":"product_tag-chat-qui-gratte","11":"product_tag-chien-a-la-peau-sensible","12":"product_tag-chien-allergique","13":"product_tag-chien-qui-gratte","14":"product_tag-huiles-essentielles-animales","15":"product_tag-irritation-de-la-peau-chat","16":"product_tag-peau-et-allergies","17":"product_tag-soins-ngd","18":"product_tag-spray-naturel-contre-les-demangeaisons","19":"infinite-scroll-item","20":"sales-flash-overlay","21":"woocommerce-text-align-center","22":"woocommerce-image-align-center","23":"do-quantity-buttons","25":"first","26":"instock","27":"taxable","28":"shipping-taxable","29":"purchasable","30":"product-type-simple"},"_links":{"self":[{"href":"https:\/\/www.ngdcare.nl\/fr\/wp-json\/wp\/v2\/product\/12679","targetHints":{"allow":["GET"]}}],"collection":[{"href":"https:\/\/www.ngdcare.nl\/fr\/wp-json\/wp\/v2\/product"}],"about":[{"href":"https:\/\/www.ngdcare.nl\/fr\/wp-json\/wp\/v2\/types\/product"}],"replies":[{"embeddable":true,"href":"https:\/\/www.ngdcare.nl\/fr\/wp-json\/wp\/v2\/comments?post=12679"}],"wp:featuredmedia":[{"embeddable":true,"href":"https:\/\/www.ngdcare.nl\/fr\/wp-json\/wp\/v2\/media\/12683"}],"wp:attachment":[{"href":"https:\/\/www.ngdcare.nl\/fr\/wp-json\/wp\/v2\/media?parent=12679"}],"wp:term":[{"taxonomy":"product_brand","embeddable":true,"href":"https:\/\/www.ngdcare.nl\/fr\/wp-json\/wp\/v2\/product_brand?post=12679"},{"taxonomy":"product_cat","embeddable":true,"href":"https:\/\/www.ngdcare.nl\/fr\/wp-json\/wp\/v2\/product_cat?post=12679"},{"taxonomy":"product_tag","embeddable":true,"href":"https:\/\/www.ngdcare.nl\/fr\/wp-json\/wp\/v2\/product_tag?post=12679"},{"taxonomy":"merken","embeddable":true,"href":"https:\/\/www.ngdcare.nl\/fr\/wp-json\/wp\/v2\/merken?post=12679"}],"curies":[{"name":"wp","href":"https:\/\/api.w.org\/{rel}","templated":true}]}}