{"id":15013,"date":"2026-02-10T14:18:57","date_gmt":"2026-02-10T13:18:57","guid":{"rendered":"https:\/\/www.ngdcare.nl\/product\/non%20class\u00e9\/protocole-microbe-intracellulaire\/"},"modified":"2026-05-02T15:47:34","modified_gmt":"2026-05-02T13:47:34","slug":"protocole-microbe-intracellulaire","status":"publish","type":"product","link":"https:\/\/www.ngdcare.nl\/fr\/product\/sante-veterinaire\/protocole\/protocole-microbe-intracellulaire\/","title":{"rendered":"Protocole Microbe Intracellulaire"},"content":{"rendered":"<p data-start=\"379\" data-end=\"631\"><strong data-start=\"637\" data-end=\"672\">Le protocole des microbes intracellulaires<\/strong> a \u00e9t\u00e9 d\u00e9velopp\u00e9 pour les chiens et chats qui ne se r\u00e9cup\u00e8rent pas suffisamment apr\u00e8s une infection ou qui continuent de souffrir de plaintes chroniques, vari\u00e9es ou inexpliqu\u00e9es. Certains micro-organismes peuvent se cacher \u00e0 l\u2019int\u00e9rieur des cellules du corps, ce qui les rend difficiles \u00e0 atteindre par le syst\u00e8me immunitaire. Cela peut entra\u00eener des sympt\u00f4mes \u00e0 long terme ou r\u00e9currents, m\u00eame apr\u00e8s qu\u2019une infection ait apparemment \u00e9t\u00e9 trait\u00e9e. Le protocole se concentre non seulement sur le microbe, mais surtout sur le corps qui a \u00e9t\u00e9 soumis \u00e0 une pression prolong\u00e9e.   <\/p>\n<p data-start=\"985\" data-end=\"1264\">Les microbes intracellulaires sont des micro-organismes qui logent (temporairement ou \u00e0 long terme) dans les cellules du corps. Parmi les exemples figurent Borrelia, Ehrlichia, Anaplasma, Bartonella, Leishmania, Babesia, Toxoplasma et la charge r\u00e9siduelle post-infectieuse apr\u00e8s des infections virales. <\/p>\n<p data-start=\"1266\" data-end=\"1391\">Ce fardeau peut entra\u00eener une activation immunitaire chronique, une inflammation l\u00e9g\u00e8re et une perturbation de la gestion de l\u2019\u00e9nergie.<\/p>\n<h4 data-start=\"1398\" data-end=\"1431\">Pourquoi une approche progressive ?<\/h4>\n<p data-start=\"1432\" data-end=\"1617\">Avec une charge intracellulaire prolong\u00e9e, le corps est souvent continuellement \u00ab allum\u00e9 \u00bb. Sans d\u2019abord cr\u00e9er paix et stabilit\u00e9, un soutien suppl\u00e9mentaire peut entra\u00eener une dysr\u00e9gulation ou une rechute. <\/p>\n<p data-start=\"1619\" data-end=\"1789\">C\u2019est pourquoi le protocole NGD Care Intracellular Microbe Protocol fonctionne avec une <strong data-start=\"1689\" data-end=\"1733\">approche soigneusement con\u00e7ue et progressive <\/strong>qui accompagne le corps \u00e9tape par \u00e9tape dans la r\u00e9cup\u00e9ration. Au total, ce protocole dure 20 semaines. <\/p>\n<h4 data-start=\"1796\" data-end=\"1845\">Structure du protocole microbe intracellulaire<\/h4>\n<p><strong>Phase 1 \u2013 Stabilisation immunitaire et inflammatoire<\/strong> (4 semaines)<\/p>\n<ul>\n<li>\u00c0 cette \u00e9tape, le corps est calm\u00e9 et pr\u00e9par\u00e9 pour les prochaines \u00e9tapes.<\/li>\n<li>Soutien avec :\n<ul>\n<li><strong data-start=\"2017\" data-end=\"2033\">Lactoferrine<\/strong> \u2013 Soutient l\u2019\u00e9quilibre immunitaire et la fonction des macrophages, et aide \u00e0 r\u00e9guler les r\u00e9ponses inflammatoires excessives.<\/li>\n<li><strong data-start=\"2085\" data-end=\"2129\">Myco Complexe Immunitaire (M\u00e9lange de champignons 1)<\/strong> \u2013 agit de mani\u00e8re immunomodulatrice et aide \u00e0 \u00e9quilibrer le syst\u00e8me immunitaire sans surstimuler.<\/li>\n<li><strong data-start=\"2153\" data-end=\"2172\">Complexe PEA (PEA et Boswellie)<\/strong> \u2013 Soutient le syst\u00e8me nerveux et a un effet anti-inflammatoire sur la charge immunitaire chronique et la charge de stress.<\/li>\n<\/ul>\n<\/li>\n<\/ul>\n<p><span style=\"font-size: inherit;\"><strong>Phase 2 \u2013 Soutien contr\u00f4l\u00e9 de la charge microbienne<\/strong> (8 semaines)<\/span><\/p>\n<ul>\n<li data-start=\"2323\" data-end=\"2441\">Lorsque le corps est stable, il est soutenu de mani\u00e8re contr\u00f4l\u00e9e pour r\u00e9duire le stress intracellulaire.<\/li>\n<li>Soutien avec :\n<ul>\n<li data-start=\"2468\" data-end=\"2545\"><strong data-start=\"2468\" data-end=\"2487\">Para Reset (NAC &amp; Berb\u00e9rine)<\/strong> \u2013 Soutient la production de glutathion et aide \u00e0 perturber les structures protectrices autour des microbes.<\/li>\n<li data-start=\"2468\" data-end=\"2545\"><strong style=\"font-size: inherit;\" data-start=\"2548\" data-end=\"2584\">Huiles essentielles Microbe Guard<\/strong>\n<ul>\n<li data-start=\"2468\" data-end=\"2545\">Soutenir l\u2019\u00e9quilibre microbien du corps gr\u00e2ce \u00e0 deux m\u00e9canismes d\u2019action diff\u00e9rents :\n<ul>\n<li data-start=\"2591\" data-end=\"2627\">Oral : <span class=\"s1\">soutien syst\u00e9mique pour le d\u00e9s\u00e9quilibre microbien.<\/span><\/li>\n<li data-start=\"2591\" data-end=\"2627\">Diffuseur : pour le soutien cutan\u00e9 et respiratoire, sans solliciter le foie et le syst\u00e8me digestif.<\/li>\n<\/ul>\n<\/li>\n<\/ul>\n<\/li>\n<li><strong data-start=\"2768\" data-end=\"2821\">Lactoferrine <\/strong>\u2013 Continue de soutenir la r\u00e9gulation immunitaire et aide \u00e0 contr\u00f4ler les r\u00e9ponses inflammatoires.<\/li>\n<li><strong data-start=\"2768\" data-end=\"2821\">Soutien immunitaire myco \u2013 <\/strong>Continue de contribuer \u00e0 une r\u00e9ponse immunitaire \u00e9quilibr\u00e9e durant cette phase.<\/li>\n<li><strong data-start=\"2768\" data-end=\"2821\">Complexe PEA <\/strong>\u2013 Continue de soutenir l\u2019inhibition de l\u2019inflammation et la r\u00e9gulation du stress pour pr\u00e9venir les rechutes.<\/li>\n<li>Optionnel : <a href=\"https:\/\/www.natuurlijkgezondedieren.nl\/ozontherapie\/\"><strong>th\u00e9rapie \u00e0 l\u2019ozone<\/strong><\/a> ou (en consultation avec le v\u00e9t\u00e9rinaire) m\u00e9dication conventionnelle, toujours int\u00e9gr\u00e9e au protocole.<\/li>\n<\/ul>\n<\/li>\n<\/ul>\n<p><strong>Phase 3 \u2013 R\u00e9tablissement et r\u00e9silience<\/strong> (8 semaines)<\/p>\n<ul>\n<li data-start=\"3012\" data-end=\"3092\">La phase finale se concentre sur la restauration de l\u2019\u00e9nergie, de la r\u00e9silience et de la vitalit\u00e9.<\/li>\n<li data-start=\"3012\" data-end=\"3092\">Soutien avec :\n<ul>\n<li data-start=\"3119\" data-end=\"3159\"><strong data-start=\"3119\" data-end=\"3157\">Soutien de long\u00e9vit\u00e9 <\/strong>(NAD\u207a \/ Resv\u00e9ratrol \/ Ergothion\u00e9ine) \u2013 Soutient la fonction mitochondriale et la production d\u2019\u00e9nergie cellulaire sous une charge prolong\u00e9e.<\/li>\n<li data-start=\"3162\" data-end=\"3178\"><strong data-start=\"3162\" data-end=\"3176\">Glutathion <\/strong>\u2013 Antioxydant important pour le corps qui aide \u00e0 r\u00e9duire le stress oxydatif et \u00e0 nettoyer les r\u00e9sidus.<\/li>\n<li data-start=\"3181\" data-end=\"3197\"><strong data-start=\"3181\" data-end=\"3197\">Coenzyme Q10 <\/strong>\u2013 Soutient la production d\u2019\u00e9nergie dans les muscles et les organes et contribue \u00e0 la r\u00e9cup\u00e9ration de la vitalit\u00e9 et de la r\u00e9silience.<\/li>\n<\/ul>\n<\/li>\n<\/ul>\n<h4>Pour qui ce protocole est-il adapt\u00e9 ?<\/h4>\n<ul>\n<li>Animaux pr\u00e9sentant des plaintes chroniques ou vari\u00e9es<\/li>\n<li>Animaux qui ne se r\u00e9cup\u00e8rent pas suffisamment apr\u00e8s une infection<\/li>\n<li>Chiens import\u00e9s avec des sympt\u00f4mes inexpliqu\u00e9s<\/li>\n<li>Animaux diagnostiqu\u00e9s de bact\u00e9ries intracellulaires ou protozoaires<\/li>\n<li>Animaux diagnostiqu\u00e9s d\u2019infection virale chronique<\/li>\n<\/ul>\n<p><strong>Le paquet contient des compl\u00e9ments suffisants pour 20 semaines pour les chiens de 10 \u00e0 30 kg. Au total, vous obtenez 3 fois la lactoferrine, 3 fois le soutien immunitaire myco, 3 fois le complexe PEA, 2 fois le r\u00e9initialisation du para, 1 fois le protecteur du microbe \u00e0 l\u2019interne, un diffuseur de protection du microbe, le soutien de long\u00e9vit\u00e9 de 2 fois, 2 fois le glutathion, 2 fois le coenzyme Q10.   <\/strong><\/p>\n","protected":false},"excerpt":{"rendered":"<p data-start=\"540\" data-end=\"879\">Le <strong data-start=\"544\" data-end=\"588\">protocole NGD Care Intracellular Microbe<\/strong> Protocol est un protocole int\u00e9gratif de r\u00e9cup\u00e9ration pour les chiens et chats atteints d\u2019infections microbiennes intracellulaires chroniques. Le protocole soutient le syst\u00e8me immunitaire, r\u00e9duit l\u2019inflammation de faible grade et aide le corps \u00e0 se r\u00e9tablir au niveau cellulaire et mitochondrial. <\/p>\n","protected":false},"featured_media":19115,"comment_status":"open","ping_status":"closed","template":"","meta":{"wds_primary_product_brand":0,"wds_primary_product_cat":0,"wds_primary_merken":0},"product_brand":[],"product_cat":[543],"product_tag":[7353,7356,7354,7351,7361,7352,7350,7355,1022,7358,7357,7359,7360],"merken":[],"class_list":{"0":"post-15013","1":"product","2":"type-product","3":"status-publish","4":"has-post-thumbnail","6":"product_cat-protocole","7":"product_tag-anaplasma","8":"product_tag-babesia","9":"product_tag-bartonella","10":"product_tag-borrelia","11":"product_tag-chien-des-plaintes-chroniques","12":"product_tag-ehrlichia","13":"product_tag-infections-intracellulaires","14":"product_tag-leishmania","15":"product_tag-parasites","16":"product_tag-protocole-de-recuperation","17":"product_tag-protocole-immunitaire","18":"product_tag-recuperation-mitochondriale","19":"product_tag-therapie-a-lozone","20":"infinite-scroll-item","21":"sales-flash-overlay","22":"woocommerce-text-align-center","23":"woocommerce-image-align-center","24":"do-quantity-buttons","26":"first","27":"instock","28":"sale","29":"taxable","30":"shipping-taxable","31":"purchasable","32":"product-type-simple"},"_links":{"self":[{"href":"https:\/\/www.ngdcare.nl\/fr\/wp-json\/wp\/v2\/product\/15013","targetHints":{"allow":["GET"]}}],"collection":[{"href":"https:\/\/www.ngdcare.nl\/fr\/wp-json\/wp\/v2\/product"}],"about":[{"href":"https:\/\/www.ngdcare.nl\/fr\/wp-json\/wp\/v2\/types\/product"}],"replies":[{"embeddable":true,"href":"https:\/\/www.ngdcare.nl\/fr\/wp-json\/wp\/v2\/comments?post=15013"}],"wp:featuredmedia":[{"embeddable":true,"href":"https:\/\/www.ngdcare.nl\/fr\/wp-json\/wp\/v2\/media\/19115"}],"wp:attachment":[{"href":"https:\/\/www.ngdcare.nl\/fr\/wp-json\/wp\/v2\/media?parent=15013"}],"wp:term":[{"taxonomy":"product_brand","embeddable":true,"href":"https:\/\/www.ngdcare.nl\/fr\/wp-json\/wp\/v2\/product_brand?post=15013"},{"taxonomy":"product_cat","embeddable":true,"href":"https:\/\/www.ngdcare.nl\/fr\/wp-json\/wp\/v2\/product_cat?post=15013"},{"taxonomy":"product_tag","embeddable":true,"href":"https:\/\/www.ngdcare.nl\/fr\/wp-json\/wp\/v2\/product_tag?post=15013"},{"taxonomy":"merken","embeddable":true,"href":"https:\/\/www.ngdcare.nl\/fr\/wp-json\/wp\/v2\/merken?post=15013"}],"curies":[{"name":"wp","href":"https:\/\/api.w.org\/{rel}","templated":true}]}}