{"id":17384,"date":"2026-03-29T14:07:28","date_gmt":"2026-03-29T12:07:28","guid":{"rendered":"https:\/\/www.ngdcare.nl\/product\/non class\u00e9\/alignement-interieur-des-huiles-essentielles-chakra-1-4-et-7\/"},"modified":"2026-03-29T14:07:28","modified_gmt":"2026-03-29T12:07:28","slug":"alignement-interieur-des-huiles-essentielles-chakra-1-4-et-7","status":"publish","type":"product","link":"https:\/\/www.ngdcare.nl\/fr\/veterinary-health\/essentiele-olie-dier\/alignement-interieur-des-huiles-essentielles-chakra-1-4-et-7\/alignement-interieur-des-huiles-essentielles-chakra-1-4-et-7\/","title":{"rendered":"Alignement int\u00e9rieur des huiles essentielles \u2013 Chakra 1, 4 et 7"},"content":{"rendered":"<p style=\"font-weight: 400;\"><strong>L\u2019Alignement Int\u00e9rieur<\/strong> est une combinaison d\u2019huiles essentielles pour les chakras 1, 4 et 7 \u2014 les trois centres \u00e9nerg\u00e9tiques qui se combinent pour fournir l\u2019incarnation, la connexion aimante et l\u2019alignement spirituel. Cette huile vous aide \u00e0 retrouver vous-m\u00eame, ouvre votre c\u0153ur et apporte la paix int\u00e9rieure. <\/p>\n<p style=\"font-weight: 400;\" data-start=\"1030\" data-end=\"1079\">Sp\u00e9cialement formul\u00e9 avec des huiles essentielles qui :<\/p>\n<ul>\n<li data-start=\"1082\" data-end=\"1113\">Prot\u00e9gez en cas de surstimulation<\/li>\n<li data-start=\"1116\" data-end=\"1147\">\u00c0 vous aider \u00e0 l\u00e2cher prise et \u00e0 vous d\u00e9tendre<\/li>\n<li data-start=\"1150\" data-end=\"1199\">Restauration du lien entre le corps et l\u2019\u00e2me<\/li>\n<\/ul>\n<p style=\"font-weight: 400;\" data-start=\"1201\" data-end=\"1295\">Cette huile est particuli\u00e8rement adapt\u00e9e aux <strong data-start=\"1240\" data-end=\"1274\">personnes et animaux tr\u00e8s sensibles<\/strong>, par exemple :<\/p>\n<ul>\n<li data-start=\"1298\" data-end=\"1327\">agitation, stress, dissociation<\/li>\n<li data-start=\"1330\" data-end=\"1347\">Deuil ou perte<\/li>\n<li data-start=\"1350\" data-end=\"1373\">Confusion spirituelle<\/li>\n<li data-start=\"1376\" data-end=\"1402\">Surcharge \u00e9motionnelle<\/li>\n<li data-start=\"1405\" data-end=\"1440\">Besoin d\u2019ancrage ou d\u2019inspiration<\/li>\n<\/ul>\n<p data-start=\"1442\" data-end=\"1587\"><strong>Composition. Inner Alignment contient des huiles essentielles 100 % naturelles et pures issues de : <\/strong><\/p>\n<ul>\n<li><strong>V\u00e9tiver<\/strong> \u2013 ancrage profond, stabilit\u00e9, contre l\u2019agitation et le stress<\/li>\n<li><strong data-start=\"1720\" data-end=\"1733\">Le bois de c\u00e8dre<\/strong> \u2013 renforce la s\u00e9curit\u00e9 et la s\u00fbret\u00e9<\/li>\n<li><strong data-start=\"1777\" data-end=\"1792\">Ylang Ylang<\/strong> \u2013 ouvre le c\u0153ur et d\u00e9tend les \u00e9motions<\/li>\n<li><strong data-start=\"1834\" data-end=\"1846\">Lavande<\/strong> \u2013 apaisante, calme le syst\u00e8me nerveux et la fr\u00e9quence cardiaque, fait le pont entre le c\u0153ur et la t\u00eate<\/li>\n<li><strong data-start=\"1905\" data-end=\"1919\">Bois de santal<\/strong> \u2013 favorise le silence int\u00e9rieur, un ancrage profond et la connexion spirituelle<\/li>\n<li><strong data-start=\"1978\" data-end=\"2004\">Encens<\/strong> \u2013 ouvre le chakra de la couronne et renforce la conscience de l\u2019\u00e2me<\/li>\n<li data-start=\"1222\" data-end=\"1287\"><strong data-start=\"1222\" data-end=\"1257\">Bergamote<\/strong> \u2013 l\u00e9g\u00e8ret\u00e9, joie<\/li>\n<li class=\"p1\"><strong>Myrrhe<\/strong> \u2013 Aide \u00e0 lib\u00e9rer une vieille douleur, un pouvoir f\u00e9minin profond<\/li>\n<\/ul>\n<p><span class=\"s2\">Cette combinaison soutient <\/span><b>la relaxation orient\u00e9e vers le corps<\/b><span class=\"s2\"> (chakra 1), <\/span><b>la r\u00e9gulation \u00e9motionnelle<\/b><span class=\"s2\"> (chakra 4) ainsi que la <\/span><b>lib\u00e9ration mentale et la confiance<\/b><span class=\"s2\"> (chakra 7).<\/span><\/p>\n<p>L\u2019huile peut \u00eatre plac\u00e9e dans un diffuseur pour retrouver l\u2019\u00e9quilibre chez les humains et les animaux apr\u00e8s une journ\u00e9e \u00e9motionnelle charg\u00e9e. L\u2019huile se marie tr\u00e8s bien avec l\u2019essence florale Inner Alignment. <\/p>\n","protected":false},"excerpt":{"rendered":"<div>\n<p>Un m\u00e9lange d\u2019huiles apaisantes qui relie corps, c\u0153ur et \u00e2me. Avec du c\u00e8dre, du v\u00e9tiver, de la lavande, de l\u2019ylang ylang, du bois de santal et de l\u2019encens. Soutient les chakras 1, 4 et 7 pour une incarnation profonde, l\u2019ouverture du c\u0153ur et la connexion spirituelle.  <\/p>\n<\/div>\n","protected":false},"featured_media":0,"comment_status":"open","ping_status":"closed","template":"","meta":{"wds_primary_product_brand":0,"wds_primary_product_cat":0,"wds_primary_merken":0},"product_brand":[],"product_cat":[88,4655],"product_tag":[1693,1698,7658,1695,1547,7655,1716,1696],"merken":[],"class_list":{"0":"post-17384","1":"product","2":"type-product","3":"status-publish","5":"product_cat-essentiele-olie-dier","6":"product_cat-essentiele-olien-mensen","7":"product_tag-alignement-interieur","8":"product_tag-chakra-de-la-couronne","9":"product_tag-chakra-du-coeur","10":"product_tag-connexion-spirituelle","11":"product_tag-huile-de-chakra","12":"product_tag-rouleau-a-huiles-essentielles","13":"product_tag-soins-ngd","14":"product_tag-terre","15":"infinite-scroll-item","16":"sales-flash-overlay","17":"woocommerce-text-align-center","18":"woocommerce-image-align-center","19":"do-quantity-buttons","21":"first","22":"instock","23":"featured","24":"taxable","25":"shipping-taxable","26":"purchasable","27":"product-type-simple"},"_links":{"self":[{"href":"https:\/\/www.ngdcare.nl\/fr\/wp-json\/wp\/v2\/product\/17384","targetHints":{"allow":["GET"]}}],"collection":[{"href":"https:\/\/www.ngdcare.nl\/fr\/wp-json\/wp\/v2\/product"}],"about":[{"href":"https:\/\/www.ngdcare.nl\/fr\/wp-json\/wp\/v2\/types\/product"}],"replies":[{"embeddable":true,"href":"https:\/\/www.ngdcare.nl\/fr\/wp-json\/wp\/v2\/comments?post=17384"}],"wp:attachment":[{"href":"https:\/\/www.ngdcare.nl\/fr\/wp-json\/wp\/v2\/media?parent=17384"}],"wp:term":[{"taxonomy":"product_brand","embeddable":true,"href":"https:\/\/www.ngdcare.nl\/fr\/wp-json\/wp\/v2\/product_brand?post=17384"},{"taxonomy":"product_cat","embeddable":true,"href":"https:\/\/www.ngdcare.nl\/fr\/wp-json\/wp\/v2\/product_cat?post=17384"},{"taxonomy":"product_tag","embeddable":true,"href":"https:\/\/www.ngdcare.nl\/fr\/wp-json\/wp\/v2\/product_tag?post=17384"},{"taxonomy":"merken","embeddable":true,"href":"https:\/\/www.ngdcare.nl\/fr\/wp-json\/wp\/v2\/merken?post=17384"}],"curies":[{"name":"wp","href":"https:\/\/api.w.org\/{rel}","templated":true}]}}