{"id":19389,"date":"2026-05-07T22:23:44","date_gmt":"2026-05-07T20:23:44","guid":{"rendered":"https:\/\/www.ngdcare.nl\/product\/non class\u00e9\/l-glutamine\/"},"modified":"2026-05-07T22:23:44","modified_gmt":"2026-05-07T20:23:44","slug":"l-glutamine","status":"publish","type":"product","link":"https:\/\/www.ngdcare.nl\/fr\/product\/sante-veterinaire\/supplements-orthomoleculaires\/l-glutamine\/","title":{"rendered":"L-Glutamine"},"content":{"rendered":"<div>\n<div class=\"standard-markdown grid-cols-1 grid [&amp;_&gt;_*]:min-w-0 gap-3\">\n<p class=\"font-claude-response-body break-words whitespace-normal leading-[1.7]\">La L-Glutamine est l\u2019acide amin\u00e9 libre le plus abondant dans le corps. Il est produit dans le tissu musculaire et est g\u00e9n\u00e9ralement disponible en quantit\u00e9s suffisantes. Cependant, en cas de maladie, de troubles intestinaux chroniques, de chirurgie, de chimioth\u00e9rapie ou de stress prolong\u00e9, la concentration plasmatique de glutamine diminue tandis que la demande de l\u2019intestin, du foie et du syst\u00e8me immunitaire augmente brusquement. \u00c0 ce stade, la glutamine est conditionnellement essentielle et la nutrition seule est insuffisante.   <\/p>\n<\/div>\n<\/div>\n<div>\n<div class=\"standard-markdown grid-cols-1 grid [&amp;_&gt;_*]:min-w-0 gap-3\">\n<p class=\"font-claude-response-body break-words whitespace-normal leading-[1.7]\">La paroi intestinale est la plus grande consommatrice de glutamine dans le corps. Les ent\u00e9rocytes, les cellules qui tapissent la paroi intestinale, se renouvellent compl\u00e8tement tous les trois \u00e0 cinq jours. La glutamine est leur principal carburant et mat\u00e9riau de construction. En cas de carence en glutamine, l\u2019expression des prot\u00e9ines de jonction serr\u00e9e (claudine, occludine, SO-1) s\u2019affaiblit, augmentant la perm\u00e9abilit\u00e9 intestinale et lib\u00e9rant des toxines bact\u00e9riennes dans le sang. Des \u00e9tudes cliniques montrent que la suppl\u00e9mentation en glutamine dans les plaintes intestines post-infectieuses a d\u00e9montr\u00e9 une am\u00e9lioration de la fonction de la barri\u00e8re.    <\/p>\n<\/div>\n<\/div>\n<div>\n<div class=\"standard-markdown grid-cols-1 grid [&amp;_&gt;_*]:min-w-0 gap-3\">\n<p class=\"font-claude-response-body break-words whitespace-normal leading-[1.7]\">Pour le syst\u00e8me immunitaire, la glutamine est tout aussi cruciale : les lymphocytes et macrophages quadruplent leur consommation de glutamine lors de l\u2019activation. La glutamine est \u00e9galement le pr\u00e9curseur du glutathion, l\u2019antioxydant endog\u00e8ne le plus puissant, et soutient donc indirectement la d\u00e9sintoxication h\u00e9patique. Dans la cachexie due au cancer ou \u00e0 une maladie chronique, la glutamine limite la d\u00e9gradation musculaire et prot\u00e8ge la paroi intestinale sous le double fardeau de la maladie et du traitement.  <\/p>\n<\/div>\n<\/div>\n<div>\n<div class=\"standard-markdown grid-cols-1 grid [&amp;_&gt;_*]:min-w-0 gap-3\">\n<p class=\"font-claude-response-body break-words whitespace-normal leading-[1.7]\">La L-Glutamine est l\u2019\u00e9l\u00e9ment central de la phase 2 du protocole NGD Care Gut (semaines 8 \u00e0 16), combin\u00e9e au shilajit ou support de la barri\u00e8re intestinale et au complexe vitaminique B liposomal. Ce n\u2019est que lorsque l\u2019intestin est r\u00e9habilit\u00e9 par la phase 1 que la glutamine peut atteindre son plein potentiel. De plus, pertinent dans le <a href=\"https:\/\/www.ngdcare.nl\/fr\/product\/sante-veterinaire\/protocole\/protocole-giardia\/\">protocole Giardia<\/a>, <a href=\"https:\/\/www.ngdcare.nl\/fr\/product\/sante-veterinaire\/protocole\/operatie-herstelpakket-kit-de-recuperation-chirurgicale\/\">le Kit de R\u00e9cup\u00e9ration Op\u00e9ratoire<\/a>, <a href=\"https:\/\/www.ngdcare.nl\/fr\/product\/sante-veterinaire\/protocole\/protocole-peau\/\">le Protocole Cutan\u00e9<\/a> et le soutien oncologique.  <\/p>\n<\/div>\n<\/div>\n<div>\n<div class=\"standard-markdown grid-cols-1 grid [&amp;_&gt;_*]:min-w-0 gap-3\">\n<p class=\"font-claude-response-body break-words whitespace-normal leading-[1.7]\">Vous souhaitez en savoir plus sur la science derri\u00e8re la L-Glutamine ? Lisez <a href=\"https:\/\/www.ngdcare.nl\/fr\/blog-fr\/l-glutamine\/\">l\u2019article de contexte d\u00e9taill\u00e9<\/a> sur la page du blog. <\/p>\n<\/div>\n<\/div>\n","protected":false},"excerpt":{"rendered":"<p>La L-Glutamine est l\u2019acide amin\u00e9 le plus abondant dans le corps humain et le principal carburant pour les cellules de la paroi intestinale et les cellules immunitaires. Nos capsules de 450 mg contiennent de la L-Glutamine pure en forme libre pour une absorption optimale. Soutient la r\u00e9paration intestinale, la r\u00e9sistance et le maintien musculaire \u2014 pour l\u2019humain comme pour les animaux.  <\/p>\n","protected":false},"featured_media":0,"comment_status":"closed","ping_status":"closed","template":"","meta":{"wds_primary_product_brand":0,"wds_primary_product_cat":0,"wds_primary_merken":0},"product_brand":[],"product_cat":[544,8545],"product_tag":[8573,1020,8575,878,802,8571,998,8570],"merken":[],"class_list":{"0":"post-19389","1":"product","2":"type-product","3":"status-publish","5":"product_cat-supplements-orthomoleculaires","6":"product_cat-sante-veterinaire","7":"product_tag-fonctionnement","8":"product_tag-giardia-fr","9":"product_tag-intestin-hyperpermeable","10":"product_tag-intestin-permeable","11":"product_tag-intestins","12":"product_tag-oncologie","13":"product_tag-peau","14":"product_tag-vieillesse","15":"infinite-scroll-item","16":"sales-flash-overlay","17":"woocommerce-text-align-center","18":"woocommerce-image-align-center","19":"do-quantity-buttons","21":"first","22":"instock","23":"taxable","24":"shipping-taxable","25":"purchasable","26":"product-type-simple"},"_links":{"self":[{"href":"https:\/\/www.ngdcare.nl\/fr\/wp-json\/wp\/v2\/product\/19389","targetHints":{"allow":["GET"]}}],"collection":[{"href":"https:\/\/www.ngdcare.nl\/fr\/wp-json\/wp\/v2\/product"}],"about":[{"href":"https:\/\/www.ngdcare.nl\/fr\/wp-json\/wp\/v2\/types\/product"}],"replies":[{"embeddable":true,"href":"https:\/\/www.ngdcare.nl\/fr\/wp-json\/wp\/v2\/comments?post=19389"}],"wp:attachment":[{"href":"https:\/\/www.ngdcare.nl\/fr\/wp-json\/wp\/v2\/media?parent=19389"}],"wp:term":[{"taxonomy":"product_brand","embeddable":true,"href":"https:\/\/www.ngdcare.nl\/fr\/wp-json\/wp\/v2\/product_brand?post=19389"},{"taxonomy":"product_cat","embeddable":true,"href":"https:\/\/www.ngdcare.nl\/fr\/wp-json\/wp\/v2\/product_cat?post=19389"},{"taxonomy":"product_tag","embeddable":true,"href":"https:\/\/www.ngdcare.nl\/fr\/wp-json\/wp\/v2\/product_tag?post=19389"},{"taxonomy":"merken","embeddable":true,"href":"https:\/\/www.ngdcare.nl\/fr\/wp-json\/wp\/v2\/merken?post=19389"}],"curies":[{"name":"wp","href":"https:\/\/api.w.org\/{rel}","templated":true}]}}