{"id":19398,"date":"2026-05-07T22:44:34","date_gmt":"2026-05-07T20:44:34","guid":{"rendered":"https:\/\/www.ngdcare.nl\/product\/non class\u00e9\/shilait\/"},"modified":"2026-05-07T22:44:34","modified_gmt":"2026-05-07T20:44:34","slug":"shilait","status":"publish","type":"product","link":"https:\/\/www.ngdcare.nl\/fr\/product\/sante-veterinaire\/supplements-orthomoleculaires\/shilait\/","title":{"rendered":"Shilait"},"content":{"rendered":"<p class=\"font-claude-response-body break-words whitespace-normal leading-[1.7]\">Le shilajit n\u2019est pas un simple compl\u00e9ment mais un phytocomplexe : une matrice biologiquement riche de centaines de compos\u00e9s, form\u00e9e par une conversion mill\u00e9naire de mati\u00e8re v\u00e9g\u00e9tale par des micro-organismes situ\u00e9s dans les crevasses rocheuses des hautes montagnes. Les deux fractions les plus cliniquement pertinentes sont l\u2019acide fulvique (60 \u00e0 80 % de l\u2019extrait) et les dibenzo-alpha-pyrones (DBP). <\/p>\n<p class=\"font-claude-response-body break-words whitespace-normal leading-[1.7]\">L\u2019acide fulvien a un faible poids mol\u00e9culaire qui lui permet de traverser facilement les parois cellulaires. Il agit comme antioxydant par don d\u2019\u00e9lectrons, comme transporteur min\u00e9ral pour le fer, le zinc et le magn\u00e9sium, comme inhibiteur NF-kB pour l\u2019inflammation chronique et comme stimulateur d\u2019Akkermansia muciniphila pour la barri\u00e8re intestinale. Les DBP sont des compos\u00e9s uniques que l\u2019on ne trouve nulle part ailleurs dans la nature et soutiennent directement la cha\u00eene de transport mitochondriale des \u00e9lectrons, en synergie avec la CoQ10.  <\/p>\n<p class=\"font-claude-response-body break-words whitespace-normal leading-[1.7]\">Cliniquement pertinent : Un essai contr\u00f4l\u00e9 randomis\u00e9 a montr\u00e9 que huit semaines de shilajit augmentaient significativement le marqueur s\u00e9rique pour la synth\u00e8se du collag\u00e8ne de type I. Chez les chiens atteints d\u2019arthrite, une \u00e9tude observationnelle de 120 jours a montr\u00e9 une r\u00e9duction de la douleur et de l\u2019inflammation. Une revue de 2025 a confirm\u00e9 sa s\u00e9curit\u00e9 et son effet anti-inflammatoire chez l\u2019humain.  <\/p>\n<p class=\"font-claude-response-body break-words whitespace-normal leading-[1.7]\">Shilajit est le premier choix pour l\u2019humain en phase 2 du protocole NGD Care Bowel Protocol. Pour les animaux, le support de barri\u00e8re intestinale (acides fulvique et humique) est la variante pr\u00e9f\u00e9r\u00e9e. Les deux agissent gr\u00e2ce aux m\u00eames m\u00e9canismes d\u2019acide fulvien. Peut \u00e9galement \u00eatre utilis\u00e9 dans le protocole de la vieillesse, le protocole articulaire et comme compl\u00e9ment distinct pour l\u2019inflammation chronique et la fatigue.   <\/p>\n<p>Lisez notre long blog sur <a href=\"https:\/\/www.ngdcare.nl\/fr\/blog-fr\/shilait\/\">Shilait<\/a> ici.<\/p>\n","protected":false},"excerpt":{"rendered":"<p>Le shilajit est un phytocomplexe de haute montagne avec une combinaison unique d\u2019acide fulvique, de dibenzo-alpha-pyrons et de min\u00e9raux sous forme ionique. Il soutient la production d\u2019\u00e9nergie mitochondriale, inhibe l\u2019inflammation chronique, am\u00e9liore l\u2019absorption min\u00e9rale et aide \u00e0 restaurer la barri\u00e8re intestinale gr\u00e2ce \u00e0 la stimulation d\u2019Akkermansia muciniphila. Premier choix pour les personnes en phase 2 du protocole NGD Care Bowel Protocol.  <\/p>\n","protected":false},"featured_media":0,"comment_status":"closed","ping_status":"closed","template":"","meta":{"wds_primary_product_brand":0,"wds_primary_product_cat":0,"wds_primary_merken":0},"product_brand":[],"product_cat":[544,8545],"product_tag":[],"merken":[],"class_list":{"0":"post-19398","1":"product","2":"type-product","3":"status-publish","5":"product_cat-supplements-orthomoleculaires","6":"product_cat-sante-veterinaire","7":"infinite-scroll-item","8":"sales-flash-overlay","9":"woocommerce-text-align-center","10":"woocommerce-image-align-center","11":"do-quantity-buttons","13":"first","14":"instock","15":"taxable","16":"shipping-taxable","17":"purchasable","18":"product-type-simple"},"_links":{"self":[{"href":"https:\/\/www.ngdcare.nl\/fr\/wp-json\/wp\/v2\/product\/19398","targetHints":{"allow":["GET"]}}],"collection":[{"href":"https:\/\/www.ngdcare.nl\/fr\/wp-json\/wp\/v2\/product"}],"about":[{"href":"https:\/\/www.ngdcare.nl\/fr\/wp-json\/wp\/v2\/types\/product"}],"replies":[{"embeddable":true,"href":"https:\/\/www.ngdcare.nl\/fr\/wp-json\/wp\/v2\/comments?post=19398"}],"wp:attachment":[{"href":"https:\/\/www.ngdcare.nl\/fr\/wp-json\/wp\/v2\/media?parent=19398"}],"wp:term":[{"taxonomy":"product_brand","embeddable":true,"href":"https:\/\/www.ngdcare.nl\/fr\/wp-json\/wp\/v2\/product_brand?post=19398"},{"taxonomy":"product_cat","embeddable":true,"href":"https:\/\/www.ngdcare.nl\/fr\/wp-json\/wp\/v2\/product_cat?post=19398"},{"taxonomy":"product_tag","embeddable":true,"href":"https:\/\/www.ngdcare.nl\/fr\/wp-json\/wp\/v2\/product_tag?post=19398"},{"taxonomy":"merken","embeddable":true,"href":"https:\/\/www.ngdcare.nl\/fr\/wp-json\/wp\/v2\/merken?post=19398"}],"curies":[{"name":"wp","href":"https:\/\/api.w.org\/{rel}","templated":true}]}}