{"id":3934,"date":"2025-04-05T11:34:11","date_gmt":"2025-04-05T09:34:11","guid":{"rendered":"https:\/\/www.ngdcare.nl\/product\/non%20class\u00e9\/depliants\/"},"modified":"2025-05-15T16:07:22","modified_gmt":"2025-05-15T14:07:22","slug":"depliants","status":"publish","type":"product","link":"https:\/\/www.ngdcare.nl\/fr\/product\/supplements-orthomoleculaires\/depliants\/","title":{"rendered":"D\u00e9pliants"},"content":{"rendered":"<p>Si vous souhaitez commander des prospectus en tant que revendeur ou affili\u00e9, vous pouvez l\u2019indiquer ici. Vous pouvez ensuite les donner lors d\u2019une consultation d\u2019information. <\/p>\n<p>Tous les d\u00e9pliants et d\u00e9pliants peuvent \u00e9galement \u00eatre t\u00e9l\u00e9charg\u00e9s num\u00e9riquement lorsque vous vous connectez.<\/p>\n<p>Veuillez indiquer dans les commentaires lors de la commande combien et quels d\u00e9pliants vous souhaitez recevoir.<\/p>\n<p>Nous avons r\u00e9alis\u00e9 des brochures g\u00e9n\u00e9rales de NGD Care et un d\u00e9pliant pour tous les protocoles que nous pouvons vous envoyer.<\/p>\n","protected":false},"excerpt":{"rendered":"<p>Ici, vous pouvez commander tous les d\u00e9pliants et d\u00e9pliants des protocoles de NGD Care.<\/p>\n","protected":false},"featured_media":18055,"comment_status":"open","ping_status":"closed","template":"","meta":{"wds_primary_product_brand":0,"wds_primary_product_cat":0,"wds_primary_merken":0},"product_brand":[],"product_cat":[544,543],"product_tag":[],"merken":[],"class_list":{"0":"post-3934","1":"product","2":"type-product","3":"status-publish","4":"has-post-thumbnail","6":"product_cat-supplements-orthomoleculaires","7":"product_cat-protocole","8":"infinite-scroll-item","9":"sales-flash-overlay","10":"woocommerce-text-align-center","11":"woocommerce-image-align-center","12":"do-quantity-buttons","14":"first","15":"instock","16":"taxable","17":"shipping-taxable","18":"purchasable","19":"product-type-simple"},"_links":{"self":[{"href":"https:\/\/www.ngdcare.nl\/fr\/wp-json\/wp\/v2\/product\/3934","targetHints":{"allow":["GET"]}}],"collection":[{"href":"https:\/\/www.ngdcare.nl\/fr\/wp-json\/wp\/v2\/product"}],"about":[{"href":"https:\/\/www.ngdcare.nl\/fr\/wp-json\/wp\/v2\/types\/product"}],"replies":[{"embeddable":true,"href":"https:\/\/www.ngdcare.nl\/fr\/wp-json\/wp\/v2\/comments?post=3934"}],"wp:featuredmedia":[{"embeddable":true,"href":"https:\/\/www.ngdcare.nl\/fr\/wp-json\/wp\/v2\/media\/18055"}],"wp:attachment":[{"href":"https:\/\/www.ngdcare.nl\/fr\/wp-json\/wp\/v2\/media?parent=3934"}],"wp:term":[{"taxonomy":"product_brand","embeddable":true,"href":"https:\/\/www.ngdcare.nl\/fr\/wp-json\/wp\/v2\/product_brand?post=3934"},{"taxonomy":"product_cat","embeddable":true,"href":"https:\/\/www.ngdcare.nl\/fr\/wp-json\/wp\/v2\/product_cat?post=3934"},{"taxonomy":"product_tag","embeddable":true,"href":"https:\/\/www.ngdcare.nl\/fr\/wp-json\/wp\/v2\/product_tag?post=3934"},{"taxonomy":"merken","embeddable":true,"href":"https:\/\/www.ngdcare.nl\/fr\/wp-json\/wp\/v2\/merken?post=3934"}],"curies":[{"name":"wp","href":"https:\/\/api.w.org\/{rel}","templated":true}]}}