{"id":3937,"date":"2025-04-01T15:22:59","date_gmt":"2025-04-01T13:22:59","guid":{"rendered":"https:\/\/www.ngdcare.nl\/product\/non%20class\u00e9\/multi-quotidien-liposomal\/"},"modified":"2026-04-26T21:05:13","modified_gmt":"2026-04-26T19:05:13","slug":"multi-quotidien-liposomal","status":"publish","type":"product","link":"https:\/\/www.ngdcare.nl\/fr\/product\/sante-veterinaire\/supplements-orthomoleculaires\/multi-quotidien-liposomal\/","title":{"rendered":"Multi quotidien liposomal"},"content":{"rendered":"<p class=\"font-claude-response-body break-words whitespace-normal leading-[1.7]\">NGD Care Daily Multi : Multivitamine Quotidien Complet pour Chiens et Chats<\/p>\n<p class=\"font-claude-response-body break-words whitespace-normal leading-[1.7]\">Daily Multi est une formule multivitamin\u00e9e compl\u00e8te \u00e0 base d\u2019extraits de fruits et l\u00e9gumes biologiques, enrichie en vitamines et min\u00e9raux essentiels sous des formes facilement absorbables. La technologie liposomale assure une absorption cellulaire optimale tout en prot\u00e9geant l\u2019estomac et les intestins. C\u2019est un aspect pertinent pour les compl\u00e9ments alimentaires administr\u00e9s quotidiennement et sur le long terme.  <\/p>\n<p class=\"font-claude-response-body break-words whitespace-normal leading-[1.7]\">La composition vitaminique comprend l\u2019ensemble du complexe B, ainsi que les vitamines A, C, D3, E et K2. Les vitamines D3 et K2 agissent en synergie pour le m\u00e9tabolisme du calcium et des os. Le K2 en tant que MK-7 garantit que le calcium est d\u00e9pos\u00e9 aux bons endroits et ne s\u2019accumule pas dans les parois vasculaires. La vitamine E est fournie sous forme de tocoph\u00e9rols mixtes pour un profil antioxydant plus large que l\u2019alpha-tocoph\u00e9rol synth\u00e9tique seul. Les min\u00e9raux, dont le zinc, le s\u00e9l\u00e9nium, le fer et l\u2019iode, sont choisis sous forme ch\u00e9l\u00e9e ou compos\u00e9s organiques avec une biodisponibilit\u00e9 sup\u00e9rieure \u00e0 celle des sels inorganiques.    <\/p>\n<p class=\"font-claude-response-body break-words whitespace-normal leading-[1.7]\">En plus des vitamines et min\u00e9raux standardis\u00e9s, l\u2019utilisation d\u2019extraits biologiques de fruits et l\u00e9gumes fournit une matrice de phytonutriments, cofacteurs et oligo-\u00e9l\u00e9ments qui soutient l\u2019activit\u00e9 biologique des nutriments individuels. C\u2019est un avantage que les multipr\u00e9parations synth\u00e9tiques n\u2019ont pas. <\/p>\n<p class=\"font-claude-response-body break-words whitespace-normal leading-[1.7]\">Daily Multi convient aux chiots en croissance, aux chiens adultes comme compl\u00e9ment nutritionnel quotidien et aux chiens \u00e2g\u00e9s ayant un besoin accru d\u2019antioxydants, de soutien osseux et de soutien immunitaire. Le produit peut \u00e9galement \u00eatre utilis\u00e9 pour la r\u00e9cup\u00e9ration apr\u00e8s une maladie ou une intervention chirurgicale, en cas d\u2019allergies ou de probl\u00e8mes cutan\u00e9s o\u00f9 un statut optimal de micronutriments soutient la fonction de barri\u00e8re et la r\u00e9ponse immunitaire et, en g\u00e9n\u00e9ral, une vitalit\u00e9 r\u00e9duite. <\/p>\n<p class=\"font-claude-response-body break-words whitespace-normal leading-[1.7]\">Les chats peuvent utiliser ce produit, mais comme la taurine et la L-carnitine sont absentes, un compl\u00e9ment est n\u00e9cessaire. Ces deux substances sont essentielles pour les chats et ne peuvent pas \u00eatre produites elles-m\u00eames, ce qui rend n\u00e9cessaire une suppl\u00e9mentation suppl\u00e9mentaire. La taurine et la L-carnitine sont suffisamment pr\u00e9sentes dans le VVQ de bonne qualit\u00e9 et ne sont pas imm\u00e9diatement n\u00e9cessaires pour les chats adultes. Chez les chats \u00e2g\u00e9s, les probl\u00e8mes cardiaques et h\u00e9patiques, la taurine et la L-carnitine sont un compl\u00e9ment tr\u00e8s utile. En cas de doute, consultez notre v\u00e9t\u00e9rinaire.    <\/p>\n<p class=\"font-claude-response-body break-words whitespace-normal leading-[1.7]\">Souhaitez-vous en savoir plus sur le contexte scientifique des vitamines et min\u00e9raux chez les chiens et les chats ? Lisez l\u2019article de contexte d\u00e9taill\u00e9 : <a href=\"https:\/\/www.ngdcare.nl\/fr\/blog-fr\/vitamines-et-mineraux-chez-les-chiens-et-les-chats\/\">Vitamines et min\u00e9raux chez les chiens et les chats<\/a>, les \u00e9l\u00e9ments fondamentaux de la sant\u00e9 quotidienne expliqu\u00e9s. <\/p>\n","protected":false},"excerpt":{"rendered":"<div>\n<p class=\"p3\">Multivitamine liposomal pour chiens et chats avec des extraits de fruits et l\u00e9gumes biologiques. Soutient la r\u00e9sistance, la croissance, la r\u00e9cup\u00e9ration et la vitalit\u00e9. <\/p>\n<\/div>\n","protected":false},"featured_media":17709,"comment_status":"open","ping_status":"closed","template":"","meta":{"wds_primary_product_brand":0,"wds_primary_product_cat":0,"wds_primary_merken":0},"product_brand":[],"product_cat":[544,542,547],"product_tag":[],"merken":[],"class_list":{"0":"post-3937","1":"product","2":"type-product","3":"status-publish","4":"has-post-thumbnail","6":"product_cat-supplements-orthomoleculaires","7":"product_cat-liposomale","8":"product_cat-vitamines-et-mineraux","9":"infinite-scroll-item","10":"sales-flash-overlay","11":"woocommerce-text-align-center","12":"woocommerce-image-align-center","13":"do-quantity-buttons","15":"first","16":"instock","17":"taxable","18":"shipping-taxable","19":"purchasable","20":"product-type-simple"},"_links":{"self":[{"href":"https:\/\/www.ngdcare.nl\/fr\/wp-json\/wp\/v2\/product\/3937","targetHints":{"allow":["GET"]}}],"collection":[{"href":"https:\/\/www.ngdcare.nl\/fr\/wp-json\/wp\/v2\/product"}],"about":[{"href":"https:\/\/www.ngdcare.nl\/fr\/wp-json\/wp\/v2\/types\/product"}],"replies":[{"embeddable":true,"href":"https:\/\/www.ngdcare.nl\/fr\/wp-json\/wp\/v2\/comments?post=3937"}],"wp:featuredmedia":[{"embeddable":true,"href":"https:\/\/www.ngdcare.nl\/fr\/wp-json\/wp\/v2\/media\/17709"}],"wp:attachment":[{"href":"https:\/\/www.ngdcare.nl\/fr\/wp-json\/wp\/v2\/media?parent=3937"}],"wp:term":[{"taxonomy":"product_brand","embeddable":true,"href":"https:\/\/www.ngdcare.nl\/fr\/wp-json\/wp\/v2\/product_brand?post=3937"},{"taxonomy":"product_cat","embeddable":true,"href":"https:\/\/www.ngdcare.nl\/fr\/wp-json\/wp\/v2\/product_cat?post=3937"},{"taxonomy":"product_tag","embeddable":true,"href":"https:\/\/www.ngdcare.nl\/fr\/wp-json\/wp\/v2\/product_tag?post=3937"},{"taxonomy":"merken","embeddable":true,"href":"https:\/\/www.ngdcare.nl\/fr\/wp-json\/wp\/v2\/merken?post=3937"}],"curies":[{"name":"wp","href":"https:\/\/api.w.org\/{rel}","templated":true}]}}