{"id":3967,"date":"2024-06-17T19:07:59","date_gmt":"2024-06-17T17:07:59","guid":{"rendered":"https:\/\/www.ngdcare.nl\/product\/non%20class\u00e9\/nettoyant-pour-biofilm\/"},"modified":"2026-04-29T22:59:04","modified_gmt":"2026-04-29T20:59:04","slug":"nettoyant-pour-biofilm","status":"publish","type":"product","link":"https:\/\/www.ngdcare.nl\/fr\/product\/sante-veterinaire\/supplements-orthomoleculaires\/nettoyant-pour-biofilm\/","title":{"rendered":"\u00c9quilibre du biofilm"},"content":{"rendered":"<div>\n<div class=\"standard-markdown grid-cols-1 grid [&amp;_&gt;_*]:min-w-0 gap-3\">\n<p class=\"font-claude-response-body break-words whitespace-normal leading-[1.7]\">Biofilm Balance (anciennement m\u00e9lange enzymatique 2) : NAC, lactoferrine et enzymes pour la d\u00e9gradation du biofilm et la rem\u00e9diation intestinale chez les chiens et les chats<\/p>\n<\/div>\n<\/div>\n<div>\n<div class=\"standard-markdown grid-cols-1 grid [&amp;_&gt;_*]:min-w-0 gap-3\">\n<p class=\"font-claude-response-body break-words whitespace-normal leading-[1.7]\">Les plaintes intestinales chroniques, les probl\u00e8mes cutan\u00e9s r\u00e9currents, les otites et les inflammations l\u00e9g\u00e8res pr\u00e9sentent souvent un facteur sous-jacent commun chez les chiens et les chats : le biofilm pathog\u00e8ne. Un biofilm est une matrice protectrice de polysaccharides, prot\u00e9ines et ADN extracellulaire qui permet aux bact\u00e9ries, levures et parasites de s\u2019attacher \u00e0 la paroi intestinale et de se prot\u00e9ger efficacement du syst\u00e8me immunitaire. Tant que ce biofilm est intact, les plaintes continueront \u00e0 revenir, quelles que soient les autres interventions.  <\/p>\n<\/div>\n<\/div>\n<div>\n<div class=\"standard-markdown grid-cols-1 grid [&amp;_&gt;_*]:min-w-0 gap-3\">\n<p class=\"font-claude-response-body break-words whitespace-normal leading-[1.7]\">Biofilm Balance combine trois composantes, chacune ciblant une couche diff\u00e9rente de la structure du biofilm. La NAC (N-ac\u00e9tylcyst\u00e9ine) brise la matrice de biofilm extracellulaire par d\u00e9gradation des ponts disulfure dans la composante prot\u00e9ique, entra\u00eenant la perte de l\u2019int\u00e9grit\u00e9 structurelle du biofilm. Parall\u00e8lement, le NAC est un pr\u00e9curseur du glutathion qui restaure la capacit\u00e9 antioxydante et immunitaire du foie et de la paroi intestinale.  <\/p>\n<\/div>\n<\/div>\n<div>\n<div class=\"standard-markdown grid-cols-1 grid [&amp;_&gt;_*]:min-w-0 gap-3\">\n<p class=\"font-claude-response-body break-words whitespace-normal leading-[1.7]\">La lactoferrine ajoute une seconde approche biofilmique, m\u00e9canistiquement compl\u00e9mentaire. Par la s\u00e9questration du fer, la lactoferrine prive les micro-organismes pathog\u00e8nes d\u2019un facteur de croissance essentiel, qui inhibe directement la formation de biofilms. De plus, la lactoferricine, le peptide actif de la lactoferrine, perturbe l\u2019int\u00e9grit\u00e9 membranaire des bact\u00e9ries \u00e0 Gram n\u00e9gatif et de certaines levures via une liaison directe au lipopolysaccharide. Des \u00e9tudes r\u00e9centes montrent que la lactoferrine inhibe \u00e0 la fois la formation de biofilms et d\u00e9stabilise les biofilms existants, ind\u00e9pendamment de son activit\u00e9 bact\u00e9ricide. La lactoferrine stimule simultan\u00e9ment les bact\u00e9ries commensales b\u00e9n\u00e9fiques, ce qui en fait le seul composant de ce produit \u00e0 diff\u00e9rencier activement les pathog\u00e8nes et les commensaux.    <\/p>\n<\/div>\n<\/div>\n<div>\n<div class=\"standard-markdown grid-cols-1 grid [&amp;_&gt;_*]:min-w-0 gap-3\">\n<p class=\"font-claude-response-body break-words whitespace-normal leading-[1.7]\">L\u2019amylase, la prot\u00e9ase et la lipase sont des enzymes digestives qui d\u00e9composent respectivement les glucides, les prot\u00e9ines et les graisses dans la matrice du biofilm. La matrice extracellulaire du biofilm se compose de ces trois classes macromol\u00e9culaires ; La d\u00e9gradation enzymatique cibl\u00e9e rend la matrice progressivement plus poreuse et accessible aux autres composants et au syst\u00e8me immunitaire. <\/p>\n<\/div>\n<\/div>\n<div>\n<div class=\"standard-markdown grid-cols-1 grid [&amp;_&gt;_*]:min-w-0 gap-3\">\n<p class=\"font-claude-response-body break-words whitespace-normal leading-[1.7]\">L\u2019\u00e9quilibre du biofilm est con\u00e7u comme faisant partie d\u2019un protocole digestif int\u00e9gr\u00e9. La d\u00e9gradation du biofilm lib\u00e8re des toxines pouvant provoquer une charge h\u00e9patique, une r\u00e9action de d\u00e9sintoxication et une r\u00e9action de Herxheimer. Le produit est donc toujours combin\u00e9 avec des agents de soutien pour le foie, l\u2019intestin et le syst\u00e8me immunitaire, comme propos\u00e9 dans le <a href=\"https:\/\/www.ngdcare.nl\/fr\/product\/digestion\/protocole-intestinal\/\">protocole NGD Care Gut Protocol<\/a>.  <\/p>\n<\/div>\n<\/div>\n<div>\n<div class=\"standard-markdown grid-cols-1 grid [&amp;_&gt;_*]:min-w-0 gap-3\">\n<p class=\"font-claude-response-body break-words whitespace-normal leading-[1.7]\">Souhaitez-vous en savoir plus sur le contexte scientifique du biofilm, le r\u00f4le de la lactoferrine et des enzymes, ainsi que son application chez les chiens et les chats ? Lisez le document de fond d\u00e9taill\u00e9 : \u00c9quilibre des biofilms : la science derri\u00e8re la d\u00e9gradation des biofilms dans l\u2019intestin expliqu\u00e9e. <\/p>\n<\/div>\n<\/div>\n","protected":false},"excerpt":{"rendered":"<div>\n<p class=\"p3\">Combinaison puissante d\u2019enzymes, lactoferrine et NAC pour d\u00e9composer le biofilm pathog\u00e8ne dans le c\u00f4lon chez les chiens et les chats. \u00c7a fait partie du protocole digestif. <\/p>\n<\/div>\n","protected":false},"featured_media":17741,"comment_status":"open","ping_status":"closed","template":"","meta":{"wds_primary_product_brand":0,"wds_primary_product_cat":16,"wds_primary_merken":0},"product_brand":[],"product_cat":[544],"product_tag":[578,567,571,569,568,575,581,573,580,588,587,586,585,574,583,577,576,579,572,582,584,570],"merken":[],"class_list":{"0":"post-3967","1":"product","2":"type-product","3":"status-publish","4":"has-post-thumbnail","6":"product_cat-supplements-orthomoleculaires","7":"product_tag-amylase-fr","8":"product_tag-animaux","9":"product_tag-antioxydant","10":"product_tag-chats","11":"product_tag-chiens","12":"product_tag-cna","13":"product_tag-desintoxication-fr","14":"product_tag-desintoxication","15":"product_tag-digestion-fr","16":"product_tag-digestion-fr-2","17":"product_tag-digestion-des-glucides","18":"product_tag-digestion-des-graisses","19":"product_tag-digestion-des-proteines","20":"product_tag-enzymes-fr","21":"product_tag-enzymes-digestives","22":"product_tag-lipase-fr","23":"product_tag-n-acetylcysteine-fr","24":"product_tag-protease-fr","25":"product_tag-protection-cellulaire","26":"product_tag-protection-du-foie","27":"product_tag-sante-intestinale","28":"product_tag-systeme-immunitaire","29":"infinite-scroll-item","30":"sales-flash-overlay","31":"woocommerce-text-align-center","32":"woocommerce-image-align-center","33":"do-quantity-buttons","35":"first","36":"instock","37":"taxable","38":"shipping-taxable","39":"purchasable","40":"product-type-simple"},"_links":{"self":[{"href":"https:\/\/www.ngdcare.nl\/fr\/wp-json\/wp\/v2\/product\/3967","targetHints":{"allow":["GET"]}}],"collection":[{"href":"https:\/\/www.ngdcare.nl\/fr\/wp-json\/wp\/v2\/product"}],"about":[{"href":"https:\/\/www.ngdcare.nl\/fr\/wp-json\/wp\/v2\/types\/product"}],"replies":[{"embeddable":true,"href":"https:\/\/www.ngdcare.nl\/fr\/wp-json\/wp\/v2\/comments?post=3967"}],"wp:featuredmedia":[{"embeddable":true,"href":"https:\/\/www.ngdcare.nl\/fr\/wp-json\/wp\/v2\/media\/17741"}],"wp:attachment":[{"href":"https:\/\/www.ngdcare.nl\/fr\/wp-json\/wp\/v2\/media?parent=3967"}],"wp:term":[{"taxonomy":"product_brand","embeddable":true,"href":"https:\/\/www.ngdcare.nl\/fr\/wp-json\/wp\/v2\/product_brand?post=3967"},{"taxonomy":"product_cat","embeddable":true,"href":"https:\/\/www.ngdcare.nl\/fr\/wp-json\/wp\/v2\/product_cat?post=3967"},{"taxonomy":"product_tag","embeddable":true,"href":"https:\/\/www.ngdcare.nl\/fr\/wp-json\/wp\/v2\/product_tag?post=3967"},{"taxonomy":"merken","embeddable":true,"href":"https:\/\/www.ngdcare.nl\/fr\/wp-json\/wp\/v2\/merken?post=3967"}],"curies":[{"name":"wp","href":"https:\/\/api.w.org\/{rel}","templated":true}]}}