{"id":3968,"date":"2024-10-01T22:44:06","date_gmt":"2024-10-01T20:44:06","guid":{"rendered":"https:\/\/www.ngdcare.nl\/product\/non%20class\u00e9\/protocole-contre-la-douleur\/"},"modified":"2026-01-02T13:59:49","modified_gmt":"2026-01-02T12:59:49","slug":"protocole-contre-la-douleur","status":"publish","type":"product","link":"https:\/\/www.ngdcare.nl\/fr\/product\/sante-veterinaire\/protocole\/protocole-contre-la-douleur\/","title":{"rendered":"Protocole commun"},"content":{"rendered":"<p style=\"font-weight: 400;\">Le <strong>protocole articulaire NGD Care<\/strong> a \u00e9t\u00e9 d\u00e9velopp\u00e9 pour offrir \u00e0 la fois un soutien pr\u00e9ventif et un soulagement th\u00e9rapeutique des probl\u00e8mes articulaires, tels que l\u2019arthrose. La douleur articulaire chronique est une plainte courante chez les animaux \u00e2g\u00e9s et les races de sport, et n\u00e9cessite une approche int\u00e9gr\u00e9e. <\/p>\n<p>Le <strong>protocole th\u00e9rapeutique<\/strong> se compose de :<br \/>\n\u2022 <strong>Huile de calanus<\/strong> : riche en acides gras om\u00e9ga-3 et en astaxanthine pour l\u2019anti-inflammatoire et la protection du cartilage<br \/>\n\u2022 <strong>Soutien de la mobilit\u00e9<\/strong> : membrane de coquille d\u2019\u0153uf avec collag\u00e8ne, glucosamine et acide<br \/>\n hyaluronique\u2022 <strong>Complexe PEA<\/strong> : soulagement de la douleur liposomale pour l\u2019inflammation<br \/>\n chronique\u2022 <strong>Huile de CBD<\/strong> : agit en synergie avec le PEA et r\u00e9duit l\u2019anxi\u00e9t\u00e9, la douleur et le stress<br \/>\n\u2022 <strong>Complexe immunitaire myco<\/strong>: champignons m\u00e9dicinaux aux effets anti-inflammatoires et immunomodulateurs<\/p>\n<p style=\"font-weight: 400;\">S\u2019il n\u2019y a pas encore de plaintes, mais que vous recherchez un bon soutien en tant que <strong>traitement pr\u00e9ventif<\/strong>. Ensuite, la combinaison de <strong>l\u2019huile de calanus<\/strong> et de la <strong>membrane de la coquille d\u2019\u0153uf<\/strong> suffit. <\/p>\n<p style=\"font-weight: 400;\"><span style=\"font-size: inherit;\">En cas de combinaison avec d\u2019autres troubles (tels que des probl\u00e8mes cutan\u00e9s, intestinaux ou comportementaux) ou s\u2019il y a des douleurs pendant plus de 6 mois, le <strong>protocole intestinal<\/strong> est en outre conseill\u00e9. C <\/span>La douleur hronique a \u00e9galement un effet majeur sur d\u2019autres organes.<\/p>\n","protected":false},"excerpt":{"rendered":"<p style=\"font-weight: 400;\">Le protocole articulaire NGD Care a \u00e9t\u00e9 d\u00e9velopp\u00e9 pour soutenir la flexibilit\u00e9 des articulations, la mobilit\u00e9 et le confort. Il vise \u00e0 r\u00e9duire les r\u00e9ponses inflammatoires, \u00e0 soutenir le cartilage et \u00e0 am\u00e9liorer la libert\u00e9 de mouvement. <\/p>\n","protected":false},"featured_media":12187,"comment_status":"open","ping_status":"closed","template":"","meta":{"wds_primary_product_brand":0,"wds_primary_product_cat":185,"wds_primary_merken":0},"product_brand":[],"product_cat":[543],"product_tag":[1096,1095,1045,1098,1046,859,909,908,1048,1044,656,648,1097,1047,1049,1002,1094,1066],"merken":[],"class_list":{"0":"post-3968","1":"product","2":"type-product","3":"status-publish","4":"has-post-thumbnail","6":"product_cat-protocole","7":"product_tag-anti-inflammatoire-fr","8":"product_tag-arthrite","9":"product_tag-arthrose-fr","10":"product_tag-boswellia-fr","11":"product_tag-cdb","12":"product_tag-champignons-medicinaux","13":"product_tag-chat","14":"product_tag-chien","15":"product_tag-collagene","16":"product_tag-douleurs-articulaires","17":"product_tag-huile-de-calanus","18":"product_tag-joints-fr","19":"product_tag-membrane-de-coquille-doeuf","20":"product_tag-mobilite","21":"product_tag-myco-fr","22":"product_tag-pois","23":"product_tag-protocole-commun","24":"product_tag-protocole-de-soins-ngd","25":"infinite-scroll-item","26":"sales-flash-overlay","27":"woocommerce-text-align-center","28":"woocommerce-image-align-center","29":"do-quantity-buttons","31":"first","32":"instock","33":"sale","34":"taxable","35":"shipping-taxable","36":"purchasable","37":"product-type-variable"},"_links":{"self":[{"href":"https:\/\/www.ngdcare.nl\/fr\/wp-json\/wp\/v2\/product\/3968","targetHints":{"allow":["GET"]}}],"collection":[{"href":"https:\/\/www.ngdcare.nl\/fr\/wp-json\/wp\/v2\/product"}],"about":[{"href":"https:\/\/www.ngdcare.nl\/fr\/wp-json\/wp\/v2\/types\/product"}],"replies":[{"embeddable":true,"href":"https:\/\/www.ngdcare.nl\/fr\/wp-json\/wp\/v2\/comments?post=3968"}],"wp:featuredmedia":[{"embeddable":true,"href":"https:\/\/www.ngdcare.nl\/fr\/wp-json\/wp\/v2\/media\/12187"}],"wp:attachment":[{"href":"https:\/\/www.ngdcare.nl\/fr\/wp-json\/wp\/v2\/media?parent=3968"}],"wp:term":[{"taxonomy":"product_brand","embeddable":true,"href":"https:\/\/www.ngdcare.nl\/fr\/wp-json\/wp\/v2\/product_brand?post=3968"},{"taxonomy":"product_cat","embeddable":true,"href":"https:\/\/www.ngdcare.nl\/fr\/wp-json\/wp\/v2\/product_cat?post=3968"},{"taxonomy":"product_tag","embeddable":true,"href":"https:\/\/www.ngdcare.nl\/fr\/wp-json\/wp\/v2\/product_tag?post=3968"},{"taxonomy":"merken","embeddable":true,"href":"https:\/\/www.ngdcare.nl\/fr\/wp-json\/wp\/v2\/merken?post=3968"}],"curies":[{"name":"wp","href":"https:\/\/api.w.org\/{rel}","templated":true}]}}