{"id":3971,"date":"2024-04-22T22:57:26","date_gmt":"2024-04-22T20:57:26","guid":{"rendered":"https:\/\/www.ngdcare.nl\/product\/non%20class\u00e9\/boite-de-test-ngd-care\/"},"modified":"2026-04-07T17:26:31","modified_gmt":"2026-04-07T15:26:31","slug":"boite-de-test-ngd-care","status":"publish","type":"product","link":"https:\/\/www.ngdcare.nl\/fr\/product\/supplements-orthomoleculaires\/boite-de-test-ngd-care\/","title":{"rendered":"Soins des maladies du sang-froid (bo\u00eetes de test)"},"content":{"rendered":"<p>Cette bo\u00eete de test contient tous les compl\u00e9ments alimentaires NGDCare (donc pas de rem\u00e8des floraux, huiles essentielles, ozone et produits collo\u00efdaux). Les testeurs peuvent \u00eatre utilis\u00e9s pour tester en utilisant la bior\u00e9sonance, la kin\u00e9siologie ou le biotensor. <\/p>\n","protected":false},"excerpt":{"rendered":"<p>Bo\u00eete \u00e0 test avec tous les compl\u00e9ments alimentaires pour les soins ONG<\/p>\n","protected":false},"featured_media":18066,"comment_status":"open","ping_status":"closed","template":"","meta":{"wds_primary_product_brand":0,"wds_primary_product_cat":15,"wds_primary_merken":0},"product_brand":[],"product_cat":[544],"product_tag":[],"merken":[],"class_list":{"0":"post-3971","1":"product","2":"type-product","3":"status-publish","4":"has-post-thumbnail","6":"product_cat-supplements-orthomoleculaires","7":"infinite-scroll-item","8":"sales-flash-overlay","9":"woocommerce-text-align-center","10":"woocommerce-image-align-center","11":"do-quantity-buttons","13":"first","14":"instock","15":"taxable","16":"shipping-taxable","17":"purchasable","18":"product-type-simple"},"_links":{"self":[{"href":"https:\/\/www.ngdcare.nl\/fr\/wp-json\/wp\/v2\/product\/3971","targetHints":{"allow":["GET"]}}],"collection":[{"href":"https:\/\/www.ngdcare.nl\/fr\/wp-json\/wp\/v2\/product"}],"about":[{"href":"https:\/\/www.ngdcare.nl\/fr\/wp-json\/wp\/v2\/types\/product"}],"replies":[{"embeddable":true,"href":"https:\/\/www.ngdcare.nl\/fr\/wp-json\/wp\/v2\/comments?post=3971"}],"wp:featuredmedia":[{"embeddable":true,"href":"https:\/\/www.ngdcare.nl\/fr\/wp-json\/wp\/v2\/media\/18066"}],"wp:attachment":[{"href":"https:\/\/www.ngdcare.nl\/fr\/wp-json\/wp\/v2\/media?parent=3971"}],"wp:term":[{"taxonomy":"product_brand","embeddable":true,"href":"https:\/\/www.ngdcare.nl\/fr\/wp-json\/wp\/v2\/product_brand?post=3971"},{"taxonomy":"product_cat","embeddable":true,"href":"https:\/\/www.ngdcare.nl\/fr\/wp-json\/wp\/v2\/product_cat?post=3971"},{"taxonomy":"product_tag","embeddable":true,"href":"https:\/\/www.ngdcare.nl\/fr\/wp-json\/wp\/v2\/product_tag?post=3971"},{"taxonomy":"merken","embeddable":true,"href":"https:\/\/www.ngdcare.nl\/fr\/wp-json\/wp\/v2\/merken?post=3971"}],"curies":[{"name":"wp","href":"https:\/\/api.w.org\/{rel}","templated":true}]}}