{"id":3974,"date":"2024-04-18T12:41:39","date_gmt":"2024-04-18T10:41:39","guid":{"rendered":"https:\/\/www.ngdcare.nl\/product\/non%20class\u00e9\/melange-o-mega\/"},"modified":"2026-04-09T21:51:25","modified_gmt":"2026-04-09T19:51:25","slug":"melange-o-mega","status":"publish","type":"product","link":"https:\/\/www.ngdcare.nl\/fr\/product\/sante-veterinaire\/supplements-orthomoleculaires\/melange-o-mega\/","title":{"rendered":"Huile de Calanus \u2013 M\u00e9lange O Mega"},"content":{"rendered":"<p style=\"font-weight: 400;\"><strong>NGD Care \u2013 O-Mega Blend<\/strong> est une formule om\u00e9ga-3 durable et de haute qualit\u00e9 pour chiens et chats, \u00e0 base <strong>d\u2019huile de calanus<\/strong>. Cette huile est extraite du <em>Calanus finmarchicus<\/em>, un zooplancton de l\u2019oc\u00e9an Atlantique Nord. L\u2019huile de Calanus se distingue de l\u2019huile de poisson et de l\u2019huile de krill par sa composition unique d\u2019acides gras sous forme d\u2019esters cireux, qui assurent une absorption plus lente et plus profonde dans l\u2019intestin ainsi qu\u2019un effet biologique plus fort.  <\/p>\n<p style=\"font-weight: 400;\">Les acides gras de cette huile \u2013 dont <strong>l\u2019EPA, DHA, SDA<\/strong> et <strong>l\u2019acide alpha-linol\u00e9nic<\/strong> \u2013 soutiennent le c\u0153ur, les muscles, le cerveau, le syst\u00e8me immunitaire et le m\u00e9tabolisme des graisses, entre autres. L\u2019huile de Calanus active le r\u00e9cepteur FFA4 dans l\u2019intestin, affectant l\u2019inhibition de l\u2019inflammation, la suppression de la faim et le m\u00e9tabolisme du glucose. Cette huile est donc un excellent choix pour l\u2019ob\u00e9sit\u00e9, la r\u00e9sistance \u00e0 l\u2019insuline, les probl\u00e8mes cardiaques et l\u2019inflammation chronique de faible intensit\u00e9.  <\/p>\n<p style=\"font-weight: 400;\">De plus, l\u2019huile de calanus contient :<\/p>\n<ul>\n<li><strong>Astaxanthine<\/strong> \u2013 un puissant antioxydant qui prot\u00e8ge les cellules des dommages oxydatifs<\/li>\n<li><strong>Policosanol<\/strong> \u2013 soutient la fonction musculaire, la gestion du cholest\u00e9rol et l\u2019agr\u00e9gation plaquettaire<\/li>\n<\/ul>\n<p style=\"font-weight: 400;\">Notre m\u00e9lange O-Mega ne contient ni saumon, ni krill, ni huile de moule en raison de la plus faible puret\u00e9 et de l\u2019impact \u00e9cologique plus \u00e9lev\u00e9 de ces sources. Avec l\u2019huile de calanus, vous choisissez un compl\u00e9ment om\u00e9ga-3 pur, efficace et responsable. <\/p>\n","protected":false},"excerpt":{"rendered":"<div>\n<p class=\"p3\">Om\u00e9ga 3 durable de l\u2019huile de Calanus. Soutient le m\u00e9tabolisme des graisses, la fonction musculaire, la sant\u00e9 cardiovasculaire et r\u00e9duit l\u2019inflammation chez les chiens et les chats. <\/p>\n<\/div>\n<p>&nbsp;<\/p>\n","protected":false},"featured_media":17752,"comment_status":"open","ping_status":"closed","template":"","meta":{"wds_primary_product_brand":0,"wds_primary_product_cat":187,"wds_primary_merken":0},"product_brand":[],"product_cat":[646,544,642,541,540,548,547],"product_tag":[662,567,650,571,666,569,568,654,665,653,656,648,664,657,659,661,660,658,570,663,655],"merken":[],"class_list":{"0":"post-3974","1":"product","2":"type-product","3":"status-publish","4":"has-post-thumbnail","6":"product_cat-anti-inflammatoire","7":"product_cat-supplements-orthomoleculaires","8":"product_cat-joints-fr","9":"product_cat-peau-et-pelage","10":"product_cat-systeme-immunitaire","11":"product_cat-vitalite-generale","12":"product_cat-vitamines-et-mineraux","13":"product_tag-alternative-a-lhuile-de-poisson","14":"product_tag-animaux","15":"product_tag-anti-inflammatoire","16":"product_tag-antioxydant","17":"product_tag-astaxanthine-fr","18":"product_tag-chats","19":"product_tag-chiens","20":"product_tag-energie-fr","21":"product_tag-epa-et-dha","22":"product_tag-holistique","23":"product_tag-huile-de-calanus","24":"product_tag-joints-fr","25":"product_tag-longevite","26":"product_tag-omega-3-fr","27":"product_tag-peau-saine","28":"product_tag-sante-cardiaque","29":"product_tag-sante-du-pelage","30":"product_tag-supplement-pour-animaux","31":"product_tag-systeme-immunitaire","32":"product_tag-vieillesse-en-bonne-sante","33":"product_tag-vitalite","34":"infinite-scroll-item","35":"sales-flash-overlay","36":"woocommerce-text-align-center","37":"woocommerce-image-align-center","38":"do-quantity-buttons","40":"first","41":"instock","42":"taxable","43":"shipping-taxable","44":"purchasable","45":"product-type-simple"},"_links":{"self":[{"href":"https:\/\/www.ngdcare.nl\/fr\/wp-json\/wp\/v2\/product\/3974","targetHints":{"allow":["GET"]}}],"collection":[{"href":"https:\/\/www.ngdcare.nl\/fr\/wp-json\/wp\/v2\/product"}],"about":[{"href":"https:\/\/www.ngdcare.nl\/fr\/wp-json\/wp\/v2\/types\/product"}],"replies":[{"embeddable":true,"href":"https:\/\/www.ngdcare.nl\/fr\/wp-json\/wp\/v2\/comments?post=3974"}],"wp:featuredmedia":[{"embeddable":true,"href":"https:\/\/www.ngdcare.nl\/fr\/wp-json\/wp\/v2\/media\/17752"}],"wp:attachment":[{"href":"https:\/\/www.ngdcare.nl\/fr\/wp-json\/wp\/v2\/media?parent=3974"}],"wp:term":[{"taxonomy":"product_brand","embeddable":true,"href":"https:\/\/www.ngdcare.nl\/fr\/wp-json\/wp\/v2\/product_brand?post=3974"},{"taxonomy":"product_cat","embeddable":true,"href":"https:\/\/www.ngdcare.nl\/fr\/wp-json\/wp\/v2\/product_cat?post=3974"},{"taxonomy":"product_tag","embeddable":true,"href":"https:\/\/www.ngdcare.nl\/fr\/wp-json\/wp\/v2\/product_tag?post=3974"},{"taxonomy":"merken","embeddable":true,"href":"https:\/\/www.ngdcare.nl\/fr\/wp-json\/wp\/v2\/merken?post=3974"}],"curies":[{"name":"wp","href":"https:\/\/api.w.org\/{rel}","templated":true}]}}