{"id":3976,"date":"2024-03-02T21:37:21","date_gmt":"2024-03-02T21:37:21","guid":{"rendered":"https:\/\/www.ngdcare.nl\/product\/non%20class\u00e9\/flacon-pulverisateur-darome\/"},"modified":"2025-05-15T15:50:26","modified_gmt":"2025-05-15T13:50:26","slug":"flacon-pulverisateur-darome","status":"publish","type":"product","link":"https:\/\/www.ngdcare.nl\/fr\/product\/aromatherapie-fr\/flacon-pulverisateur-darome\/","title":{"rendered":"Flacon pulv\u00e9risateur d\u2019ar\u00f4me"},"content":{"rendered":"<p>Le flacon pulv\u00e9risateur est adapt\u00e9 pour faire vous-m\u00eame une dilution d\u2019un m\u00e9lange d\u2019huiles essentielles. Vous pouvez m\u00e9langer 1 ml d\u2019huile essentielle avec 100-200 ml d\u2019eau. <\/p>\n<p>Le flacon pulv\u00e9risateur peut \u00eatre utilis\u00e9 avec les m\u00e9langes d\u2019huiles essentielles NGD Care Soutien contre les puces et les tiques, Soutien \u00e0 la mise \u00e0 la terre, Soutien contre le stress et Soutien contre l\u2019anxi\u00e9t\u00e9.<\/p>\n","protected":false},"excerpt":{"rendered":"<p>Le flacon pulv\u00e9risateur est adapt\u00e9 pour faire vous-m\u00eame une dilution d\u2019un m\u00e9lange d\u2019huiles essentielles. Vous pouvez m\u00e9langer 1 ml d\u2019huile essentielle avec 100-200 ml d\u2019eau. Le flacon pulv\u00e9risateur peut \u00eatre utilis\u00e9 avec les m\u00e9langes d\u2019huiles essentielles NGD Care Soutien contre les puces et les tiques, Soutien \u00e0 la mise \u00e0 la terre, Soutien contre le &#8230; <a title=\"Flacon pulv\u00e9risateur d\u2019ar\u00f4me\" class=\"read-more\" href=\"https:\/\/www.ngdcare.nl\/fr\/product\/aromatherapie-fr\/flacon-pulverisateur-darome\/\" aria-label=\"En savoir plus sur Flacon pulv\u00e9risateur d\u2019ar\u00f4me\">Lire plus<\/a><\/p>\n","protected":false},"featured_media":12585,"comment_status":"open","ping_status":"closed","template":"","meta":[],"product_brand":[],"product_cat":[667],"product_tag":[],"merken":[],"class_list":{"0":"post-3976","1":"product","2":"type-product","3":"status-publish","4":"has-post-thumbnail","6":"product_cat-aromatherapie-fr","7":"infinite-scroll-item","8":"sales-flash-overlay","9":"woocommerce-text-align-center","10":"woocommerce-image-align-center","11":"do-quantity-buttons","13":"first","14":"instock","15":"taxable","16":"shipping-taxable","17":"purchasable","18":"product-type-simple"},"_links":{"self":[{"href":"https:\/\/www.ngdcare.nl\/fr\/wp-json\/wp\/v2\/product\/3976","targetHints":{"allow":["GET"]}}],"collection":[{"href":"https:\/\/www.ngdcare.nl\/fr\/wp-json\/wp\/v2\/product"}],"about":[{"href":"https:\/\/www.ngdcare.nl\/fr\/wp-json\/wp\/v2\/types\/product"}],"replies":[{"embeddable":true,"href":"https:\/\/www.ngdcare.nl\/fr\/wp-json\/wp\/v2\/comments?post=3976"}],"wp:featuredmedia":[{"embeddable":true,"href":"https:\/\/www.ngdcare.nl\/fr\/wp-json\/wp\/v2\/media\/12585"}],"wp:attachment":[{"href":"https:\/\/www.ngdcare.nl\/fr\/wp-json\/wp\/v2\/media?parent=3976"}],"wp:term":[{"taxonomy":"product_brand","embeddable":true,"href":"https:\/\/www.ngdcare.nl\/fr\/wp-json\/wp\/v2\/product_brand?post=3976"},{"taxonomy":"product_cat","embeddable":true,"href":"https:\/\/www.ngdcare.nl\/fr\/wp-json\/wp\/v2\/product_cat?post=3976"},{"taxonomy":"product_tag","embeddable":true,"href":"https:\/\/www.ngdcare.nl\/fr\/wp-json\/wp\/v2\/product_tag?post=3976"},{"taxonomy":"merken","embeddable":true,"href":"https:\/\/www.ngdcare.nl\/fr\/wp-json\/wp\/v2\/merken?post=3976"}],"curies":[{"name":"wp","href":"https:\/\/api.w.org\/{rel}","templated":true}]}}