{"id":3998,"date":"2024-02-27T22:17:45","date_gmt":"2024-02-27T22:17:45","guid":{"rendered":"https:\/\/www.ngdcare.nl\/product\/non%20class\u00e9\/soutien-a-la-mise-a-la-terre-des-aromes\/"},"modified":"2026-01-25T21:54:36","modified_gmt":"2026-01-25T20:54:36","slug":"soutien-a-la-mise-a-la-terre-des-aromes","status":"publish","type":"product","link":"https:\/\/www.ngdcare.nl\/fr\/product\/aromatherapie-fr\/soutien-a-la-mise-a-la-terre-des-aromes\/","title":{"rendered":"Support de mise au sol"},"content":{"rendered":"<p data-start=\"762\" data-end=\"1068\">Certains animaux sont facilement agit\u00e9s, nerveux ou semblent \u00ab mal \u00e0 l\u2019aise dans leur corps \u00bb. Cela peut se manifester par un comportement alerte, des mouvements agit\u00e9s, une mauvaise relaxation ou des difficult\u00e9s \u00e0 r\u00e9cup\u00e9rer apr\u00e8s un stimuli. <span class=\"s1\"><b>NGD Care Grounding Support<\/b><\/span> est un m\u00e9lange soigneusement compos\u00e9 qui aide l\u2019animal \u00e0 s\u2019ancrer et \u00e0 se d\u00e9tendre.<br data-start=\"971\" data-end=\"974\">Le soutien d\u2019ancrage est con\u00e7u <strong data-start=\"1018\" data-end=\"1038\">pour aider<\/strong> l\u2019animal \u00e0 atterrir, tant physiquement qu\u2019\u00e9motionnellement. <\/p>\n<p data-start=\"1070\" data-end=\"1227\">La combinaison d\u2019huiles essentielles ancrantes et apaisantes favorise le <strong data-start=\"1146\" data-end=\"1193\">sentiment de s\u00e9curit\u00e9 et de conscience corporelle<\/strong>, sans oppresser l\u2019animal.<\/p>\n<h4><strong data-start=\"688\" data-end=\"705\">Composition<\/strong><\/h4>\n<ul>\n<li data-start=\"797\" data-end=\"872\"><strong data-start=\"797\" data-end=\"811\">Santal<\/strong> \u2013 approfondissement et stabilisation, favorise la paix int\u00e9rieure<\/li>\n<li data-start=\"875\" data-end=\"951\"><strong data-start=\"875\" data-end=\"888\">C\u00e8dre<\/strong> \u2013 ancrage et protecteur, favorise la s\u00e9curit\u00e9 et la solidit\u00e9<\/li>\n<li data-start=\"954\" data-end=\"1032\"><strong data-start=\"954\" data-end=\"967\">Patchouli<\/strong> \u2013 solide ancrage, aide \u00e0 g\u00e9rer l\u2019agitation et la fragmentation \u00e9motionnelle<\/li>\n<li data-start=\"1035\" data-end=\"1108\"><strong data-start=\"1035\" data-end=\"1046\">Vetiver<\/strong> \u2013 ancrage profond, soutient la r\u00e9gulation du syst\u00e8me nerveux<\/li>\n<li data-start=\"1111\" data-end=\"1176\"><strong data-start=\"1111\" data-end=\"1122\">Cypr\u00e8s<\/strong> \u2013 aide \u00e0 rel\u00e2cher la tension et favorise le flux<\/li>\n<li data-start=\"1179\" data-end=\"1257\"><strong data-start=\"1179\" data-end=\"1188\">Myrrhe<\/strong> \u2013 apaisante et r\u00e9paratrice, soutient la tension \u00e9motionnelle<\/li>\n<li data-start=\"1260\" data-end=\"1337\"><strong data-start=\"1260\" data-end=\"1276\">Encens<\/strong> \u2013 r\u00e9gulateur et harmonisant, soutient la concentration et l\u2019\u00e9quilibre<\/li>\n<\/ul>\n<h4><strong data-start=\"1990\" data-end=\"2015\">Variantes disponibles<\/strong><\/h4>\n<ul>\n<li><strong>Rouleau<\/strong>\n<ul>\n<li data-start=\"2032\" data-end=\"2069\">Pour une application directe sur l\u2019animal<\/li>\n<li data-start=\"2072\" data-end=\"2114\">Id\u00e9al pour l\u2019agitation ou l\u2019instabilit\u00e9 aigu\u00eb<\/li>\n<li data-start=\"2117\" data-end=\"2150\">Adapt\u00e9 \u00e0 un usage quotidien<\/li>\n<\/ul>\n<\/li>\n<li data-start=\"2117\" data-end=\"2150\"><strong>Huile pure<\/strong>\n<ul>\n<li data-start=\"2171\" data-end=\"2201\">Pour une utilisation dans un diffuseur<\/li>\n<li data-start=\"2204\" data-end=\"2242\">Peut \u00eatre dilu\u00e9 avec une huile porteuse<\/li>\n<li data-start=\"2245\" data-end=\"2282\">Favorise la paix dans l\u2019environnement de vie<\/li>\n<\/ul>\n<\/li>\n<\/ul>\n","protected":false},"excerpt":{"rendered":"<p class=\"p1\">NGD Care \u2013 Grounding Support est un m\u00e9lange naturel d\u2019aromath\u00e9rapie pour les chiens et les chats qui ont du mal \u00e0 s\u2019ancrer, qui se sentent en ins\u00e9curit\u00e9 ou qui perdent facilement l\u2019\u00e9quilibre. Cette combinaison favorise un sentiment de stabilit\u00e9, de calme et de pr\u00e9sence physique. <\/p>\n","protected":false},"featured_media":12764,"comment_status":"open","ping_status":"closed","template":"","meta":[],"product_brand":[],"product_cat":[667],"product_tag":[7101,7064,7096,7099,7094,7104,7066,1660],"merken":[],"class_list":{"0":"post-3998","1":"product","2":"type-product","3":"status-publish","4":"has-post-thumbnail","6":"product_cat-aromatherapie-fr","7":"product_tag-animal-sensible-aux-stimuli","8":"product_tag-animaux-daromatherapie","9":"product_tag-chat-decrasement","10":"product_tag-chien-agite","11":"product_tag-chien-dechouement","12":"product_tag-huile-essentielle-ngd-care","13":"product_tag-huile-essentielle-pour-chien-2","14":"product_tag-tranquillite-naturelle","15":"infinite-scroll-item","16":"sales-flash-overlay","17":"woocommerce-text-align-center","18":"woocommerce-image-align-center","19":"do-quantity-buttons","21":"first","22":"instock","23":"taxable","24":"shipping-taxable","25":"purchasable","26":"product-type-variable"},"_links":{"self":[{"href":"https:\/\/www.ngdcare.nl\/fr\/wp-json\/wp\/v2\/product\/3998","targetHints":{"allow":["GET"]}}],"collection":[{"href":"https:\/\/www.ngdcare.nl\/fr\/wp-json\/wp\/v2\/product"}],"about":[{"href":"https:\/\/www.ngdcare.nl\/fr\/wp-json\/wp\/v2\/types\/product"}],"replies":[{"embeddable":true,"href":"https:\/\/www.ngdcare.nl\/fr\/wp-json\/wp\/v2\/comments?post=3998"}],"wp:featuredmedia":[{"embeddable":true,"href":"https:\/\/www.ngdcare.nl\/fr\/wp-json\/wp\/v2\/media\/12764"}],"wp:attachment":[{"href":"https:\/\/www.ngdcare.nl\/fr\/wp-json\/wp\/v2\/media?parent=3998"}],"wp:term":[{"taxonomy":"product_brand","embeddable":true,"href":"https:\/\/www.ngdcare.nl\/fr\/wp-json\/wp\/v2\/product_brand?post=3998"},{"taxonomy":"product_cat","embeddable":true,"href":"https:\/\/www.ngdcare.nl\/fr\/wp-json\/wp\/v2\/product_cat?post=3998"},{"taxonomy":"product_tag","embeddable":true,"href":"https:\/\/www.ngdcare.nl\/fr\/wp-json\/wp\/v2\/product_tag?post=3998"},{"taxonomy":"merken","embeddable":true,"href":"https:\/\/www.ngdcare.nl\/fr\/wp-json\/wp\/v2\/merken?post=3998"}],"curies":[{"name":"wp","href":"https:\/\/api.w.org\/{rel}","templated":true}]}}