{"id":4072,"date":"2024-01-22T22:52:12","date_gmt":"2024-01-22T22:52:12","guid":{"rendered":"https:\/\/www.ngdcare.nl\/product\/non%20class\u00e9\/para-propre\/"},"modified":"2026-04-09T21:33:16","modified_gmt":"2026-04-09T19:33:16","slug":"para-propre","status":"publish","type":"product","link":"https:\/\/www.ngdcare.nl\/fr\/product\/supplements-orthomoleculaires\/para-propre\/","title":{"rendered":"NAC Berb\u00e9rine \u2013 Pour Reset"},"content":{"rendered":"<p style=\"font-weight: 400;\"><strong>NGD Care \u2013 NAC Berb\u00e9rine \u2013 Para Reset <\/strong>est une formule puissante visant \u00e0 percer la formation de biofilms chez <strong>les parasites, levures et champignons<\/strong>, tels que <em>Giardia lamblia<\/em> et <em>Candida albicans<\/em>. Cette combinaison soutient le tractus gastro-intestinal, renforce la d\u00e9toxification et aide le corps \u00e0 se remettre des processus inflammatoires chroniques des intestins, de la peau et des voies respiratoires. <\/p>\n<p style=\"font-weight: 400;\"><strong>La N-ac\u00e9tylcyst\u00e9ine (NAC)<\/strong> est un pr\u00e9curseur du glutathion, un antioxydant important qui prot\u00e8ge les cellules du stress oxydatif. La NAC peut d\u00e9composer les biofilms pathog\u00e8nes, soutenir le foie dans la d\u00e9toxification et prot\u00e9ger le corps contre les toxines lib\u00e9r\u00e9es lors de la d\u00e9gradation des micro-organismes infectieux. De plus, il contribue \u00e0 la r\u00e9gulation du glutamate dans le cerveau, ce qui est pertinent pour le comportement, le stress et les fonctions cognitives.  <\/p>\n<p style=\"font-weight: 400;\"><strong>La berb\u00e9rine<\/strong> est un alcalo\u00efde naturel avec un large spectre antimicrobien. Il est efficace contre les parasites, bact\u00e9ries, virus, levures et champignons, en particulier <em>la Giardia<\/em> et <em>la Candida<\/em>. La berb\u00e9rine soutient \u00e9galement un microbiome sain et emp\u00eache la prolif\u00e9ration excessive des esp\u00e8ces pathog\u00e8nes. Elle affecte \u00e9galement la sensibilit\u00e9 \u00e0 l\u2019insuline et l\u2019\u00e9pith\u00e9lium intestinal. Combin\u00e9e \u00e0 des th\u00e9rapies classiques (comme le Panacur ou les antifongiques), la berb\u00e9rine a un effet renforcant. La berb\u00e9rine a un effet toxique lorsqu\u2019elle p\u00e9n\u00e8tre dans le sang. Administr\u00e9 par voie orale, il est non toxique. En cons\u00e9quence, il a \u00e9t\u00e9 d\u00e9cid\u00e9 de ne pas fabriquer la berb\u00e9rine liposomal.       <\/p>\n<p style=\"font-weight: 400;\">Para Reset fait partie du <strong>protocole Giardia<\/strong> de NGD Care, mais peut \u00e9galement \u00eatre utilis\u00e9 pour d\u2019autres infections intestinales, des probl\u00e8mes cutan\u00e9s, des probl\u00e8mes pulmonaires ou des troubles chroniques li\u00e9s au biofilm.<\/p>\n","protected":false},"excerpt":{"rendered":"<p style=\"font-weight: 400;\">Para Reset combine NAC et berb\u00e9rine pour soutenir la formation de parasites, de levures et de biofilms. Travaille sur les intestins, la peau, les voies respiratoires et aide \u00e0 la r\u00e9cup\u00e9ration du microbiome. <\/p>\n","protected":false},"featured_media":17763,"comment_status":"open","ping_status":"closed","template":"","meta":[],"product_brand":[],"product_cat":[544,538,539],"product_tag":[1356,1025,909,575,1347,1358,1020,1355,1022,1357],"merken":[],"class_list":{"0":"post-4072","1":"product","2":"type-product","3":"status-publish","4":"has-post-thumbnail","6":"product_cat-supplements-orthomoleculaires","7":"product_cat-digestion","8":"product_cat-parasites-fr","9":"product_tag-agents-pathogenes","10":"product_tag-biofilm-fr","11":"product_tag-chat","12":"product_tag-cna","13":"product_tag-complements-alimentaires-ngd-care","14":"product_tag-eu","15":"product_tag-giardia-fr","16":"product_tag-n-acetylcysteine-fr-2","17":"product_tag-parasites","18":"product_tag-soutien-intestinal","19":"infinite-scroll-item","20":"sales-flash-overlay","21":"woocommerce-text-align-center","22":"woocommerce-image-align-center","23":"do-quantity-buttons","25":"first","26":"instock","27":"downloadable","28":"taxable","29":"shipping-taxable","30":"purchasable","31":"product-type-simple"},"_links":{"self":[{"href":"https:\/\/www.ngdcare.nl\/fr\/wp-json\/wp\/v2\/product\/4072","targetHints":{"allow":["GET"]}}],"collection":[{"href":"https:\/\/www.ngdcare.nl\/fr\/wp-json\/wp\/v2\/product"}],"about":[{"href":"https:\/\/www.ngdcare.nl\/fr\/wp-json\/wp\/v2\/types\/product"}],"replies":[{"embeddable":true,"href":"https:\/\/www.ngdcare.nl\/fr\/wp-json\/wp\/v2\/comments?post=4072"}],"wp:featuredmedia":[{"embeddable":true,"href":"https:\/\/www.ngdcare.nl\/fr\/wp-json\/wp\/v2\/media\/17763"}],"wp:attachment":[{"href":"https:\/\/www.ngdcare.nl\/fr\/wp-json\/wp\/v2\/media?parent=4072"}],"wp:term":[{"taxonomy":"product_brand","embeddable":true,"href":"https:\/\/www.ngdcare.nl\/fr\/wp-json\/wp\/v2\/product_brand?post=4072"},{"taxonomy":"product_cat","embeddable":true,"href":"https:\/\/www.ngdcare.nl\/fr\/wp-json\/wp\/v2\/product_cat?post=4072"},{"taxonomy":"product_tag","embeddable":true,"href":"https:\/\/www.ngdcare.nl\/fr\/wp-json\/wp\/v2\/product_tag?post=4072"},{"taxonomy":"merken","embeddable":true,"href":"https:\/\/www.ngdcare.nl\/fr\/wp-json\/wp\/v2\/merken?post=4072"}],"curies":[{"name":"wp","href":"https:\/\/api.w.org\/{rel}","templated":true}]}}