{"id":4073,"date":"2024-01-22T22:38:34","date_gmt":"2024-01-22T22:38:34","guid":{"rendered":"https:\/\/www.ngdcare.nl\/product\/non%20class\u00e9\/soutien-de-la-longevite-liposomale\/"},"modified":"2026-04-07T16:01:31","modified_gmt":"2026-04-07T14:01:31","slug":"soutien-de-la-longevite-liposomale","status":"publish","type":"product","link":"https:\/\/www.ngdcare.nl\/fr\/product\/sante-veterinaire\/supplements-orthomoleculaires\/soutien-de-la-longevite-liposomale\/","title":{"rendered":"NAD liposomal, resv\u00e9ratrol et ergotioneine \u2013 soutien de la long\u00e9vit\u00e9"},"content":{"rendered":"<p style=\"font-weight: 400;\"><strong>NGD Care \u2013 Longevity Support<\/strong> est une formule avanc\u00e9e qui aide \u00e0 ralentir le vieillissement cellulaire chez les animaux en soutenant la production d\u2019\u00e9nergie, la r\u00e9paration de l\u2019ADN, l\u2019inhibition de l\u2019inflammation et la neuroprotection. La combinaison de NAD, resv\u00e9ratrol et ergothion\u00e9ine a \u00e9t\u00e9 sp\u00e9cialement d\u00e9velopp\u00e9e pour les chiens et les chats et offre un effet synergique au niveau cellulaire. Gr\u00e2ce \u00e0 la forme posologique liposomal, les substances sont absorb\u00e9es de mani\u00e8re optimale, prot\u00e9g\u00e9es contre l\u2019acide gastrique et lib\u00e9r\u00e9es uniform\u00e9ment.  <\/p>\n<p style=\"font-weight: 400;\"><strong>Le NAD <\/strong>(nicotinamide ad\u00e9nine dinucl\u00e9otide) est une coenzyme impliqu\u00e9e dans plus de 400 processus biochimiques, dont le m\u00e9tabolisme \u00e9nerg\u00e9tique, la r\u00e9paration de l\u2019ADN, la division cellulaire et l\u2019activation de la sirtuine. La production naturelle de NAD diminue fortement \u00e0 partir du jeune \u00e2ge adulte (d\u00e8s 3-4 ans chez les chiens), ce qui contribue \u00e0 un vieillissement cellulaire acc\u00e9l\u00e9r\u00e9. <\/p>\n<p style=\"font-weight: 400;\"><strong>Le resv\u00e9ratrol<\/strong> agit comme un catalyseur du NAD et active l\u2019enzyme <strong>sirtuine-1<\/strong>, qui est impliqu\u00e9e dans la sant\u00e9 mitochondriale, le renouvellement cellulaire et l\u2019allongement de la dur\u00e9e de vie. Le resv\u00e9ratrol est un puissant antioxydant aux propri\u00e9t\u00e9s antivirales, antibact\u00e9riennes et anti-inflammatoires. <\/p>\n<p style=\"font-weight: 400;\"><strong>L\u2019ergothion\u00e9ine<\/strong>, un acide amin\u00e9 soufr\u00e9 provenant des champignons (y compris le Maitake et les pleurotes), traverse la barri\u00e8re h\u00e9mato-enc\u00e9phalique et prot\u00e8ge les cellules des dommages oxydatifs. Il est \u00e9tudi\u00e9 en relation avec les troubles neurod\u00e9g\u00e9n\u00e9ratifs tels que la maladie d\u2019Alzheimer et la maladie de Parkinson chez l\u2019homme, et pr\u00e9sente des avantages cardiovasculaires et m\u00e9taboliques prouv\u00e9s. <\/p>\n<p style=\"font-weight: 400;\">Cette combinaison soutient le corps \u00e0 plusieurs niveaux \u2014 du cerveau au c\u0153ur et \u00e0 l\u2019intestin \u2014 et contribue \u00e0 un vieillissement plus lent, \u00e0 une vitalit\u00e9 accrue et \u00e0 une sant\u00e9 \u00e0 long terme am\u00e9lior\u00e9e.<\/p>\n","protected":false},"excerpt":{"rendered":"<p style=\"font-weight: 400;\">Association liposomale de NAD, de resv\u00e9ratrol et d\u2019ergothion\u00e9ine. Soutient l\u2019\u00e9nergie, le renouvellement cellulaire et les processus de vieillissement chez les chiens et les chats. Anti-\u00e2ge au niveau cellulaire.  <\/p>\n<p style=\"font-weight: 400;\">\n","protected":false},"featured_media":17785,"comment_status":"open","ping_status":"closed","template":"","meta":{"wds_primary_product_brand":0,"wds_primary_product_cat":187,"wds_primary_merken":0},"product_brand":[],"product_cat":[646,544,542,540,548],"product_tag":[567,571,569,568,1347,734,706,664,732,1078,736,735,733,1380,570,731],"merken":[],"class_list":{"0":"post-4073","1":"product","2":"type-product","3":"status-publish","4":"has-post-thumbnail","6":"product_cat-anti-inflammatoire","7":"product_cat-supplements-orthomoleculaires","8":"product_cat-liposomale","9":"product_cat-systeme-immunitaire","10":"product_cat-vitalite-generale","11":"product_tag-animaux","12":"product_tag-antioxydant","13":"product_tag-chats","14":"product_tag-chiens","15":"product_tag-complements-alimentaires-ngd-care","16":"product_tag-ergotioneine-fr","17":"product_tag-liposomale","18":"product_tag-longevite","19":"product_tag-nad-fr","20":"product_tag-rajeunissement","21":"product_tag-regeneration-cellulaire","22":"product_tag-reparation-de-ladn","23":"product_tag-resveratrol-fr","24":"product_tag-sante-cellulaire","25":"product_tag-systeme-immunitaire","26":"product_tag-vitalite-generale","27":"infinite-scroll-item","28":"sales-flash-overlay","29":"woocommerce-text-align-center","30":"woocommerce-image-align-center","31":"do-quantity-buttons","33":"first","34":"instock","35":"taxable","36":"shipping-taxable","37":"purchasable","38":"product-type-simple"},"_links":{"self":[{"href":"https:\/\/www.ngdcare.nl\/fr\/wp-json\/wp\/v2\/product\/4073","targetHints":{"allow":["GET"]}}],"collection":[{"href":"https:\/\/www.ngdcare.nl\/fr\/wp-json\/wp\/v2\/product"}],"about":[{"href":"https:\/\/www.ngdcare.nl\/fr\/wp-json\/wp\/v2\/types\/product"}],"replies":[{"embeddable":true,"href":"https:\/\/www.ngdcare.nl\/fr\/wp-json\/wp\/v2\/comments?post=4073"}],"wp:featuredmedia":[{"embeddable":true,"href":"https:\/\/www.ngdcare.nl\/fr\/wp-json\/wp\/v2\/media\/17785"}],"wp:attachment":[{"href":"https:\/\/www.ngdcare.nl\/fr\/wp-json\/wp\/v2\/media?parent=4073"}],"wp:term":[{"taxonomy":"product_brand","embeddable":true,"href":"https:\/\/www.ngdcare.nl\/fr\/wp-json\/wp\/v2\/product_brand?post=4073"},{"taxonomy":"product_cat","embeddable":true,"href":"https:\/\/www.ngdcare.nl\/fr\/wp-json\/wp\/v2\/product_cat?post=4073"},{"taxonomy":"product_tag","embeddable":true,"href":"https:\/\/www.ngdcare.nl\/fr\/wp-json\/wp\/v2\/product_tag?post=4073"},{"taxonomy":"merken","embeddable":true,"href":"https:\/\/www.ngdcare.nl\/fr\/wp-json\/wp\/v2\/merken?post=4073"}],"curies":[{"name":"wp","href":"https:\/\/api.w.org\/{rel}","templated":true}]}}