{"id":4078,"date":"2024-01-22T22:32:03","date_gmt":"2024-01-22T22:32:03","guid":{"rendered":"https:\/\/www.ngdcare.nl\/product\/non%20class\u00e9\/enzymes-digestives\/"},"modified":"2026-04-07T16:06:44","modified_gmt":"2026-04-07T14:06:44","slug":"enzymes-digestives","status":"publish","type":"product","link":"https:\/\/www.ngdcare.nl\/fr\/product\/supplements-orthomoleculaires\/enzymes-digestives\/","title":{"rendered":"M\u00e9lange enzymatique 1 \u2013 Enzymes digestives"},"content":{"rendered":"<p style=\"font-weight: 400;\"><strong>NGD Care \u2013 Digestive Enzymes <\/strong>est une combinaison soigneusement formul\u00e9e d\u2019enzymes digestives pour soutenir la digestion chez les chiens et les chats. Cette formule aide \u00e0 d\u00e9composer les prot\u00e9ines, les graisses, les glucides, le lactose et les fibres, et soutient \u00e0 la fois la fonction gastrique (pepsina, b\u00e9ta\u00efne) et la fonction pancr\u00e9atique (amylase, lipase, prot\u00e9ase). Le compl\u00e9ment est particuli\u00e8rement adapt\u00e9 \u00e0 la r\u00e9duction de la production d\u2019enzymes due au stress, \u00e0 une inflammation de faible intensit\u00e9, \u00e0 des plaintes gastro-intestinales chroniques ou \u00e0 des affections telles que l\u2019insuffisance pancr\u00e9atique.  <\/p>\n<p style=\"font-weight: 400;\">Les enzymes de cette formule sont largement applicables :<\/p>\n<ul>\n<li><strong>Amylase<\/strong> \u2013 d\u00e9compose les amidons en sucres simples<\/li>\n<li><strong>Lipase<\/strong> \u2013 aide \u00e0 la digestion des graisses<\/li>\n<li><strong>Prot\u00e9ase, papa\u00efne et pepsine<\/strong> \u2013 prot\u00e9ines de digestion<\/li>\n<li><strong>Brom\u00e9la\u00efne<\/strong> \u2013 s\u00e9paration des prot\u00e9ines et anti-inflammatoire, fonctionne \u00e9galement pour les allergies<\/li>\n<li><strong>Cellulase<\/strong> \u2013 d\u00e9compose les fibres v\u00e9g\u00e9tales<\/li>\n<li><strong>Lactase<\/strong> \u2013 facilite la digestion du lactose<\/li>\n<li><strong>B\u00e9ta\u00efne<\/strong> \u2013 active la pepsine dans l\u2019estomac<\/li>\n<\/ul>\n<p style=\"font-weight: 400;\">En raison de la composition d\u2019une capsule r\u00e9sistante \u00e0 l\u2019acide gastrique, les enzymes ne deviennent actives que dans les intestins, o\u00f9 elles peuvent soutenir de mani\u00e8re optimale la digestion.<\/p>\n","protected":false},"excerpt":{"rendered":"<div>\n<p class=\"p3\">M\u00e9lange complet d\u2019enzymes digestives pour soutenir la fonction gastrique et pancr\u00e9atique chez les chiens et les chats. Aide \u00e0 la digestion des prot\u00e9ines, des graisses, des glucides et des fibres. <\/p>\n<\/div>\n","protected":false},"featured_media":17796,"comment_status":"open","ping_status":"closed","template":"","meta":[],"product_brand":[],"product_cat":[544,538],"product_tag":[567,755,569,568,1347,588,580,754,587,586,585,574,753,758,759,756,757],"merken":[],"class_list":{"0":"post-4078","1":"product","2":"type-product","3":"status-publish","4":"has-post-thumbnail","6":"product_cat-supplements-orthomoleculaires","7":"product_cat-digestion","8":"product_tag-animaux","9":"product_tag-betaine-hcl-fr","10":"product_tag-chats","11":"product_tag-chiens","12":"product_tag-complements-alimentaires-ngd-care","13":"product_tag-digestion-fr-2","14":"product_tag-digestion-fr","15":"product_tag-digestion-de-lamidon","16":"product_tag-digestion-des-glucides","17":"product_tag-digestion-des-graisses","18":"product_tag-digestion-des-proteines","19":"product_tag-enzymes-fr","20":"product_tag-enzymes-digestives-fr","21":"product_tag-pev","22":"product_tag-insuffisance-pancreatique-exocrine","23":"product_tag-pancreas-fr","24":"product_tag-pancreatite","25":"infinite-scroll-item","26":"sales-flash-overlay","27":"woocommerce-text-align-center","28":"woocommerce-image-align-center","29":"do-quantity-buttons","31":"first","32":"instock","33":"taxable","34":"shipping-taxable","35":"purchasable","36":"product-type-simple"},"_links":{"self":[{"href":"https:\/\/www.ngdcare.nl\/fr\/wp-json\/wp\/v2\/product\/4078","targetHints":{"allow":["GET"]}}],"collection":[{"href":"https:\/\/www.ngdcare.nl\/fr\/wp-json\/wp\/v2\/product"}],"about":[{"href":"https:\/\/www.ngdcare.nl\/fr\/wp-json\/wp\/v2\/types\/product"}],"replies":[{"embeddable":true,"href":"https:\/\/www.ngdcare.nl\/fr\/wp-json\/wp\/v2\/comments?post=4078"}],"wp:featuredmedia":[{"embeddable":true,"href":"https:\/\/www.ngdcare.nl\/fr\/wp-json\/wp\/v2\/media\/17796"}],"wp:attachment":[{"href":"https:\/\/www.ngdcare.nl\/fr\/wp-json\/wp\/v2\/media?parent=4078"}],"wp:term":[{"taxonomy":"product_brand","embeddable":true,"href":"https:\/\/www.ngdcare.nl\/fr\/wp-json\/wp\/v2\/product_brand?post=4078"},{"taxonomy":"product_cat","embeddable":true,"href":"https:\/\/www.ngdcare.nl\/fr\/wp-json\/wp\/v2\/product_cat?post=4078"},{"taxonomy":"product_tag","embeddable":true,"href":"https:\/\/www.ngdcare.nl\/fr\/wp-json\/wp\/v2\/product_tag?post=4078"},{"taxonomy":"merken","embeddable":true,"href":"https:\/\/www.ngdcare.nl\/fr\/wp-json\/wp\/v2\/merken?post=4078"}],"curies":[{"name":"wp","href":"https:\/\/api.w.org\/{rel}","templated":true}]}}