{"id":4083,"date":"2024-01-22T22:13:28","date_gmt":"2024-01-22T22:13:28","guid":{"rendered":"https:\/\/www.ngdcare.nl\/product\/non%20class\u00e9\/detox-verte\/"},"modified":"2026-04-07T16:05:22","modified_gmt":"2026-04-07T14:05:22","slug":"detox-verte","status":"publish","type":"product","link":"https:\/\/www.ngdcare.nl\/fr\/product\/sante-veterinaire\/supplements-orthomoleculaires\/detox-verte\/","title":{"rendered":"Chlorelle, spiruline et luzerne \u2013 Green detox"},"content":{"rendered":"<p style=\"font-weight: 400;\"><strong>NGD Care \u2013 Green Detox<\/strong> est une formule puissante de superaliment contenant de la chlorelle, de la spiruline et de la luzerne. Cette combinaison est sp\u00e9cifiquement formul\u00e9e pour aider le corps \u00e0 se d\u00e9toxifier, augmenter l\u2019\u00e9nergie et soutenir la fonction immunitaire chez les chiens et les chats. En raison des niveaux \u00e9lev\u00e9s de vitamines, min\u00e9raux, antioxydants et acides amin\u00e9s essentiels, ce compl\u00e9ment est tr\u00e8s adapt\u00e9 apr\u00e8s une maladie, une fatigue ou une charge toxique accrue.  <\/p>\n<ul>\n<li><strong>La chlorelle<\/strong> est riche en chlorophylle et a une forte liaison avec les m\u00e9taux lourds tels que le mercure, le plomb et le cadmium. De plus, il contient diverses vitamines B, vitamines C, E et K, des min\u00e9raux tels que le calcium, le zinc et le magn\u00e9sium, des enzymes et du b\u00eata-carot\u00e8ne. <\/li>\n<li><strong>La spiruline<\/strong> est une algue d\u2019eau sal\u00e9e \u00e0 tr\u00e8s haute teneur en prot\u00e9ines (dont tous les acides amin\u00e9s essentiels) et en puissants antioxydants tels que la <strong>phycocyanine<\/strong>. Il soutient le syst\u00e8me immunitaire, le foie et le syst\u00e8me cardiovasculaire, entre autres. <\/li>\n<li><strong>La luzerne<\/strong>, ou luzerne, est riche en oligo-\u00e9l\u00e9ments, vitamines et phytonutriments, et contribue \u00e0 une meilleure digestion, m\u00e9tabolisme et r\u00e9sistance.<\/li>\n<\/ul>\n","protected":false},"excerpt":{"rendered":"<div>\n<p class=\"p3\">Formule d\u00e9tox synergique \u00e0 base de chlorella, de spiruline et de luzerne. Favorise la d\u00e9toxification, l\u2019\u00e9nergie et la r\u00e9sistance chez les animaux. <\/p>\n<\/div>\n","protected":false},"featured_media":17807,"comment_status":"open","ping_status":"closed","template":"","meta":{"wds_primary_product_brand":0,"wds_primary_product_cat":187,"wds_primary_merken":0},"product_brand":[],"product_cat":[544,538,547],"product_tag":[567,571,569,568,773,1347,573,581,778,782,584,775,779,770],"merken":[],"class_list":{"0":"post-4083","1":"product","2":"type-product","3":"status-publish","4":"has-post-thumbnail","6":"product_cat-supplements-orthomoleculaires","7":"product_cat-digestion","8":"product_cat-vitamines-et-mineraux","9":"product_tag-animaux","10":"product_tag-antioxydant","11":"product_tag-chats","12":"product_tag-chiens","13":"product_tag-chlorella-fr","14":"product_tag-complements-alimentaires-ngd-care","15":"product_tag-desintoxication","16":"product_tag-desintoxication-fr","17":"product_tag-luzerne","18":"product_tag-metal-lourd","19":"product_tag-sante-intestinale","20":"product_tag-spiruline","21":"product_tag-superaliment","22":"product_tag-supplement-fr","23":"infinite-scroll-item","24":"sales-flash-overlay","25":"woocommerce-text-align-center","26":"woocommerce-image-align-center","27":"do-quantity-buttons","29":"first","30":"instock","31":"taxable","32":"shipping-taxable","33":"purchasable","34":"product-type-simple"},"_links":{"self":[{"href":"https:\/\/www.ngdcare.nl\/fr\/wp-json\/wp\/v2\/product\/4083","targetHints":{"allow":["GET"]}}],"collection":[{"href":"https:\/\/www.ngdcare.nl\/fr\/wp-json\/wp\/v2\/product"}],"about":[{"href":"https:\/\/www.ngdcare.nl\/fr\/wp-json\/wp\/v2\/types\/product"}],"replies":[{"embeddable":true,"href":"https:\/\/www.ngdcare.nl\/fr\/wp-json\/wp\/v2\/comments?post=4083"}],"wp:featuredmedia":[{"embeddable":true,"href":"https:\/\/www.ngdcare.nl\/fr\/wp-json\/wp\/v2\/media\/17807"}],"wp:attachment":[{"href":"https:\/\/www.ngdcare.nl\/fr\/wp-json\/wp\/v2\/media?parent=4083"}],"wp:term":[{"taxonomy":"product_brand","embeddable":true,"href":"https:\/\/www.ngdcare.nl\/fr\/wp-json\/wp\/v2\/product_brand?post=4083"},{"taxonomy":"product_cat","embeddable":true,"href":"https:\/\/www.ngdcare.nl\/fr\/wp-json\/wp\/v2\/product_cat?post=4083"},{"taxonomy":"product_tag","embeddable":true,"href":"https:\/\/www.ngdcare.nl\/fr\/wp-json\/wp\/v2\/product_tag?post=4083"},{"taxonomy":"merken","embeddable":true,"href":"https:\/\/www.ngdcare.nl\/fr\/wp-json\/wp\/v2\/merken?post=4083"}],"curies":[{"name":"wp","href":"https:\/\/api.w.org\/{rel}","templated":true}]}}