{"id":4086,"date":"2024-01-22T21:37:26","date_gmt":"2024-01-22T21:37:26","guid":{"rendered":"https:\/\/www.ngdcare.nl\/product\/non%20class\u00e9\/complexe-liposomal-actif-vit-b\/"},"modified":"2026-04-07T16:14:28","modified_gmt":"2026-04-07T14:14:28","slug":"complexe-liposomal-actif-vit-b","status":"publish","type":"product","link":"https:\/\/www.ngdcare.nl\/fr\/product\/sante-veterinaire\/supplements-orthomoleculaires\/complexe-liposomal-actif-vit-b\/","title":{"rendered":"Complexe Liposomal Actif Vit B"},"content":{"rendered":"<p style=\"font-weight: 400;\"><strong>NGD Care \u2013 Le complexe actif liposomal de vitamine B<\/strong> contient les huit vitamines B essentielles sous forme liposomale, sp\u00e9cialement d\u00e9velopp\u00e9es pour les chiens et les chats. Les vitamines B agissent comme un tout synergique : elles soutiennent la transformation \u00e9nerg\u00e9tique \u00e0 partir de l\u2019alimentation, la production de globules rouges, le syst\u00e8me nerveux, la peau, ainsi que l\u2019\u00e9quilibre hormonal et mental. <\/p>\n<p style=\"font-weight: 400;\"><span style=\"font-size: inherit;\"><span style=\"font-weight: 400;\">Comme l\u2019absorption des vitamines B est souvent limit\u00e9e en cas de probl\u00e8mes intestinaux, de vieillesse ou de maladie, elles sont emball\u00e9es liposomiquement dans ce compl\u00e9ment. Cela les prot\u00e8ge mieux contre l\u2019acide gastrique et les absorbe plus efficacement \u00e0 travers la paroi intestinale <\/span><\/span><span style=\"font-size: inherit;\">.<\/span><\/p>\n<p style=\"font-weight: 400;\">Ce complexe vitamin\u00e9 B est utilis\u00e9 pour :<\/p>\n<ul style=\"font-weight: 400;\">\n<li>fatigue et faible \u00e9nergie<\/li>\n<li>Probl\u00e8mes de concentration et stress mental<\/li>\n<li>An\u00e9mie et plaintes neurologiques<\/li>\n<li>Probl\u00e8mes gastro-intestinaux chroniques<\/li>\n<\/ul>\n<p style=\"font-weight: 400;\">Une carence en une vitamine B peut perturber le fonctionnement des autres, rendant un complexe complet essentiel pour un \u00e9quilibre optimal.<\/p>\n","protected":false},"excerpt":{"rendered":"<p style=\"font-weight: 400;\">Complexe de vitamines B liposomal avec les 8 vitamines B. Pour l\u2019\u00e9nergie, le syst\u00e8me nerveux, la production sanguine et l\u2019\u00e9quilibre mental chez les chiens et les chats. Une grande absorbabilit\u00e9 due aux liposomes.  <\/p>\n","protected":false},"featured_media":17868,"comment_status":"open","ping_status":"closed","template":"","meta":{"wds_primary_product_brand":0,"wds_primary_product_cat":23,"wds_primary_merken":0},"product_brand":[],"product_cat":[544,538,542,547],"product_tag":[567,796,795,794,812,569,568,792,799,816,804,654,801,813,811,802,706,817,814,807,809,790,810,806,815,808,805,791,793,803],"merken":[],"class_list":{"0":"post-4086","1":"product","2":"type-product","3":"status-publish","4":"has-post-thumbnail","6":"product_cat-supplements-orthomoleculaires","7":"product_cat-digestion","8":"product_cat-liposomale","9":"product_cat-vitamines-et-mineraux","10":"product_tag-animaux","11":"product_tag-b11-fr","12":"product_tag-b12-fr","13":"product_tag-b6-fr","14":"product_tag-biotine-fr","15":"product_tag-chats","16":"product_tag-chiens","17":"product_tag-complexe-b","18":"product_tag-comportement","19":"product_tag-concentration-fr","20":"product_tag-diarrhee","21":"product_tag-energie-fr","22":"product_tag-estomac","23":"product_tag-folate-de-calcium","24":"product_tag-inositol-fr","25":"product_tag-intestins","26":"product_tag-liposomale","27":"product_tag-memoire","28":"product_tag-methylcobalamine-fr","29":"product_tag-nicotinamide-fr","30":"product_tag-pantothenate-de-calcium","31":"product_tag-problemes-destomac-et-intestinaux","32":"product_tag-pyridoxal-5-phosphate-fr","33":"product_tag-riboflavine-fr","34":"product_tag-sang","35":"product_tag-bitartrate-de-choline","36":"product_tag-thiamine-hcl-fr","37":"product_tag-vitamine-b-fr","38":"product_tag-vitamine","39":"product_tag-vomir","40":"infinite-scroll-item","41":"sales-flash-overlay","42":"woocommerce-text-align-center","43":"woocommerce-image-align-center","44":"do-quantity-buttons","46":"first","47":"instock","48":"taxable","49":"shipping-taxable","50":"purchasable","51":"product-type-simple"},"_links":{"self":[{"href":"https:\/\/www.ngdcare.nl\/fr\/wp-json\/wp\/v2\/product\/4086","targetHints":{"allow":["GET"]}}],"collection":[{"href":"https:\/\/www.ngdcare.nl\/fr\/wp-json\/wp\/v2\/product"}],"about":[{"href":"https:\/\/www.ngdcare.nl\/fr\/wp-json\/wp\/v2\/types\/product"}],"replies":[{"embeddable":true,"href":"https:\/\/www.ngdcare.nl\/fr\/wp-json\/wp\/v2\/comments?post=4086"}],"wp:featuredmedia":[{"embeddable":true,"href":"https:\/\/www.ngdcare.nl\/fr\/wp-json\/wp\/v2\/media\/17868"}],"wp:attachment":[{"href":"https:\/\/www.ngdcare.nl\/fr\/wp-json\/wp\/v2\/media?parent=4086"}],"wp:term":[{"taxonomy":"product_brand","embeddable":true,"href":"https:\/\/www.ngdcare.nl\/fr\/wp-json\/wp\/v2\/product_brand?post=4086"},{"taxonomy":"product_cat","embeddable":true,"href":"https:\/\/www.ngdcare.nl\/fr\/wp-json\/wp\/v2\/product_cat?post=4086"},{"taxonomy":"product_tag","embeddable":true,"href":"https:\/\/www.ngdcare.nl\/fr\/wp-json\/wp\/v2\/product_tag?post=4086"},{"taxonomy":"merken","embeddable":true,"href":"https:\/\/www.ngdcare.nl\/fr\/wp-json\/wp\/v2\/merken?post=4086"}],"curies":[{"name":"wp","href":"https:\/\/api.w.org\/{rel}","templated":true}]}}