{"id":4087,"date":"2024-01-22T22:07:19","date_gmt":"2024-01-22T22:07:19","guid":{"rendered":"https:\/\/www.ngdcare.nl\/product\/non%20class\u00e9\/probiotiques-fermentes\/"},"modified":"2026-04-09T21:26:49","modified_gmt":"2026-04-09T19:26:49","slug":"probiotiques-fermentes","status":"publish","type":"product","link":"https:\/\/www.ngdcare.nl\/fr\/product\/sante-veterinaire\/supplements-orthomoleculaires\/probiotiques-fermentes\/","title":{"rendered":"Probiotiques ferment\u00e9s"},"content":{"rendered":"<p style=\"font-weight: 400;\"><strong>NGD Care \u2013 Les probiotiques ferment\u00e9s<\/strong> sont des k\u00e9firs ferment\u00e9s ferment\u00e9s lyophilis\u00e9s. Cette formule contient <strong>plus de 50 souches diff\u00e9rentes de bact\u00e9ries et levures naturelles<\/strong>, incluant diverses esp\u00e8ces de <em>Lactobacillus<\/em>, <em>Saccharomyces<\/em>, <em>Candida<\/em>, <em>Kluyveromyces<\/em> et <em>Acetobacter<\/em>. Cela en fait un complexe probiotique \u00e0 large action qui soutient le microbiome \u00e0 plusieurs niveaux.  <\/p>\n<p style=\"font-weight: 400;\">Le k\u00e9fir d\u2019eau est id\u00e9alement adapt\u00e9 aux animaux souffrant de probl\u00e8mes intestinaux, de perturbations de la flore intestinale, ou apr\u00e8s l\u2019administration de m\u00e9dicaments tels que des antibiotiques, des m\u00e9dicaments anti-puces ou des vermifuges. Elle contribue \u00e0 restaurer l\u2019\u00e9quilibre microbien et renforce la fonction barri\u00e8re de la paroi intestinale. De plus, il a une influence positive sur le syst\u00e8me immunitaire, l\u2019\u00e9quilibre \u00e9nerg\u00e9tique et le bien-\u00eatre g\u00e9n\u00e9ral de l\u2019animal.  <\/p>\n<p style=\"font-weight: 400;\">Contrairement aux produits probiotiques isol\u00e9s, le k\u00e9fir d\u2019eau offre un produit enti\u00e8rement ferment\u00e9, qui assure une symbiose naturelle de bact\u00e9ries et de levures. Cette synergie est essentielle \u00e0 la colonisation, \u00e0 la diversit\u00e9 et au fonctionnement du microbiome intestinal. <\/p>\n","protected":false},"excerpt":{"rendered":"<p>Cette boisson \u00e0 l\u2019eau ferment\u00e9e lyophilis\u00e9e contient plus de 50 souches de bact\u00e9ries et de levures. Soutient la flore intestinale, la digestion et le syst\u00e8me immunitaire chez les chiens et les chats. Id\u00e9al apr\u00e8s des antibiotiques ou un vermifuge.  <\/p>\n","protected":false},"featured_media":17825,"comment_status":"open","ping_status":"closed","template":"","meta":{"wds_primary_product_brand":0,"wds_primary_product_cat":16,"wds_primary_merken":0},"product_brand":[],"product_cat":[544,538,540],"product_tag":[567,909,569,908,568,1347,1342,653,1345,797,798,800,584,770,570],"merken":[],"class_list":{"0":"post-4087","1":"product","2":"type-product","3":"status-publish","4":"has-post-thumbnail","6":"product_cat-supplements-orthomoleculaires","7":"product_cat-digestion","8":"product_cat-systeme-immunitaire","9":"product_tag-animaux","10":"product_tag-chat","11":"product_tag-chats","12":"product_tag-chien","13":"product_tag-chiens","14":"product_tag-complements-alimentaires-ngd-care","15":"product_tag-fermentation","16":"product_tag-holistique","17":"product_tag-kefir-fr","18":"product_tag-kefir-deau","19":"product_tag-microbiome-fr","20":"product_tag-probiotiques","21":"product_tag-sante-intestinale","22":"product_tag-supplement-fr","23":"product_tag-systeme-immunitaire","24":"infinite-scroll-item","25":"sales-flash-overlay","26":"woocommerce-text-align-center","27":"woocommerce-image-align-center","28":"do-quantity-buttons","30":"first","31":"instock","32":"taxable","33":"shipping-taxable","34":"purchasable","35":"product-type-simple"},"_links":{"self":[{"href":"https:\/\/www.ngdcare.nl\/fr\/wp-json\/wp\/v2\/product\/4087","targetHints":{"allow":["GET"]}}],"collection":[{"href":"https:\/\/www.ngdcare.nl\/fr\/wp-json\/wp\/v2\/product"}],"about":[{"href":"https:\/\/www.ngdcare.nl\/fr\/wp-json\/wp\/v2\/types\/product"}],"replies":[{"embeddable":true,"href":"https:\/\/www.ngdcare.nl\/fr\/wp-json\/wp\/v2\/comments?post=4087"}],"wp:featuredmedia":[{"embeddable":true,"href":"https:\/\/www.ngdcare.nl\/fr\/wp-json\/wp\/v2\/media\/17825"}],"wp:attachment":[{"href":"https:\/\/www.ngdcare.nl\/fr\/wp-json\/wp\/v2\/media?parent=4087"}],"wp:term":[{"taxonomy":"product_brand","embeddable":true,"href":"https:\/\/www.ngdcare.nl\/fr\/wp-json\/wp\/v2\/product_brand?post=4087"},{"taxonomy":"product_cat","embeddable":true,"href":"https:\/\/www.ngdcare.nl\/fr\/wp-json\/wp\/v2\/product_cat?post=4087"},{"taxonomy":"product_tag","embeddable":true,"href":"https:\/\/www.ngdcare.nl\/fr\/wp-json\/wp\/v2\/product_tag?post=4087"},{"taxonomy":"merken","embeddable":true,"href":"https:\/\/www.ngdcare.nl\/fr\/wp-json\/wp\/v2\/merken?post=4087"}],"curies":[{"name":"wp","href":"https:\/\/api.w.org\/{rel}","templated":true}]}}