{"id":4090,"date":"2024-01-22T21:48:11","date_gmt":"2024-01-22T21:48:11","guid":{"rendered":"https:\/\/www.ngdcare.nl\/product\/non%20class\u00e9\/soutien-a-la-mobilite-liposomale\/"},"modified":"2026-03-26T10:49:36","modified_gmt":"2026-03-26T09:49:36","slug":"soutien-a-la-mobilite-liposomale","status":"publish","type":"product","link":"https:\/\/www.ngdcare.nl\/fr\/product\/pharmacie-pour-animaux-naturels\/liposomale\/soutien-a-la-mobilite-liposomale\/","title":{"rendered":"Membrane de coquille d\u2019\u0153uf liposomale \u2013 Soutien de la mobilit\u00e9 liposomale"},"content":{"rendered":"<p data-start=\"189\" data-end=\"554\"><strong data-start=\"189\" data-end=\"232\">Le soutien \u00e0 la mobilit\u00e9 liposomale de<\/strong> NGD Care est un compl\u00e9ment suppl\u00e9mentaire pour soutenir les articulations, le cartilage et les structures du tissu conjonctif des chiens et des chats. La formule a \u00e9t\u00e9 d\u00e9velopp\u00e9e pour les animaux pouvant b\u00e9n\u00e9ficier d\u2019un soutien suppl\u00e9mentaire en cas de raideur, de stress articulaire ou d\u2019usure li\u00e9e \u00e0 l\u2019\u00e2ge, mais aussi pour les jeunes animaux en croissance. La forme liposomale a \u00e9t\u00e9 choisie pour soutenir l\u2019absorption au mieux possible. Cela rend ce compl\u00e9ment \u00e9galement adapt\u00e9 aux animaux ayant une digestion sensible ou une capacit\u00e9 d\u2019absorption r\u00e9duite.   <\/p>\n<p data-start=\"756\" data-end=\"854\">La composition contient une combinaison de quatre \u00e9l\u00e9ments fondamentaux importants pour le syst\u00e8me musculosquelettique :<\/p>\n<ul>\n<li><strong data-start=\"856\" data-end=\"878\">Membrane en coquille d\u2019\u0153uf<\/strong><br data-start=\"878\" data-end=\"881\">La membrane coquille d\u2019\u0153uf est naturellement riche en collag\u00e8ne de type I, V et X, acide hyaluronique, glucosamine, sulfate de chondro\u00eftine et \u00e9lastine. Cette matrice naturelle soutient la construction et le maintien du cartilage, du tissu conjonctif et des structures articulaires. <\/li>\n<li><strong data-start=\"1121\" data-end=\"1142\">Collag\u00e8ne de type II<\/strong><br data-start=\"1142\" data-end=\"1145\">Le collag\u00e8ne de type II est un \u00e9l\u00e9ment structurel important du cartilage articulaire. Cet ajout rend la formule encore plus cibl\u00e9e pour les animaux souffrant d\u2019une tension articulaire, de l\u2019arthrose ou d\u2019autres modifications d\u00e9g\u00e9n\u00e9ratives du cartilage. <\/li>\n<li><strong data-start=\"1375\" data-end=\"1390\">Glucosamine<\/strong><br data-start=\"1390\" data-end=\"1393\">La glucosamine soutient la construction du cartilage, des tendons et du tissu conjonctif. Il est largement utilis\u00e9 comme nutriment pour le syst\u00e8me musculosquelettique des animaux n\u00e9cessitant un soutien suppl\u00e9mentaire pour un mouvement fluide. <\/li>\n<li><strong data-start=\"1601\" data-end=\"1624\">Sulfate de chondro\u00eftine<\/strong><br data-start=\"1624\" data-end=\"1627\">Le sulfate de chondro\u00eftine soutient la structure, la r\u00e9silience et la liaison \u00e0 l\u2019humidit\u00e9 du cartilage. C\u2019est un \u00e9l\u00e9ment bien connu des compl\u00e9ments pour la sant\u00e9 articulaire. <\/li>\n<\/ul>\n<p data-start=\"1795\" data-end=\"2161\"><strong data-start=\"1795\" data-end=\"1853\">Quand le soutien \u00e0 la mobilit\u00e9 liposomale est-il souvent utilis\u00e9 ?<\/strong><br data-start=\"1853\" data-end=\"1856\">Ce compl\u00e9ment est souvent utilis\u00e9 pour soutenir les chiens et chats souffrant d\u2019arthrose, d\u2019arthrite, de raideur ou d\u2019autres probl\u00e8mes articulaires. De plus, il convient \u00e9galement bien aux personnes \u00e2g\u00e9es, aux animaux actifs, aux grandes races et aux jeunes animaux en croissance, lorsque le soutien suppl\u00e9mentaire du cartilage, du tissu conjonctif et du collag\u00e8ne est souhait\u00e9. <\/p>\n","protected":false},"excerpt":{"rendered":"<p style=\"font-weight: 400;\">Membrane coquille d\u2019\u0153uf liposomale avec collag\u00e8ne de type II pour la r\u00e9paration articulaire, le soutien du cartilage et la r\u00e9duction de la douleur dans l\u2019arthrose et l\u2019arthrite. Pour les chiens et les chats <\/p>\n","protected":false},"featured_media":17858,"comment_status":"open","ping_status":"closed","template":"","meta":[],"product_brand":[],"product_cat":[544,642,542],"product_tag":[],"merken":[],"class_list":{"0":"post-4090","1":"product","2":"type-product","3":"status-publish","4":"has-post-thumbnail","6":"product_cat-supplements-orthomoleculaires","7":"product_cat-joints-fr","8":"product_cat-liposomale","9":"infinite-scroll-item","10":"sales-flash-overlay","11":"woocommerce-text-align-center","12":"woocommerce-image-align-center","13":"do-quantity-buttons","15":"first","16":"instock","17":"taxable","18":"shipping-taxable","19":"purchasable","20":"product-type-simple"},"_links":{"self":[{"href":"https:\/\/www.ngdcare.nl\/fr\/wp-json\/wp\/v2\/product\/4090","targetHints":{"allow":["GET"]}}],"collection":[{"href":"https:\/\/www.ngdcare.nl\/fr\/wp-json\/wp\/v2\/product"}],"about":[{"href":"https:\/\/www.ngdcare.nl\/fr\/wp-json\/wp\/v2\/types\/product"}],"replies":[{"embeddable":true,"href":"https:\/\/www.ngdcare.nl\/fr\/wp-json\/wp\/v2\/comments?post=4090"}],"wp:featuredmedia":[{"embeddable":true,"href":"https:\/\/www.ngdcare.nl\/fr\/wp-json\/wp\/v2\/media\/17858"}],"wp:attachment":[{"href":"https:\/\/www.ngdcare.nl\/fr\/wp-json\/wp\/v2\/media?parent=4090"}],"wp:term":[{"taxonomy":"product_brand","embeddable":true,"href":"https:\/\/www.ngdcare.nl\/fr\/wp-json\/wp\/v2\/product_brand?post=4090"},{"taxonomy":"product_cat","embeddable":true,"href":"https:\/\/www.ngdcare.nl\/fr\/wp-json\/wp\/v2\/product_cat?post=4090"},{"taxonomy":"product_tag","embeddable":true,"href":"https:\/\/www.ngdcare.nl\/fr\/wp-json\/wp\/v2\/product_tag?post=4090"},{"taxonomy":"merken","embeddable":true,"href":"https:\/\/www.ngdcare.nl\/fr\/wp-json\/wp\/v2\/merken?post=4090"}],"curies":[{"name":"wp","href":"https:\/\/api.w.org\/{rel}","templated":true}]}}