{"id":4092,"date":"2024-01-22T21:26:27","date_gmt":"2024-01-22T21:26:27","guid":{"rendered":"https:\/\/www.ngdcare.nl\/product\/non%20class\u00e9\/complexe-pea-liposomal\/"},"modified":"2026-04-07T16:15:40","modified_gmt":"2026-04-07T14:15:40","slug":"complexe-pea-liposomal","status":"publish","type":"product","link":"https:\/\/www.ngdcare.nl\/fr\/product\/pharmacie-pour-animaux-naturels\/liposomale\/complexe-pea-liposomal\/","title":{"rendered":"PEA liposomal et Boswellia \u2013 Complexe PEA liposomal"},"content":{"rendered":"<p style=\"font-weight: 400;\"><strong>NGD Care \u2013 Le complexe de PEA liposomal<\/strong> est une combinaison synergique de <strong>palmitoyl\u00e9thanolamide (PEA)<\/strong> et <strong>de Boswellia serrata<\/strong>, deux substances naturelles ayant des effets prouv\u00e9s sur la douleur chronique, l\u2019inflammation et les troubles nerveux. Gr\u00e2ce \u00e0 la technologie liposomale, les deux substances actives sont mieux absorb\u00e9es par le corps des chiens et des chats et d\u00e9livr\u00e9es de mani\u00e8re cibl\u00e9e au niveau cellulaire et tissulaire. <\/p>\n<p style=\"font-weight: 400;\">Le PEA est un amide d\u2019acide gras propre au corps qui est impliqu\u00e9 dans le syst\u00e8me endocannabino\u00efde. Il joue un r\u00f4le important dans l\u2019inhibition des processus inflammatoires et des stimuli douloureux en interagissant notamment avec le r\u00e9cepteur du \u03b1 PPAR. Le PEA a un effet anti-inflammatoire, neuroprotecteur et immunomodulateur. Les applications incluent l\u2019arthrose, l\u2019arthrite, les douleurs nerveuses, les affections intestinales, les affections cutan\u00e9es et le glaucome.   <\/p>\n<p style=\"font-weight: 400;\">Boswellia serrata (encens indien) est un extrait de r\u00e9sine aux puissantes propri\u00e9t\u00e9s anti-inflammatoires. Ses composants actifs, tels que les acides boswelliques, inhibent des enzymes telles que le 5-LOX, impliqu\u00e9es dans l\u2019inflammation chronique. La boswellie est traditionnellement utilis\u00e9e pour les douleurs articulaires, les maladies auto-immunes, les maladies respiratoires et les plaintes de l\u2019intestin irritable.  <\/p>\n<p style=\"font-weight: 400;\">La combinaison de la PEA et de la Boswellia offre un effet de renforcement (synergique) : la PEA r\u00e9gule la conduction nerveuse et la r\u00e9ponse inflammatoire, tandis que la Boswellia supprime ces processus au niveau biochimique. Cela rend cette combinaison adapt\u00e9e comme alternative naturelle ou compl\u00e9ment aux analg\u00e9siques classiques (comme les AINS). <\/p>\n","protected":false},"excerpt":{"rendered":"<p style=\"font-weight: 400;\">Formule liposomale avec PEA et Boswellia pour le soutien de la douleur chronique, de l\u2019inflammation et des troubles nerveux chez les chiens et les chats. Alternative naturelle ou compl\u00e9ment au soulagement de la douleur. <\/p>\n","protected":false},"featured_media":17897,"comment_status":"open","ping_status":"closed","template":"","meta":[],"product_brand":[],"product_cat":[646,544,642,542],"product_tag":[854,567,711,1045,1098,569,568,1347,855,858,706,857,856,1002,1389],"merken":[],"class_list":{"0":"post-4092","1":"product","2":"type-product","3":"status-publish","4":"has-post-thumbnail","6":"product_cat-anti-inflammatoire","7":"product_cat-supplements-orthomoleculaires","8":"product_cat-joints-fr","9":"product_cat-liposomale","10":"product_tag-analgesique-naturel","11":"product_tag-animaux","12":"product_tag-anti-inflammatoire-naturel","13":"product_tag-arthrose-fr","14":"product_tag-boswellia-fr","15":"product_tag-chats","16":"product_tag-chiens","17":"product_tag-complements-alimentaires-ngd-care","18":"product_tag-endocannabinoide","19":"product_tag-glaucome","20":"product_tag-liposomale","21":"product_tag-neuropathie-fr","22":"product_tag-nevralgie","23":"product_tag-pois","24":"product_tag-soutien-articulaire","25":"infinite-scroll-item","26":"sales-flash-overlay","27":"woocommerce-text-align-center","28":"woocommerce-image-align-center","29":"do-quantity-buttons","31":"first","32":"instock","33":"taxable","34":"shipping-taxable","35":"purchasable","36":"product-type-simple"},"_links":{"self":[{"href":"https:\/\/www.ngdcare.nl\/fr\/wp-json\/wp\/v2\/product\/4092","targetHints":{"allow":["GET"]}}],"collection":[{"href":"https:\/\/www.ngdcare.nl\/fr\/wp-json\/wp\/v2\/product"}],"about":[{"href":"https:\/\/www.ngdcare.nl\/fr\/wp-json\/wp\/v2\/types\/product"}],"replies":[{"embeddable":true,"href":"https:\/\/www.ngdcare.nl\/fr\/wp-json\/wp\/v2\/comments?post=4092"}],"wp:featuredmedia":[{"embeddable":true,"href":"https:\/\/www.ngdcare.nl\/fr\/wp-json\/wp\/v2\/media\/17897"}],"wp:attachment":[{"href":"https:\/\/www.ngdcare.nl\/fr\/wp-json\/wp\/v2\/media?parent=4092"}],"wp:term":[{"taxonomy":"product_brand","embeddable":true,"href":"https:\/\/www.ngdcare.nl\/fr\/wp-json\/wp\/v2\/product_brand?post=4092"},{"taxonomy":"product_cat","embeddable":true,"href":"https:\/\/www.ngdcare.nl\/fr\/wp-json\/wp\/v2\/product_cat?post=4092"},{"taxonomy":"product_tag","embeddable":true,"href":"https:\/\/www.ngdcare.nl\/fr\/wp-json\/wp\/v2\/product_tag?post=4092"},{"taxonomy":"merken","embeddable":true,"href":"https:\/\/www.ngdcare.nl\/fr\/wp-json\/wp\/v2\/merken?post=4092"}],"curies":[{"name":"wp","href":"https:\/\/api.w.org\/{rel}","templated":true}]}}