{"id":4093,"date":"2024-01-22T21:04:45","date_gmt":"2024-01-22T21:04:45","guid":{"rendered":"https:\/\/www.ngdcare.nl\/product\/non%20class\u00e9\/complexe-myco-adaptogene-liposomal\/"},"modified":"2026-05-12T22:51:22","modified_gmt":"2026-05-12T20:51:22","slug":"complexe-myco-adaptogene-liposomal","status":"publish","type":"product","link":"https:\/\/www.ngdcare.nl\/fr\/product\/sante-veterinaire\/supplements-orthomoleculaires\/complexe-myco-adaptogene-liposomal\/","title":{"rendered":"M\u00e9lange de champignons liposomaux 2 \u2013 Complexe myco-adaptog\u00e8ne liposomal"},"content":{"rendered":"<div style=\"max-width: 860px; font-family: sans-serif; color: #333; line-height: 1.7;\">\n<div style=\"background: #eaf4ea; border-left: 4px solid #2b5040; padding: 18px 22px; margin-bottom: 28px;\">\n<p style=\"margin: 0; font-size: 1rem; color: #162920;\"><strong>Ce compl\u00e9ment aide \u00e0 traiter :<\/strong> le stress, l\u2019anxi\u00e9t\u00e9, le d\u00e9clin cognitif et la diminution de l\u2019\u00e9nergie chez les chiens et les chats. Quatre champignons adaptog\u00e8nes pour le soutien du syst\u00e8me nerveux, les seuls disponibles sous forme liposomale. <\/p>\n<\/div>\n<h2 style=\"font-size: 1.2rem; color: #2b5040; border-bottom: 2px solid #eaf4ea; padding-bottom: 8px; margin-bottom: 16px;\">Comment fonctionne le complexe Myco Adaptogen ?<\/h2>\n<p>Les quatre champignons de ce complexe ont \u00e9t\u00e9 s\u00e9lectionn\u00e9s pour leur effet sur le syst\u00e8me nerveux, la r\u00e9ponse au stress et la gestion de l\u2019\u00e9nergie. Ils agissent par des m\u00e9canismes diff\u00e9rents de ceux des champignons immunitaires du Myco Immune Complex : non pas via les b\u00eata-glucanes mais via les terp\u00e8nes, les mol\u00e9cules neuroactives et les composants \u00e9nerg\u00e9tiques. <\/p>\n<p>La crini\u00e8re de lion est le seul nutriment connu qui stimule la production de NGF (facteur de croissance nerveuse), une substance chimique de croissance dont les cellules nerveuses ont besoin pour rester saines et r\u00e9cup\u00e9rer. Le Reishi module l\u2019axe HPA et le m\u00e9tabolisme de l\u2019histamine pour se calmer et am\u00e9liorer le sommeil. Le chaga poss\u00e8de la plus grande capacit\u00e9 antioxydante de tous les champignons m\u00e9dicinaux. Cordyceps soutient la production d\u2019\u00e9nergie via la synth\u00e8se de l\u2019ATP.   <\/p>\n<p>La formulation liposomale est la seule disponible sur le march\u00e9 pour les complexes de champignons adaptog\u00e8nes et augmente significativement la biodisponibilit\u00e9 des ingr\u00e9dients actifs liposolubles.<\/p>\n<h2 style=\"font-size: 1.2rem; color: #2b5040; border-bottom: 2px solid #eaf4ea; padding-bottom: 8px; margin: 28px 0 16px;\">Que fait ce compl\u00e9ment ?<\/h2>\n<ul style=\"padding-left: 20px; margin-bottom: 24px;\">\n<li style=\"margin-bottom: 8px;\">Aide \u00e0 g\u00e9rer le stress, l\u2019anxi\u00e9t\u00e9 et l\u2019anxi\u00e9t\u00e9 chez les chiens et les chats<\/li>\n<li style=\"margin-bottom: 8px;\">Soutient la m\u00e9moire et les fonctions cognitives chez les animaux \u00e2g\u00e9s<\/li>\n<li style=\"margin-bottom: 8px;\">La crini\u00e8re de lion stimule la croissance des cellules nerveuses (NGF)<\/li>\n<li style=\"margin-bottom: 8px;\">Le reishi calme et aide pour les probl\u00e8mes de sommeil et la surstimulation allergique<\/li>\n<li style=\"margin-bottom: 8px;\">Seul m\u00e9lange de champignons liposomaux adaptog\u00e8nes sur le march\u00e9<\/li>\n<\/ul>\n<h2 style=\"font-size: 1.2rem; color: #2b5040; border-bottom: 2px solid #eaf4ea; padding-bottom: 8px; margin: 28px 0 20px;\">Quand voyez-vous des r\u00e9sultats ?<\/h2>\n<p style=\"font-size: .88rem; color: #666; margin-bottom: 20px; font-style: italic;\">Les champignons de ce complexe fonctionnent \u00e0 travers deux \u00e9chelles temporelles. D\u2019un point de vue biologie des syst\u00e8mes, Reishi a un effet s\u00e9datif relativement rapide via l\u2019inhibition de l\u2019histamine et les voies GABAergiques, tandis que la crini\u00e8re de lion a un effet neurotrophe plus profond mais plus lent gr\u00e2ce \u00e0 la stimulation NGF. <\/p>\n<div style=\"display: grid; grid-template-columns: repeat(auto-fit,minmax(160px,1fr)); gap: 3px; margin-bottom: 16px;\">\n<div style=\"background: #eaf4ea; padding: 16px;\">\n<div style=\"font-size: .72rem; font-weight: bold; letter-spacing: .1em; text-transform: uppercase; color: #2b5040; margin-bottom: 8px;\">Semaines 1-2<\/div>\n<p style=\"margin: 0; font-size: .85rem; color: #333;\">Reishi se calme gr\u00e2ce \u00e0 l\u2019inhibition de l\u2019histamine. Le Cordyceps am\u00e9liore le m\u00e9tabolisme \u00e9nerg\u00e9tique. Premiers signes de calme et plus d\u2019\u00e9nergie.  <\/p>\n<\/div>\n<div style=\"background: #d5e8d5; padding: 16px;\">\n<div style=\"font-size: .72rem; font-weight: bold; letter-spacing: .1em; text-transform: uppercase; color: #2b5040; margin-bottom: 8px;\">Semaines 2-4<\/div>\n<p style=\"margin: 0; font-size: .85rem; color: #333;\">Effet adaptog\u00e8ne perceptible : niveau de base plus calme, meilleur \u00e9quilibre \u00e9nerg\u00e9tique. Moins de surstimulation avec les stimuli de stress. <\/p>\n<\/div>\n<div style=\"background: #c4dcc4; padding: 16px;\">\n<div style=\"font-size: .72rem; font-weight: bold; letter-spacing: .1em; text-transform: uppercase; color: #162920; margin-bottom: 8px;\">Mois 1-2<\/div>\n<p style=\"margin: 0; font-size: .83rem; color: #333;\">L\u2019accumulation de NGF est perceptible dans la vigilance cognitive chez les animaux \u00e2g\u00e9s. Meilleure r\u00e9sistance au stress. Plus d\u2019\u00e9quilibre dans le comportement.  <\/p>\n<\/div>\n<div style=\"background: #2b5040; padding: 16px;\">\n<div style=\"font-size: .72rem; font-weight: bold; letter-spacing: .1em; text-transform: uppercase; color: #d5cd47; margin-bottom: 8px;\">Mois 2+<\/div>\n<p style=\"margin: 0; font-size: .85rem; color: #fff;\">L\u2019utilisation quotidienne maintient les niveaux de NGF et la sant\u00e9 des cellules nerveuses. En cas de d\u00e9clin cognitif, un suppl\u00e9ment \u00e0 long terme. <\/p>\n<\/div>\n<\/div>\n<div style=\"background: #fff8e1; border-left: 4px solid #d5cd47; padding: 14px 18px; margin-bottom: 28px;\">\n<p style=\"margin: 0; font-size: .85rem; color: #5a4000;\">Vous ne voyez aucune diff\u00e9rence apr\u00e8s 6 semaines ? Contactez-nous via notre application ou par e-mail, ou prenez rendez-vous avec<a href=\"https:\/\/www.ngdcare.nl\/fr\/consultation\/\">le v\u00e9t\u00e9rinaire int\u00e9gr\u00e9 Stefan Veenstra<\/a> <\/p>\n<\/div>\n<h2 style=\"font-size: 1.2rem; color: #2b5040; border-bottom: 2px solid #eaf4ea; padding-bottom: 8px; margin-bottom: 16px;\">Pourquoi le complexe adaptog\u00e8ne Myco de NGD Care ?<\/h2>\n<div style=\"overflow-x: auto;\">\n<table style=\"width: 100%; border-collapse: collapse; font-size: .86rem;\">\n<thead>\n<tr style=\"background: #2b5040; color: #fff;\">\n<th style=\"padding: 11px 14px; text-align: left; font-weight: 600; width: 34%;\">Caract\u00e9ristiques<\/th>\n<p>Soins <\/p>\n<th style=\"padding: 11px 14px; text-align: left; font-weight: 600; width: 33%;\">NGD<\/th>\n<th style=\"padding: 11px 14px; text-align: left; font-weight: 600; width: 33%;\">Suppl\u00e9ment moyen<\/th>\n<\/tr>\n<\/thead>\n<tbody>\n<tr style=\"background: #fff;\">\n<td style=\"padding: 10px 14px; border-bottom: 1px solid #eaf4ea; font-weight: 600;\">Premier r\u00e9sultat<\/td>\n<td style=\"padding: 10px 14px; border-bottom: 1px solid #eaf4ea; color: #2b5040;\">Adaptog\u00e8ne semaine 2-4, mois cognitifs 1-2<\/td>\n<td style=\"padding: 10px 14px; border-bottom: 1px solid #eaf4ea; color: #888;\">Cela varie selon l\u2019ingr\u00e9dient<\/td>\n<\/tr>\n<tr style=\"background: #f9fcf9;\">\n<td style=\"padding: 10px 14px; border-bottom: 1px solid #eaf4ea; font-weight: 600;\">Formulation<\/td>\n<td style=\"padding: 10px 14px; border-bottom: 1px solid #eaf4ea; color: #2b5040;\">Liposomal : seul m\u00e9lange de champignons adaptog\u00e8nes liposomaux pour animaux<\/td>\n<td style=\"padding: 10px 14px; border-bottom: 1px solid #eaf4ea; color: #888;\">Poudre ou capsule standard<\/td>\n<\/tr>\n<tr style=\"background: #fff;\">\n<td style=\"padding: 10px 14px; border-bottom: 1px solid #eaf4ea; font-weight: 600;\">Stimulation<\/td>\n<p> NGF<\/p>\n<td style=\"padding: 10px 14px; border-bottom: 1px solid #eaf4ea; color: #2b5040;\">\u2705 Oui, la crini\u00e8re de lion est le seul nutriment qui stimule<\/td>\n<p> le NGF<\/p>\n<td style=\"padding: 10px 14px; border-bottom: 1px solid #eaf4ea; color: #888;\">\u274c Aucun composant stimulant le NGF<\/td>\n<\/tr>\n<tr style=\"background: #f9fcf9;\">\n<td style=\"padding: 10px 14px; border-bottom: 1px solid #eaf4ea; font-weight: 600;\">Forme d\u2019administration<\/td>\n<td style=\"padding: 10px 14px; border-bottom: 1px solid #eaf4ea; color: #2b5040;\">Capsule liposomale avec uniquement des ingr\u00e9dients<\/td>\n<p> actifs<\/p>\n<td style=\"padding: 10px 14px; border-bottom: 1px solid #eaf4ea; color: #888;\">Poudre ou comprim\u00e9 : souvent avec des injections de comblement<\/td>\n<\/tr>\n<tr style=\"background: #fff;\">\n<td style=\"padding: 10px 14px; border-bottom: 1px solid #eaf4ea; font-weight: 600;\">Fond\u00e9<\/td>\n<p> scientifiquement<\/p>\n<td style=\"padding: 10px 14px; border-bottom: 1px solid #eaf4ea; color: #2b5040;\">\u2705 Oui, revue v\u00e9t\u00e9rinaire AHVMA 2023, \u00e9tude des chiens \u00e2g\u00e9s 2022<\/td>\n<td style=\"padding: 10px 14px; border-bottom: 1px solid #eaf4ea; color: #888;\">Rarement sp\u00e9cifique \u00e0 un v\u00e9t\u00e9rinaire<\/td>\n<\/tr>\n<tr style=\"background: #f9fcf9;\">\nQualit\u00e9 <\/p>\n<td style=\"padding: 10px 14px; border-bottom: 1px solid #eaf4ea; font-weight: 600;\">de qualit\u00e9 humaine<\/td>\n<td style=\"padding: 10px 14px; border-bottom: 1px solid #eaf4ea; color: #2b5040;\">\u2705<\/td>\n<p> Oui<\/p>\n<td style=\"padding: 10px 14px; border-bottom: 1px solid #eaf4ea; color: #888;\">Souvent non<\/td>\n<\/tr>\n<tr style=\"background: #fff;\">\n<td style=\"padding: 10px 14px; border-bottom: 1px solid #eaf4ea; font-weight: 600;\">\u00c9tiquette<\/td>\n<p> verte<\/p>\n<td style=\"padding: 10px 14px; border-bottom: 1px solid #eaf4ea; color: #2b5040;\">\u2705 Oui, sans agents de comblement<\/td>\n<p> synth\u00e9tiques<\/p>\n<td style=\"padding: 10px 14px; border-bottom: 1px solid #eaf4ea; color: #888;\">Rarement<\/td>\n<\/tr>\n<tr style=\"background: #f9fcf9;\">\n<td style=\"padding: 10px 14px; border-bottom: 1px solid #eaf4ea; font-weight: 600;\">Partie du protocole syst\u00e9mique<\/td>\n<td style=\"padding: 10px 14px; border-bottom: 1px solid #eaf4ea; color: #2b5040;\">\u2705 Oui, protocole comportemental et protocole<\/td>\n<p> de vieillesse<\/p>\n<td style=\"padding: 10px 14px; border-bottom: 1px solid #eaf4ea; color: #888;\">\u274c Suppl\u00e9ments individuels<\/td>\n<\/tr>\n<tr style=\"background: #fff;\">\n<td style=\"padding: 10px 14px; border-bottom: 1px solid #eaf4ea; font-weight: 600;\">D\u00e9velopp\u00e9 par un<\/td>\n<p> v\u00e9t\u00e9rinaire<\/p>\n<td style=\"padding: 10px 14px; border-bottom: 1px solid #eaf4ea; color: #2b5040;\">\u2705 Stefan Veenstra DVM<\/td>\n<td style=\"padding: 10px 14px; border-bottom: 1px solid #eaf4ea; color: #888;\">Rarement<\/td>\n<\/tr>\n<tr style=\"background: #f9fcf9;\">\n<td style=\"padding: 10px 14px; font-weight: 600;\">Accompagnement<\/td>\n<p> personnel<\/p>\n<td style=\"padding: 10px 14px; color: #2b5040;\">\u2705 Admission possible via NatuurlijkGezondeDieren.nl<\/td>\n<td style=\"padding: 10px 14px; color: #888;\">\u274c Non disponible<\/td>\n<\/tr>\n<\/tbody>\n<\/table>\n<\/div>\n<p style=\"font-size: .75rem; color: #aaa; margin-top: 8px;\">Comparaison bas\u00e9e sur les compl\u00e9ments de champignons adaptog\u00e8nes courants pour chiens et chats sur le march\u00e9 n\u00e9erlandais.<\/p>\n<div style=\"background: #2b5040; color: #fff; padding: 20px 24px; margin: 28px 0;\">\n<p style=\"margin: 0 0 10px; font-size: .85rem; font-weight: bold; letter-spacing: .08em; text-transform: uppercase; color: #d5cd47;\">Partie d\u2019un protocole<\/p>\n<p style=\"margin: 0 0 14px; color: rgba(255,255,255,.88); font-size: .95rem;\">Myco Adaptogen Complex est un composant central du protocole comportemental et du protocole Old Age. Combinez avec Myco Immune Complex pour un ensemble complet de huit champignons m\u00e9dicinaux. <\/p>\n<p><a style=\"display: inline-block; background: #d5cd47; color: #162920; padding: 9px 20px; font-weight: bold; font-size: .85rem; text-decoration: none; letter-spacing: .04em;\" href=\"https:\/\/www.ngdcare.nl\/fr\/product\/sante-veterinaire\/protocole\/protocole-de-stress\/\">Consultez le protocole de conduite<\/a><\/p>\n<\/div>\n<div style=\"margin: 28px 0;\">[trustindex no-registration=\u00a0\u00bbgoogle\u00a0\u00bb]<\/div>\n<div style=\"border: 1px solid #c8dbc8; padding: 20px 24px; margin: 28px 0;\">\n<p style=\"margin: 0 0 4px; font-size: .85rem; font-weight: bold; letter-spacing: .08em; text-transform: uppercase; color: #2b5040;\">Fonctionne bien avec<\/p>\n<p style=\"margin: 0 0 16px; font-size: .82rem; color: #888;\">Le complexe Myco-adaptog\u00e8ne module le syst\u00e8me nerveux et le m\u00e9tabolisme \u00e9nerg\u00e9tique via les terp\u00e8nes. Les suppl\u00e9ments ci-dessous renforcent cela par des voies suppl\u00e9mentaires. <\/p>\n<div style=\"display: grid; grid-template-columns: 1fr 1fr; gap: 12px;\">\n<div style=\"background: #f9fcf9; padding: 14px 16px; border-left: 3px solid #d5cd47;\">\n<p style=\"margin: 0 0 4px; font-weight: bold; color: #162920; font-size: .9rem;\"><a href=\"https:\/\/www.ngdcare.nl\/fr\/product\/sante-veterinaire\/supplements-orthomoleculaires\/complexe-myco-immun\/\">Myco Complexe Immunitaire<\/a><\/p>\n<p style=\"margin: 0; font-size: .83rem; color: #555;\">Myco Adaptogen module le syst\u00e8me nerveux via des terp\u00e8nes. Myco Immune module le syst\u00e8me immunitaire via les b\u00eata-glucanes. Ensemble, l\u2019ensemble complet de huit champignons m\u00e9dicinaux offre le soutien le plus large possible pour les chiens et les chats.  <\/p>\n<\/div>\n<div style=\"background: #f9fcf9; padding: 14px 16px; border-left: 3px solid #d5cd47;\">\n<p style=\"margin: 0 0 4px; font-weight: bold; color: #162920; font-size: .9rem;\"><a href=\"https:\/\/www.ngdcare.nl\/fr\/product\/sante-veterinaire\/supplements-orthomoleculaires\/complexe-adaptogene-liposomal\/\">Complexe d\u2019adaptog\u00e8nes<\/a><\/p>\n<p style=\"margin: 0; font-size: .83rem; color: #555;\">Le complexe adaptog\u00e8ne module l\u2019axe HPA via l\u2019ashwagandha et la rhodiola. Myco Adaptogen ajoute la stimulation NGF et l\u2019inhibition de l\u2019histamine. Ensemble, la r\u00e9gulation du stress la plus \u00e9tendue disponible pour les probl\u00e8mes comportementaux chroniques.  <\/p>\n<\/div>\n<div style=\"background: #f9fcf9; padding: 14px 16px; border-left: 3px solid #d5cd47;\">\n<p style=\"margin: 0 0 4px; font-weight: bold; color: #162920; font-size: .9rem;\"><a href=\"https:\/\/www.ngdcare.nl\/fr\/product\/sante-veterinaire\/supplements-orthomoleculaires\/soutien-de-la-longevite-liposomale\/\">Soutien \u00e0 la long\u00e9vit\u00e9<\/a><\/p>\n<p style=\"margin: 0; font-size: .83rem; color: #555;\">La crini\u00e8re de lion stimule la NGF pour les neurones. L\u2019ergothion\u00e9ine dans le soutien de long\u00e9vit\u00e9 prot\u00e8ge ces neurones. Ensemble, le soutien cognitif le plus fort pour les chiens et chats vieillissants dans le Protocole de la Vieillesse.  <\/p>\n<\/div>\n<div style=\"background: #f9fcf9; padding: 14px 16px; border-left: 3px solid #d5cd47;\">\n<p style=\"margin: 0 0 4px; font-weight: bold; color: #162920; font-size: .9rem;\"><a href=\"https:\/\/www.ngdcare.nl\/fr\/product\/sante-veterinaire\/supplements-orthomoleculaires\/soutien-relaxant-au-magnesium-liposomal\/\">Soutien Relax<\/a><\/p>\n<p style=\"margin: 0; font-size: .83rem; color: #555;\">Le Reishi dans Myco Adaptog\u00e8ne se calme gr\u00e2ce \u00e0 l\u2019histamine et au GABA. Relax Support fournit de la s\u00e9rotonine et du magn\u00e9sium comme pr\u00e9curseurs de neurotransmetteurs suppl\u00e9mentaires. Ensemble pour le soutien le plus complet aux animaux anxieux chroniques.  <\/p>\n<\/div>\n<\/div>\n<\/div>\n<div style=\"border: 1px solid #c8dbc8; padding: 18px 22px; margin: 28px 0; display: flex; align-items: center; justify-content: space-between; flex-wrap: wrap; gap: 12px;\">\n<div>\n<p style=\"margin: 0 0 4px; font-weight: bold; color: #2b5040; font-size: .95rem;\">Vous souhaitez en savoir plus sur la science derri\u00e8re ce compl\u00e9ment ?<\/p>\n<p style=\"margin: 0; color: #666; font-size: .88rem;\">Stefan Veenstra DVM explique comment la crini\u00e8re de lion stimule le NGF et comment les quatre champignons adaptog\u00e8nes fonctionnent de mani\u00e8re compl\u00e9mentaire.<\/p>\n<\/div>\n<p><a style=\"display: inline-block; background: #2b5040; color: #fff; padding: 9px 20px; font-weight: bold; font-size: .85rem; text-decoration: none; white-space: nowrap; letter-spacing: .04em;\" href=\"https:\/\/www.ngdcare.nl\/myco-adaptogen-complex-lions-mane-reishi-hond-kat-stress\/\">Lisez le blog<\/a><\/p>\n<\/div>\n<div style=\"border-top: 2px solid #eaf4ea; padding-top: 20px; margin-top: 28px; display: flex; align-items: center; gap: 16px;\">\n<div style=\"background: #2b5040; color: #fff; width: 48px; height: 48px; border-radius: 50%; display: flex; align-items: center; justify-content: center; font-weight: bold; font-size: 1.1rem; flex-shrink: 0;\">SV<\/div>\n<p style=\"margin: 0; font-size: .88rem; color: #555;\">D\u00e9velopp\u00e9 et cliniquement \u00e9tay\u00e9 par <strong style=\"color: #2b5040;\">Stefan Veenstra DVM<\/strong>, v\u00e9t\u00e9rinaire int\u00e9gratif et fondateur de NGD Care. <a style=\"color: #2b5040;\" href=\"https:\/\/www.stefanveenstra.nl\" target=\"_blank\" rel=\"noopener\">Plus d\u2019informations sur Stefan \u2192<\/a><\/p>\n<\/div>\n<p style=\"font-size: .78rem; color: #999; font-style: italic; margin-top: 24px; padding-top: 16px; border-top: 1px solid #eee;\">Ces informations sont de nature \u00e9ducative et ne remplacent pas une consultation v\u00e9t\u00e9rinaire. En cas de plaintes graves ou persistantes, consultez toujours un v\u00e9t\u00e9rinaire. <\/p>\n<\/div>\n","protected":false},"excerpt":{"rendered":"<p class=\"p3\">Stress, anxi\u00e9t\u00e9, oubli ou manque d\u2019\u00e9nergie chez votre chien ou chat ? La crini\u00e8re de lion stimule la production de substances de croissance pour les cellules nerveuses. Reishi se calme. Chaga prot\u00e8ge. Cordyceps donne de l\u2019\u00e9nergie. Ensemble, un soutien complet pour le syst\u00e8me nerveux et la r\u00e9gulation du stress.     <\/p>\n","protected":false},"featured_media":17951,"comment_status":"open","ping_status":"closed","template":"","meta":{"wds_primary_product_brand":0,"wds_primary_product_cat":187,"wds_primary_merken":0},"product_brand":[],"product_cat":[646,544,557,542,540,548],"product_tag":[865,567,737,861,859,569,568,863,860,862,706,664,867,864,868,866,658,570,655],"merken":[],"class_list":{"0":"post-4093","1":"product","2":"type-product","3":"status-publish","4":"has-post-thumbnail","6":"product_cat-anti-inflammatoire","7":"product_cat-supplements-orthomoleculaires","8":"product_cat-comportement","9":"product_cat-liposomale","10":"product_cat-systeme-immunitaire","11":"product_cat-vitalite-generale","12":"product_tag-adaptogene","13":"product_tag-animaux","14":"product_tag-cancer-fr","15":"product_tag-chaga-fr","16":"product_tag-champignons-medicinaux","17":"product_tag-chats","18":"product_tag-chiens","19":"product_tag-cordyceps-fr","20":"product_tag-criniere-de-lions","21":"product_tag-hericium-fr","22":"product_tag-liposomale","23":"product_tag-longevite","24":"product_tag-nervosite","25":"product_tag-reishi-fr","26":"product_tag-renforcement-immunitaire","27":"product_tag-stress-fr","28":"product_tag-supplement-pour-animaux","29":"product_tag-systeme-immunitaire","30":"product_tag-vitalite","31":"infinite-scroll-item","32":"sales-flash-overlay","33":"woocommerce-text-align-center","34":"woocommerce-image-align-center","35":"do-quantity-buttons","37":"first","38":"instock","39":"featured","40":"taxable","41":"shipping-taxable","42":"purchasable","43":"product-type-simple"},"_links":{"self":[{"href":"https:\/\/www.ngdcare.nl\/fr\/wp-json\/wp\/v2\/product\/4093","targetHints":{"allow":["GET"]}}],"collection":[{"href":"https:\/\/www.ngdcare.nl\/fr\/wp-json\/wp\/v2\/product"}],"about":[{"href":"https:\/\/www.ngdcare.nl\/fr\/wp-json\/wp\/v2\/types\/product"}],"replies":[{"embeddable":true,"href":"https:\/\/www.ngdcare.nl\/fr\/wp-json\/wp\/v2\/comments?post=4093"}],"wp:featuredmedia":[{"embeddable":true,"href":"https:\/\/www.ngdcare.nl\/fr\/wp-json\/wp\/v2\/media\/17951"}],"wp:attachment":[{"href":"https:\/\/www.ngdcare.nl\/fr\/wp-json\/wp\/v2\/media?parent=4093"}],"wp:term":[{"taxonomy":"product_brand","embeddable":true,"href":"https:\/\/www.ngdcare.nl\/fr\/wp-json\/wp\/v2\/product_brand?post=4093"},{"taxonomy":"product_cat","embeddable":true,"href":"https:\/\/www.ngdcare.nl\/fr\/wp-json\/wp\/v2\/product_cat?post=4093"},{"taxonomy":"product_tag","embeddable":true,"href":"https:\/\/www.ngdcare.nl\/fr\/wp-json\/wp\/v2\/product_tag?post=4093"},{"taxonomy":"merken","embeddable":true,"href":"https:\/\/www.ngdcare.nl\/fr\/wp-json\/wp\/v2\/merken?post=4093"}],"curies":[{"name":"wp","href":"https:\/\/api.w.org\/{rel}","templated":true}]}}