{"id":4095,"date":"2024-01-22T21:13:11","date_gmt":"2024-01-22T21:13:11","guid":{"rendered":"https:\/\/www.ngdcare.nl\/product\/non%20class\u00e9\/soutien-de-la-barriere-intestinale-liposomale\/"},"modified":"2026-04-09T22:45:12","modified_gmt":"2026-04-09T20:45:12","slug":"soutien-de-la-barriere-intestinale-liposomale","status":"publish","type":"product","link":"https:\/\/www.ngdcare.nl\/fr\/product\/pharmacie-pour-animaux-naturels\/liposomale\/soutien-de-la-barriere-intestinale-liposomale\/","title":{"rendered":"Acide Fulvien liposomal et humique \u2013 Soutien de la barri\u00e8re intestinale liposomale"},"content":{"rendered":"<p style=\"font-weight: 400;\">Le <strong> support de la barri\u00e8re intestinale liposomale<\/strong> <strong>de NGD Care<\/strong> contient une combinaison d\u2019acide <strong>fulvien et d\u2019acide humique<\/strong>, tous deux sous forme liposomale pour une absorption optimale. Ce compl\u00e9ment unique soutient la restauration de la barri\u00e8re intestinale, favorise la d\u00e9toxification et contribue \u00e0 une meilleure absorption des nutriments et des oligo-\u00e9l\u00e9ments. <\/p>\n<p style=\"font-weight: 400;\">L\u2019acide fulvique est une substance de faible poids mol\u00e9culaire capable de lier min\u00e9raux, vitamines, oligo-\u00e9l\u00e9ments et m\u00eame toxines pour les transporter vers les cellules du corps. Elle est connue pour sa capacit\u00e9 \u00e0 se lier et \u00e0 \u00e9liminer les m\u00e9taux lourds, les mycotoxines et les agents pathog\u00e8nes de l\u2019organisme. L\u2019acide fulvique a \u00e9galement un effet antioxydant et peut contribuer \u00e0 une flore intestinale saine.  <\/p>\n<p style=\"font-weight: 400;\">L\u2019acide humique est d\u00e9j\u00e0 naturellement li\u00e9 aux m\u00e9taux et agit comme source d\u2019oligo-\u00e9l\u00e9ments essentiels. Il soutient la reconstruction de la paroi intestinale (jonctions serr\u00e9es), stimule la couche muqueuse et contribue \u00e0 la r\u00e9cup\u00e9ration de l\u2019intestin perm\u00e9able. <\/p>\n<p style=\"font-weight: 400;\">Cette combinaison peut am\u00e9liorer \u00e0 la fois l\u2019absorption et la protection des nutriments dans l\u2019intestin, tout en \u00e9liminant les substances nocives.<\/p>\n","protected":false},"excerpt":{"rendered":"<div>\n<p class=\"p3\">Formule de folie liposomale et d\u2019acide humique pour soutenir la paroi intestinale, d\u00e9toxification et absorption des nutriments. Adapt\u00e9 aux chiens et aux chats. <\/p>\n<\/div>\n","protected":false},"featured_media":17910,"comment_status":"open","ping_status":"closed","template":"","meta":[],"product_brand":[],"product_cat":[544,538,542],"product_tag":[877,875,567,569,568,1347,879,876,878,802,706,798,584,658,880],"merken":[],"class_list":{"0":"post-4095","1":"product","2":"type-product","3":"status-publish","4":"has-post-thumbnail","6":"product_cat-supplements-orthomoleculaires","7":"product_cat-digestion","8":"product_cat-liposomale","9":"product_tag-acide-fulvique","10":"product_tag-acide-humique","11":"product_tag-animaux","12":"product_tag-chats","13":"product_tag-chiens","14":"product_tag-complements-alimentaires-ngd-care","15":"product_tag-desintoxiquer","16":"product_tag-humine-fr","17":"product_tag-intestin-permeable","18":"product_tag-intestins","19":"product_tag-liposomale","20":"product_tag-microbiome-fr","21":"product_tag-sante-intestinale","22":"product_tag-supplement-pour-animaux","23":"product_tag-supplements-fr","24":"infinite-scroll-item","25":"sales-flash-overlay","26":"woocommerce-text-align-center","27":"woocommerce-image-align-center","28":"do-quantity-buttons","30":"first","31":"instock","32":"taxable","33":"shipping-taxable","34":"purchasable","35":"product-type-simple"},"_links":{"self":[{"href":"https:\/\/www.ngdcare.nl\/fr\/wp-json\/wp\/v2\/product\/4095","targetHints":{"allow":["GET"]}}],"collection":[{"href":"https:\/\/www.ngdcare.nl\/fr\/wp-json\/wp\/v2\/product"}],"about":[{"href":"https:\/\/www.ngdcare.nl\/fr\/wp-json\/wp\/v2\/types\/product"}],"replies":[{"embeddable":true,"href":"https:\/\/www.ngdcare.nl\/fr\/wp-json\/wp\/v2\/comments?post=4095"}],"wp:featuredmedia":[{"embeddable":true,"href":"https:\/\/www.ngdcare.nl\/fr\/wp-json\/wp\/v2\/media\/17910"}],"wp:attachment":[{"href":"https:\/\/www.ngdcare.nl\/fr\/wp-json\/wp\/v2\/media?parent=4095"}],"wp:term":[{"taxonomy":"product_brand","embeddable":true,"href":"https:\/\/www.ngdcare.nl\/fr\/wp-json\/wp\/v2\/product_brand?post=4095"},{"taxonomy":"product_cat","embeddable":true,"href":"https:\/\/www.ngdcare.nl\/fr\/wp-json\/wp\/v2\/product_cat?post=4095"},{"taxonomy":"product_tag","embeddable":true,"href":"https:\/\/www.ngdcare.nl\/fr\/wp-json\/wp\/v2\/product_tag?post=4095"},{"taxonomy":"merken","embeddable":true,"href":"https:\/\/www.ngdcare.nl\/fr\/wp-json\/wp\/v2\/merken?post=4095"}],"curies":[{"name":"wp","href":"https:\/\/api.w.org\/{rel}","templated":true}]}}