{"id":4608,"date":"2025-05-30T00:03:10","date_gmt":"2025-05-29T22:03:10","guid":{"rendered":"https:\/\/www.ngdcare.nl\/product\/non%20class\u00e9\/myrtilles-lyophilisees\/"},"modified":"2025-09-02T21:02:22","modified_gmt":"2025-09-02T19:02:22","slug":"myrtilles-lyophilisees","status":"publish","type":"product","link":"https:\/\/www.ngdcare.nl\/fr\/product\/enrichissement\/garnitures-alimentaires\/myrtilles-lyophilisees\/","title":{"rendered":"Myrtilles lyophilis\u00e9es"},"content":{"rendered":"<p class=\"p1\"><span class=\"s1\"><b>Soins NGD \u2013 Les myrtilles lyophilis\u00e9es<\/b><\/span> sont un ajout savoureux et nutritif au menu quotidien des chiens ou des chats. Les myrtilles sont un superfruit bien connu, riche en antioxydants (anthocyanes, flavono\u00efdes), en fibres, en vitamines C, K1 et B6, en mangan\u00e8se et en polyph\u00e9nols. Ils soutiennent la sant\u00e9 cellulaire, le syst\u00e8me immunitaire et le microbiome.  <\/p>\n<p class=\"p1\">Le <span class=\"s1\"><b>processus sp\u00e9cial de lyophilisation<\/b><\/span> pr\u00e9serve au maximum tous les nutriments. La structure devient croquante et moelleuse, ce qui fait que les baies se d\u00e9sagr\u00e8gent facilement et sont bien absorb\u00e9es, m\u00eame pour les carnivores ayant un tube digestif court. <\/p>\n<p class=\"p1\">Utilisez les baies comme garniture d\u2019enrichissement, friandise naturelle ou m\u00e9langez-les dans un smoothie pour vous-m\u00eame ou votre animal de compagnie.<\/p>\n","protected":false},"excerpt":{"rendered":"<p class=\"p1\">Myrtilles lyophilis\u00e9es croquantes, riches en antioxydants et parfaitement absorbables par les carnivores. Id\u00e9al comme garniture ou collation naturelle. <\/p>\n","protected":false},"featured_media":11275,"comment_status":"open","ping_status":"closed","template":"","meta":[],"product_brand":[],"product_cat":[973,976],"product_tag":[],"merken":[],"class_list":{"0":"post-4608","1":"product","2":"type-product","3":"status-publish","4":"has-post-thumbnail","6":"product_cat-enrichissement","7":"product_cat-garnitures-alimentaires","8":"infinite-scroll-item","9":"sales-flash-overlay","10":"woocommerce-text-align-center","11":"woocommerce-image-align-center","12":"do-quantity-buttons","14":"first","15":"instock","16":"taxable","17":"shipping-taxable","18":"purchasable","19":"product-type-simple"},"_links":{"self":[{"href":"https:\/\/www.ngdcare.nl\/fr\/wp-json\/wp\/v2\/product\/4608","targetHints":{"allow":["GET"]}}],"collection":[{"href":"https:\/\/www.ngdcare.nl\/fr\/wp-json\/wp\/v2\/product"}],"about":[{"href":"https:\/\/www.ngdcare.nl\/fr\/wp-json\/wp\/v2\/types\/product"}],"replies":[{"embeddable":true,"href":"https:\/\/www.ngdcare.nl\/fr\/wp-json\/wp\/v2\/comments?post=4608"}],"wp:featuredmedia":[{"embeddable":true,"href":"https:\/\/www.ngdcare.nl\/fr\/wp-json\/wp\/v2\/media\/11275"}],"wp:attachment":[{"href":"https:\/\/www.ngdcare.nl\/fr\/wp-json\/wp\/v2\/media?parent=4608"}],"wp:term":[{"taxonomy":"product_brand","embeddable":true,"href":"https:\/\/www.ngdcare.nl\/fr\/wp-json\/wp\/v2\/product_brand?post=4608"},{"taxonomy":"product_cat","embeddable":true,"href":"https:\/\/www.ngdcare.nl\/fr\/wp-json\/wp\/v2\/product_cat?post=4608"},{"taxonomy":"product_tag","embeddable":true,"href":"https:\/\/www.ngdcare.nl\/fr\/wp-json\/wp\/v2\/product_tag?post=4608"},{"taxonomy":"merken","embeddable":true,"href":"https:\/\/www.ngdcare.nl\/fr\/wp-json\/wp\/v2\/merken?post=4608"}],"curies":[{"name":"wp","href":"https:\/\/api.w.org\/{rel}","templated":true}]}}