{"id":4614,"date":"2025-05-30T00:05:46","date_gmt":"2025-05-29T22:05:46","guid":{"rendered":"https:\/\/www.ngdcare.nl\/product\/non%20class\u00e9\/5-verts\/"},"modified":"2025-11-26T22:43:29","modified_gmt":"2025-11-26T21:43:29","slug":"5-verts","status":"publish","type":"product","link":"https:\/\/www.ngdcare.nl\/fr\/product\/sante-veterinaire\/enrichissement\/garnitures-alimentaires\/5-verts\/","title":{"rendered":"Cinq verts"},"content":{"rendered":"<p data-start=\"3693\" data-end=\"4089\"><strong>Five Greens<\/strong> comprend cinq esp\u00e8ces de gramin\u00e9es riches en chlorophylle : <strong>Kamut<\/strong> (herbe ancienne du bl\u00e9), <strong>herbe d\u2019orge<\/strong>, <strong>herbe d\u2019avoine<\/strong>, <strong>herbe de bl\u00e9<\/strong> et <strong>luzerne<\/strong>. Ces ingr\u00e9dients apportent des min\u00e9raux naturels, des phytonutriments et des colorants v\u00e9g\u00e9taux qui ont traditionnellement \u00e9t\u00e9 utilis\u00e9s comme compl\u00e9ment de l\u2019alimentation quotidienne. Les plantes vertes contiennent \u00e9galement des fibres et des micronutriments qui s\u2019adaptent \u00e0 une alimentation vari\u00e9e et naturelle. Ils sont press\u00e9s \u00e0 froid pour garantir leur qualit\u00e9 et contiennent de nombreuses vitamines (diverses vitamines B), min\u00e9raux (fer, zinc, magn\u00e9sium et phosphore) et enzymes. Elle contient une forte concentration de chlorophylle.    <\/p>\n<p data-start=\"4091\" data-end=\"4509\">La combinaison de ces cinq gramin\u00e9es donne un go\u00fbt pur et neutre qui se marie bien \u00e0 presque tous les repas. Five Greens est facile \u00e0 ajouter aux smoothies, yaourts, eau, snacks maison, viande fra\u00eeche, conserves ou croquettes. Le m\u00e9lange est un moyen simple d\u2019augmenter la consommation de plantes vertes, aussi bien chez les individus actifs que dans les situations o\u00f9 un soutien ou une variation suppl\u00e9mentaires sont souhait\u00e9s.  <\/p>\n<p data-start=\"4511\" data-end=\"4780\">Ce m\u00e9lange de superaliments s\u2019inscrit dans la routine quotidienne des humains et des animaux et peut \u00eatre utilis\u00e9 toute l\u2019ann\u00e9e. L\u2019\u00e9quilibre entre les diff\u00e9rentes plantes vertes cr\u00e9e un m\u00e9lange vert polyvalent et complet, adapt\u00e9 \u00e0 un soutien doux et \u00e0 long terme. <\/p>\n","protected":false},"excerpt":{"rendered":"<p data-start=\"7392\" data-end=\"7532\">Five Greens est un m\u00e9lange de superaliments verts purs avec cinq gramin\u00e9es riches en chlorophylle pour les min\u00e9raux quotidiens, les antioxydants et l\u2019\u00e9nergie naturelle.<\/p>\n","protected":false},"featured_media":11163,"comment_status":"open","ping_status":"closed","template":"","meta":{"wds_primary_product_brand":0,"wds_primary_product_cat":15,"wds_primary_merken":0},"product_brand":[],"product_cat":[976,4771],"product_tag":[],"merken":[],"class_list":{"0":"post-4614","1":"product","2":"type-product","3":"status-publish","4":"has-post-thumbnail","6":"product_cat-garnitures-alimentaires","7":"product_cat-superaliments","8":"infinite-scroll-item","9":"sales-flash-overlay","10":"woocommerce-text-align-center","11":"woocommerce-image-align-center","12":"do-quantity-buttons","14":"first","15":"instock","16":"taxable","17":"shipping-taxable","18":"purchasable","19":"product-type-simple"},"_links":{"self":[{"href":"https:\/\/www.ngdcare.nl\/fr\/wp-json\/wp\/v2\/product\/4614","targetHints":{"allow":["GET"]}}],"collection":[{"href":"https:\/\/www.ngdcare.nl\/fr\/wp-json\/wp\/v2\/product"}],"about":[{"href":"https:\/\/www.ngdcare.nl\/fr\/wp-json\/wp\/v2\/types\/product"}],"replies":[{"embeddable":true,"href":"https:\/\/www.ngdcare.nl\/fr\/wp-json\/wp\/v2\/comments?post=4614"}],"wp:featuredmedia":[{"embeddable":true,"href":"https:\/\/www.ngdcare.nl\/fr\/wp-json\/wp\/v2\/media\/11163"}],"wp:attachment":[{"href":"https:\/\/www.ngdcare.nl\/fr\/wp-json\/wp\/v2\/media?parent=4614"}],"wp:term":[{"taxonomy":"product_brand","embeddable":true,"href":"https:\/\/www.ngdcare.nl\/fr\/wp-json\/wp\/v2\/product_brand?post=4614"},{"taxonomy":"product_cat","embeddable":true,"href":"https:\/\/www.ngdcare.nl\/fr\/wp-json\/wp\/v2\/product_cat?post=4614"},{"taxonomy":"product_tag","embeddable":true,"href":"https:\/\/www.ngdcare.nl\/fr\/wp-json\/wp\/v2\/product_tag?post=4614"},{"taxonomy":"merken","embeddable":true,"href":"https:\/\/www.ngdcare.nl\/fr\/wp-json\/wp\/v2\/merken?post=4614"}],"curies":[{"name":"wp","href":"https:\/\/api.w.org\/{rel}","templated":true}]}}