{"id":4629,"date":"2025-05-30T00:12:21","date_gmt":"2025-05-29T22:12:21","guid":{"rendered":"https:\/\/www.ngdcare.nl\/product\/non%20class\u00e9\/betterave\/"},"modified":"2025-08-04T21:20:06","modified_gmt":"2025-08-04T19:20:06","slug":"betterave","status":"publish","type":"product","link":"https:\/\/www.ngdcare.nl\/fr\/product\/enrichissement\/garnitures-alimentaires\/betterave\/","title":{"rendered":"Betterave"},"content":{"rendered":"<p class=\"p1\"><span class=\"s1\"><b>NGD Care \u2013 La poudre de betterave<\/b><\/span> est un superaliment nutritif fabriqu\u00e9 \u00e0 partir de betteraves s\u00e9ch\u00e9es 100&nbsp;% biologiques. Les betteraves sont appr\u00e9ci\u00e9es depuis des si\u00e8cles pour leur riche teneur en vitamines, min\u00e9raux et substances v\u00e9g\u00e9tales bioactives. Ils contribuent \u00e0 une bonne circulation, \u00e0 la protection des cellules et \u00e0 une plus grande vitalit\u00e9, tant pour les humains que pour les animaux.  <\/p>\n<p class=\"p1\">La betterave <span class=\"s1\"><b>contient, entre autres, des vitamines A, du complexe B,<\/b><\/span> C, <span class=\"s1\"><b>de l\u2019acide folique (B11)<\/b><\/span> et <span class=\"s1\"><b>du b\u00eata-carot\u00e8ne<\/b><\/span>, ainsi que des min\u00e9raux importants tels que le <span class=\"s1\"><b>potassium, le magn\u00e9sium, le fer et le phosphore<\/b><\/span>. Les nitrates naturels contenus dans les betteraves peuvent favoriser la circulation sanguine et am\u00e9liorer l\u2019endurance. Les colorants (b\u00e9tala\u00efnes) agissent comme de puissants antioxydants et favorisent la d\u00e9toxification.  <\/p>\n<p class=\"p1\">Utilisez-le comme garniture, \u00e0 travers la nourriture ou comme enrichissement color\u00e9 d\u2019un <i>bol d\u2019enrichissement<\/i>. Convient \u00e9galement pour les smoothies, les collations ou les p\u00e2tisseries sur les personnes. <\/p>\n","protected":false},"excerpt":{"rendered":"<p class=\"p1\">Poudre de betterave biologique riche en vitamines, min\u00e9raux et antioxydants. Pour soutenir l\u2019\u00e9nergie, la circulation et la sant\u00e9 cellulaire. Pour les animaux et les humains.  <\/p>\n","protected":false},"featured_media":11246,"comment_status":"open","ping_status":"closed","template":"","meta":[],"product_brand":[],"product_cat":[973,976],"product_tag":[],"merken":[],"class_list":{"0":"post-4629","1":"product","2":"type-product","3":"status-publish","4":"has-post-thumbnail","6":"product_cat-enrichissement","7":"product_cat-garnitures-alimentaires","8":"infinite-scroll-item","9":"sales-flash-overlay","10":"woocommerce-text-align-center","11":"woocommerce-image-align-center","12":"do-quantity-buttons","14":"first","15":"instock","16":"taxable","17":"shipping-taxable","18":"purchasable","19":"product-type-simple"},"_links":{"self":[{"href":"https:\/\/www.ngdcare.nl\/fr\/wp-json\/wp\/v2\/product\/4629","targetHints":{"allow":["GET"]}}],"collection":[{"href":"https:\/\/www.ngdcare.nl\/fr\/wp-json\/wp\/v2\/product"}],"about":[{"href":"https:\/\/www.ngdcare.nl\/fr\/wp-json\/wp\/v2\/types\/product"}],"replies":[{"embeddable":true,"href":"https:\/\/www.ngdcare.nl\/fr\/wp-json\/wp\/v2\/comments?post=4629"}],"wp:featuredmedia":[{"embeddable":true,"href":"https:\/\/www.ngdcare.nl\/fr\/wp-json\/wp\/v2\/media\/11246"}],"wp:attachment":[{"href":"https:\/\/www.ngdcare.nl\/fr\/wp-json\/wp\/v2\/media?parent=4629"}],"wp:term":[{"taxonomy":"product_brand","embeddable":true,"href":"https:\/\/www.ngdcare.nl\/fr\/wp-json\/wp\/v2\/product_brand?post=4629"},{"taxonomy":"product_cat","embeddable":true,"href":"https:\/\/www.ngdcare.nl\/fr\/wp-json\/wp\/v2\/product_cat?post=4629"},{"taxonomy":"product_tag","embeddable":true,"href":"https:\/\/www.ngdcare.nl\/fr\/wp-json\/wp\/v2\/product_tag?post=4629"},{"taxonomy":"merken","embeddable":true,"href":"https:\/\/www.ngdcare.nl\/fr\/wp-json\/wp\/v2\/merken?post=4629"}],"curies":[{"name":"wp","href":"https:\/\/api.w.org\/{rel}","templated":true}]}}