{"id":4698,"date":"2025-06-19T22:34:19","date_gmt":"2025-06-19T20:34:19","guid":{"rendered":"https:\/\/www.ngdcare.nl\/?post_type=product&#038;p=4698"},"modified":"2025-10-07T13:29:46","modified_gmt":"2025-10-07T11:29:46","slug":"colloidal-kopie","status":"publish","type":"product","link":"https:\/\/www.ngdcare.nl\/fr\/product\/sante-veterinaire\/colloidal-fr\/colloidal-kopie\/","title":{"rendered":"Or collo\u00efdal \u2013 or collo\u00efdal"},"content":{"rendered":"<p style=\"font-weight: 400;\"><strong>L\u2019or collo\u00efdal de NGD Care<\/strong> est un liquide pur et de haute qualit\u00e9 compos\u00e9 exclusivement <strong>d\u2019or \u00e9l\u00e9mentaire (10 PPM)<\/strong> dans de <strong>l\u2019eau distill\u00e9e purifi\u00e9e<\/strong>. Les particules <strong>n\u2019ont qu\u2019une taille moyenne de 3,2 nanom\u00e8tres<\/strong>, ce qui garantit une excellente distribution, stabilit\u00e9 et biodisponibilit\u00e9. <\/p>\n<p style=\"font-weight: 400;\">L\u2019or collo\u00efdal est connu pour son engagement en faveur du <strong>soutien cognitif<\/strong>, de la clart\u00e9 mentale et de la vitalit\u00e9 globale. De plus, il est traditionnellement utilis\u00e9 pour <strong>l\u2019inflammation de bas grade<\/strong>, la fatigue et comme soutien l\u00e9ger pour le syst\u00e8me nerveux. Gr\u00e2ce aux petites nanoparticules, ce produit convient \u00e0 <strong>un usage externe<\/strong>, m\u00eame dans les zones sensibles telles que les yeux, les oreilles ou les plaies.  <\/p>\n<p style=\"font-weight: 400;\">Notre solution est sans ions et a une <strong>couleur rouge rubis brillant<\/strong> \u2013 un signe de dispersion collo\u00efdale pure des particules d\u2019or. Il ne contient ni conservateurs, ni excipients, ni alcool. Cela le rend s\u00fbr \u00e0 utiliser sur les animaux et les utilisateurs sensibles.  <\/p>\n<p>L\u2019or collo\u00efdal n\u2019est autoris\u00e9 que pour un usage externe.<\/p>\n","protected":false},"excerpt":{"rendered":"<p style=\"font-weight: 400;\">Or collo\u00efdal pur (10 PPM) dans de l\u2019eau purifi\u00e9e. Pour le soutien naturel des fonctions cognitives, de la gestion de l\u2019\u00e9nergie et des processus de r\u00e9cup\u00e9ration. Convient aux humains et aux animaux.  <\/p>\n","protected":false},"featured_media":4749,"comment_status":"open","ping_status":"closed","template":"","meta":{"wds_primary_product_brand":0,"wds_primary_product_cat":0,"wds_primary_merken":0},"product_brand":[],"product_cat":[646,983,548],"product_tag":[909,908,1191,799,1194,1193,1196,1192,1197,1195],"merken":[],"class_list":{"0":"post-4698","1":"product","2":"type-product","3":"status-publish","4":"has-post-thumbnail","6":"product_cat-anti-inflammatoire","7":"product_cat-colloidal-fr","8":"product_cat-vitalite-generale","9":"product_tag-chat","10":"product_tag-chien","11":"product_tag-colloidal","12":"product_tag-comportement","13":"product_tag-foyer","14":"product_tag-nano-or","15":"product_tag-ngd-soins-colloidal","16":"product_tag-or","17":"product_tag-prime","18":"product_tag-systeme-nerveux","19":"infinite-scroll-item","20":"sales-flash-overlay","21":"woocommerce-text-align-center","22":"woocommerce-image-align-center","23":"do-quantity-buttons","25":"first","26":"instock","27":"taxable","28":"shipping-taxable","29":"purchasable","30":"product-type-simple"},"_links":{"self":[{"href":"https:\/\/www.ngdcare.nl\/fr\/wp-json\/wp\/v2\/product\/4698","targetHints":{"allow":["GET"]}}],"collection":[{"href":"https:\/\/www.ngdcare.nl\/fr\/wp-json\/wp\/v2\/product"}],"about":[{"href":"https:\/\/www.ngdcare.nl\/fr\/wp-json\/wp\/v2\/types\/product"}],"replies":[{"embeddable":true,"href":"https:\/\/www.ngdcare.nl\/fr\/wp-json\/wp\/v2\/comments?post=4698"}],"wp:featuredmedia":[{"embeddable":true,"href":"https:\/\/www.ngdcare.nl\/fr\/wp-json\/wp\/v2\/media\/4749"}],"wp:attachment":[{"href":"https:\/\/www.ngdcare.nl\/fr\/wp-json\/wp\/v2\/media?parent=4698"}],"wp:term":[{"taxonomy":"product_brand","embeddable":true,"href":"https:\/\/www.ngdcare.nl\/fr\/wp-json\/wp\/v2\/product_brand?post=4698"},{"taxonomy":"product_cat","embeddable":true,"href":"https:\/\/www.ngdcare.nl\/fr\/wp-json\/wp\/v2\/product_cat?post=4698"},{"taxonomy":"product_tag","embeddable":true,"href":"https:\/\/www.ngdcare.nl\/fr\/wp-json\/wp\/v2\/product_tag?post=4698"},{"taxonomy":"merken","embeddable":true,"href":"https:\/\/www.ngdcare.nl\/fr\/wp-json\/wp\/v2\/merken?post=4698"}],"curies":[{"name":"wp","href":"https:\/\/api.w.org\/{rel}","templated":true}]}}