{"id":4702,"date":"2025-06-19T22:51:27","date_gmt":"2025-06-19T20:51:27","guid":{"rendered":"https:\/\/www.ngdcare.nl\/?post_type=product&#038;p=4702"},"modified":"2025-10-07T13:22:48","modified_gmt":"2025-10-07T11:22:48","slug":"or-colloidal-kopie","status":"publish","type":"product","link":"https:\/\/www.ngdcare.nl\/fr\/product\/sante-veterinaire\/colloidal-fr\/or-colloidal-kopie\/","title":{"rendered":"Cuivre collo\u00efdal"},"content":{"rendered":"<p style=\"font-weight: 400;\"><strong>NGD Care \u2013 Cuivre collo\u00efdal<\/strong> est une solution liquide de cuivre pur \u00e0 une concentration de 5 PPM (parties par million), dissoute dans de l\u2019eau distill\u00e9e. Il contient <strong>des nanoparticules de cuivre<\/strong>, ce qui assure une biodisponibilit\u00e9 \u00e9lev\u00e9e et une absorption cibl\u00e9e dans l\u2019organisme. Le liquide est clair et a une couleur vert-jaune clair caract\u00e9ristique.  <\/p>\n<p style=\"font-weight: 400;\">Le cuivre est un oligo-\u00e9l\u00e9ment essentiel qui est impliqu\u00e9 dans de nombreux processus <strong>corporels tels que la construction du tissu conjonctif, la pigmentation, la cicatrisation des plaies et le syst\u00e8me immunitaire<\/strong>. Le cuivre collo\u00efdal convient <strong>\u00e0 la fois \u00e0 un usage interne et externe<\/strong> chez les animaux et les humains. <\/p>\n<p style=\"font-weight: 400;\">En raison de son action puissante, ce produit ne convient pas \u00e0 une utilisation \u00e0 long terme ou pr\u00e9ventive, et ne doit pas \u00eatre combin\u00e9 avec d\u2019autres sources de cuivre. Il est particuli\u00e8rement utile en cas de p\u00e9nurie temporaire ou de situations aigu\u00ebs dans lesquelles le m\u00e9nage en cuivre a besoin d\u2019un soutien suppl\u00e9mentaire. <\/p>\n<p style=\"font-weight: 400;\">Comme pour toute pr\u00e9paration \u00e0 base de cuivre, des <strong>pr\u00e9cautions doivent \u00eatre prises<\/strong> chez les animaux pr\u00e9sentant des probl\u00e8mes h\u00e9patiques, chez les petits animaux ou en cas d\u2019administration \u00e0 long terme. Un dosage correct est essentiel pour \u00e9viter une surcharge. <\/p>\n","protected":false},"excerpt":{"rendered":"<p style=\"font-weight: 400;\">Cuivre collo\u00efdal (5 PPM) avec des nanoparticules pures dans de l\u2019eau purifi\u00e9e. Soutient la peau, le tissu conjonctif et le syst\u00e8me immunitaire chez les humains et les animaux. Ne convient pas pour une utilisation \u00e0 long terme.  <\/p>\n","protected":false},"featured_media":4746,"comment_status":"open","ping_status":"closed","template":"","meta":{"wds_primary_product_brand":0,"wds_primary_product_cat":0,"wds_primary_merken":0},"product_brand":[],"product_cat":[646,983,548],"product_tag":[909,908,1191,1250,1254,1251,1196,998,1252,1253],"merken":[],"class_list":{"0":"post-4702","1":"product","2":"type-product","3":"status-publish","4":"has-post-thumbnail","6":"product_cat-anti-inflammatoire","7":"product_cat-colloidal-fr","8":"product_cat-vitalite-generale","9":"product_tag-chat","10":"product_tag-chien","11":"product_tag-colloidal","12":"product_tag-cuivre","13":"product_tag-mineraux","14":"product_tag-nano-cuivre","15":"product_tag-ngd-soins-colloidal","16":"product_tag-peau","17":"product_tag-peau-fr","18":"product_tag-soin","19":"infinite-scroll-item","20":"sales-flash-overlay","21":"woocommerce-text-align-center","22":"woocommerce-image-align-center","23":"do-quantity-buttons","25":"first","26":"instock","27":"taxable","28":"shipping-taxable","29":"purchasable","30":"product-type-simple"},"_links":{"self":[{"href":"https:\/\/www.ngdcare.nl\/fr\/wp-json\/wp\/v2\/product\/4702","targetHints":{"allow":["GET"]}}],"collection":[{"href":"https:\/\/www.ngdcare.nl\/fr\/wp-json\/wp\/v2\/product"}],"about":[{"href":"https:\/\/www.ngdcare.nl\/fr\/wp-json\/wp\/v2\/types\/product"}],"replies":[{"embeddable":true,"href":"https:\/\/www.ngdcare.nl\/fr\/wp-json\/wp\/v2\/comments?post=4702"}],"wp:featuredmedia":[{"embeddable":true,"href":"https:\/\/www.ngdcare.nl\/fr\/wp-json\/wp\/v2\/media\/4746"}],"wp:attachment":[{"href":"https:\/\/www.ngdcare.nl\/fr\/wp-json\/wp\/v2\/media?parent=4702"}],"wp:term":[{"taxonomy":"product_brand","embeddable":true,"href":"https:\/\/www.ngdcare.nl\/fr\/wp-json\/wp\/v2\/product_brand?post=4702"},{"taxonomy":"product_cat","embeddable":true,"href":"https:\/\/www.ngdcare.nl\/fr\/wp-json\/wp\/v2\/product_cat?post=4702"},{"taxonomy":"product_tag","embeddable":true,"href":"https:\/\/www.ngdcare.nl\/fr\/wp-json\/wp\/v2\/product_tag?post=4702"},{"taxonomy":"merken","embeddable":true,"href":"https:\/\/www.ngdcare.nl\/fr\/wp-json\/wp\/v2\/merken?post=4702"}],"curies":[{"name":"wp","href":"https:\/\/api.w.org\/{rel}","templated":true}]}}