{"id":4707,"date":"2025-06-19T23:13:19","date_gmt":"2025-06-19T21:13:19","guid":{"rendered":"https:\/\/www.ngdcare.nl\/?post_type=product&#038;p=4707"},"modified":"2026-03-29T14:28:19","modified_gmt":"2026-03-29T12:28:19","slug":"colloidal-kopie-2","status":"publish","type":"product","link":"https:\/\/www.ngdcare.nl\/fr\/product\/sante-veterinaire\/colloidal-fr\/colloidal-kopie-2\/","title":{"rendered":"Spray collo\u00efdal argent-zinc \u2013 spray collo\u00efdal argent zinc"},"content":{"rendered":"<p style=\"font-weight: 400;\">Le <strong>spray collo\u00efdal argent-zinc<\/strong> de NGD Care combine deux \u00e9l\u00e9ments puissants dans leur forme la plus pure : l\u2019argent collo\u00efdal (10 PPM) et le zinc collo\u00efdal (15 PPM), dissous dans de l\u2019eau distill\u00e9e purifi\u00e9e. Gr\u00e2ce \u00e0 l\u2019utilisation <strong>de nanoparticules<\/strong> , l\u2019argent et le zinc sont mieux r\u00e9partis et absorb\u00e9s de mani\u00e8re optimale \u00e0 la surface de la peau, o\u00f9 ils peuvent exercer leur effet naturel, nettoyant et r\u00e9parateur de la peau. <\/p>\n<p style=\"font-weight: 400;\">L\u2019argent collo\u00efdal et le zinc collo\u00efdal sont tous deux connus pour leur large \u00e9ventail d\u2019applications pour <strong>les probl\u00e8mes de peau<\/strong>, tels que les rougeurs, les irritations, les d\u00e9mangeaisons ou les plaies mineures. Ce spray est con\u00e7u pour <strong>un usage externe<\/strong> chez les animaux et les humains et ne contient pas d\u2019alcool, de parfums, de conservateurs ou d\u2019additifs synth\u00e9tiques. <\/p>\n<p style=\"font-weight: 400;\">Gr\u00e2ce au flacon pulv\u00e9risateur pratique, le produit est facile \u00e0 appliquer sur de grandes surfaces cutan\u00e9es ou des endroits difficiles d\u2019acc\u00e8s. Un ajout s\u00fbr, doux et efficace \u00e0 toute routine de soins de la peau naturels. <\/p>\n","protected":false},"excerpt":{"rendered":"<p class=\"p1\">Pulv\u00e9risation collo\u00efdale avec du nano-argent (10 PPM) et du nano-zinc (15 PPM) dans de l\u2019eau purifi\u00e9e. Favorise la r\u00e9cup\u00e9ration naturelle de la peau chez les animaux et les humains.  Convient pour un usage externe<\/p>\n","protected":false},"featured_media":17421,"comment_status":"open","ping_status":"closed","template":"","meta":{"wds_primary_product_brand":0,"wds_primary_product_cat":0,"wds_primary_merken":0},"product_brand":[],"product_cat":[646,983,548],"product_tag":[1226,909,908,1191,703,1232,704,1228,1229,1196,702,1230,1163,1231,1227],"merken":[],"class_list":{"0":"post-4707","1":"product","2":"type-product","3":"status-publish","4":"has-post-thumbnail","6":"product_cat-anti-inflammatoire","7":"product_cat-colloidal-fr","8":"product_cat-vitalite-generale","9":"product_tag-argent","10":"product_tag-chat","11":"product_tag-chien","12":"product_tag-colloidal","13":"product_tag-eczema-fr","14":"product_tag-infection","15":"product_tag-irritation-cutanee","16":"product_tag-nano-argent","17":"product_tag-nano-zinc","18":"product_tag-ngd-soins-colloidal","19":"product_tag-point-chaud","20":"product_tag-pulveriser","21":"product_tag-reparation-de-la-peau-fr","22":"product_tag-soins-des-plaies","23":"product_tag-zinc","24":"infinite-scroll-item","25":"sales-flash-overlay","26":"woocommerce-text-align-center","27":"woocommerce-image-align-center","28":"do-quantity-buttons","30":"first","31":"instock","32":"taxable","33":"shipping-taxable","34":"purchasable","35":"product-type-simple"},"_links":{"self":[{"href":"https:\/\/www.ngdcare.nl\/fr\/wp-json\/wp\/v2\/product\/4707","targetHints":{"allow":["GET"]}}],"collection":[{"href":"https:\/\/www.ngdcare.nl\/fr\/wp-json\/wp\/v2\/product"}],"about":[{"href":"https:\/\/www.ngdcare.nl\/fr\/wp-json\/wp\/v2\/types\/product"}],"replies":[{"embeddable":true,"href":"https:\/\/www.ngdcare.nl\/fr\/wp-json\/wp\/v2\/comments?post=4707"}],"wp:featuredmedia":[{"embeddable":true,"href":"https:\/\/www.ngdcare.nl\/fr\/wp-json\/wp\/v2\/media\/17421"}],"wp:attachment":[{"href":"https:\/\/www.ngdcare.nl\/fr\/wp-json\/wp\/v2\/media?parent=4707"}],"wp:term":[{"taxonomy":"product_brand","embeddable":true,"href":"https:\/\/www.ngdcare.nl\/fr\/wp-json\/wp\/v2\/product_brand?post=4707"},{"taxonomy":"product_cat","embeddable":true,"href":"https:\/\/www.ngdcare.nl\/fr\/wp-json\/wp\/v2\/product_cat?post=4707"},{"taxonomy":"product_tag","embeddable":true,"href":"https:\/\/www.ngdcare.nl\/fr\/wp-json\/wp\/v2\/product_tag?post=4707"},{"taxonomy":"merken","embeddable":true,"href":"https:\/\/www.ngdcare.nl\/fr\/wp-json\/wp\/v2\/merken?post=4707"}],"curies":[{"name":"wp","href":"https:\/\/api.w.org\/{rel}","templated":true}]}}