{"id":4711,"date":"2025-06-19T23:24:39","date_gmt":"2025-06-19T21:24:39","guid":{"rendered":"https:\/\/www.ngdcare.nl\/?post_type=product&#038;p=4711"},"modified":"2026-03-29T14:35:05","modified_gmt":"2026-03-29T12:35:05","slug":"colloidal-kopie-kopie","status":"publish","type":"product","link":"https:\/\/www.ngdcare.nl\/fr\/product\/sante-veterinaire\/colloidal-fr\/colloidal-kopie-kopie\/","title":{"rendered":"Gouttes pour les yeux et les oreilles en argent collo\u00efdal \u2013 gouttes d\u2019argent collo\u00efdal"},"content":{"rendered":"<p style=\"font-weight: 400;\">Les <strong>gouttes pour les yeux et les oreilles \u00e0 l\u2019argent collo\u00efdal<\/strong> de NGD Care contiennent de l\u2019argent collo\u00efdal pur \u00e0 une concentration de 10 PPM (parties par million), dissous dans de l\u2019eau distill\u00e9e purifi\u00e9e. Gr\u00e2ce \u00e0 l\u2019utilisation de <strong>particules de nano-argent<\/strong> , ce liquide est particuli\u00e8rement adapt\u00e9 aux zones sensibles telles que les yeux et les oreilles. <\/p>\n<p style=\"font-weight: 400;\">Ces gouttes sont d\u00e9velopp\u00e9es pour <strong>un usage externe<\/strong> et fournissent un soutien naturel pour les probl\u00e8mes oculaires et auditifs chez les animaux et les humains. Les particules d\u2019argent collo\u00efdal ont un effet purifiant et aident \u00e0 soutenir le microclimat de la peau et des muqueuses sans irritants. <\/p>\n<p style=\"font-weight: 400;\">Le produit est 100&nbsp;% exempt d\u2019additifs tels que l\u2019alcool, les conservateurs ou les parfums. Cela le rend s\u00fbr \u00e0 utiliser avec de jeunes animaux, une peau sensible ou lorsqu\u2019il est utilis\u00e9 autour des muqueuses. <\/p>\n<p style=\"font-weight: 400;\">La pipette pratique permet de doser facilement et avec pr\u00e9cision, par exemple quelques gouttes dans l\u2019\u0153il ou dans l\u2019oreille, ou sur un point de la peau. L\u2019argent agit localement et doucement, sans effets secondaires ni interactions connus. <\/p>\n","protected":false},"excerpt":{"rendered":"<p style=\"font-weight: 400;\">Gouttes collo\u00efdales avec du nano-argent (10 PPM) dans de l\u2019eau purifi\u00e9e. Id\u00e9al pour le soutien local dans les soins oculaires et auriculaires chez les animaux et les humains. Usage externe.  <\/p>\n","protected":false},"featured_media":17411,"comment_status":"open","ping_status":"closed","template":"","meta":{"wds_primary_product_brand":0,"wds_primary_product_cat":0,"wds_primary_merken":0},"product_brand":[],"product_cat":[646,983,548],"product_tag":[909,908,1268,1191,1232,1228,1196,1271,1270,1269],"merken":[],"class_list":{"0":"post-4711","1":"product","2":"type-product","3":"status-publish","4":"has-post-thumbnail","6":"product_cat-anti-inflammatoire","7":"product_cat-colloidal-fr","8":"product_cat-vitalite-generale","9":"product_tag-chat","10":"product_tag-chien","11":"product_tag-colloidal-fr","12":"product_tag-colloidal","13":"product_tag-infection","14":"product_tag-nano-argent","15":"product_tag-ngd-soins-colloidal","16":"product_tag-soins-des-oreilles","17":"product_tag-soins-des-yeux","18":"product_tag-usage-externe","19":"infinite-scroll-item","20":"sales-flash-overlay","21":"woocommerce-text-align-center","22":"woocommerce-image-align-center","23":"do-quantity-buttons","25":"first","26":"instock","27":"taxable","28":"shipping-taxable","29":"purchasable","30":"product-type-simple"},"_links":{"self":[{"href":"https:\/\/www.ngdcare.nl\/fr\/wp-json\/wp\/v2\/product\/4711","targetHints":{"allow":["GET"]}}],"collection":[{"href":"https:\/\/www.ngdcare.nl\/fr\/wp-json\/wp\/v2\/product"}],"about":[{"href":"https:\/\/www.ngdcare.nl\/fr\/wp-json\/wp\/v2\/types\/product"}],"replies":[{"embeddable":true,"href":"https:\/\/www.ngdcare.nl\/fr\/wp-json\/wp\/v2\/comments?post=4711"}],"wp:featuredmedia":[{"embeddable":true,"href":"https:\/\/www.ngdcare.nl\/fr\/wp-json\/wp\/v2\/media\/17411"}],"wp:attachment":[{"href":"https:\/\/www.ngdcare.nl\/fr\/wp-json\/wp\/v2\/media?parent=4711"}],"wp:term":[{"taxonomy":"product_brand","embeddable":true,"href":"https:\/\/www.ngdcare.nl\/fr\/wp-json\/wp\/v2\/product_brand?post=4711"},{"taxonomy":"product_cat","embeddable":true,"href":"https:\/\/www.ngdcare.nl\/fr\/wp-json\/wp\/v2\/product_cat?post=4711"},{"taxonomy":"product_tag","embeddable":true,"href":"https:\/\/www.ngdcare.nl\/fr\/wp-json\/wp\/v2\/product_tag?post=4711"},{"taxonomy":"merken","embeddable":true,"href":"https:\/\/www.ngdcare.nl\/fr\/wp-json\/wp\/v2\/merken?post=4711"}],"curies":[{"name":"wp","href":"https:\/\/api.w.org\/{rel}","templated":true}]}}