{"id":5191,"date":"2025-08-24T22:38:04","date_gmt":"2025-08-24T20:38:04","guid":{"rendered":"https:\/\/www.ngdcare.nl\/?post_type=product&#038;p=5191"},"modified":"2026-03-29T14:23:46","modified_gmt":"2026-03-29T12:23:46","slug":"gouttes-dargent-colloidal-gouttes-dargent-colloidal-kopie","status":"publish","type":"product","link":"https:\/\/www.ngdcare.nl\/fr\/product\/sante-veterinaire\/colloidal-fr\/gouttes-dargent-colloidal-gouttes-dargent-colloidal-kopie\/","title":{"rendered":"Spray nasal \u00e0 l\u2019argent collo\u00efdal \u2013 spray nasal \u00e0 l\u2019argent collo\u00efdal"},"content":{"rendered":"<p class=\"p1\">Le <strong>spray nasal \u00e0 l\u2019argent collo\u00efdal<\/strong> de NGD Care fournit un soutien naturel pour les probl\u00e8mes nasaux chez les animaux de compagnie et les humains. Ce spray contient de l\u2019argent collo\u00efdal pur \u00e0 une concentration de 10 PPM (parties par million), dissous dans de l\u2019eau distill\u00e9e purifi\u00e9e. Gr\u00e2ce \u00e0 l\u2019utilisation de particules de nanoargent, le spray nasal est particuli\u00e8rement adapt\u00e9 aux muqueuses sensibles.  <\/p>\n<p class=\"p1\">L\u2019argent a naturellement un effet purifiant et contribue \u00e0 un microclimat sain des voies nasales, sans additifs irritants. Le spray ne contient pas d\u2019alcool, de conservateurs ou de parfums, ce qui le rend sans danger pour les jeunes animaux ou les personnes sensibles. <\/p>\n<p class=\"p1\">Le flacon pulv\u00e9risateur rend l\u2019administration facile et pr\u00e9cise : avec un spray par narine, la muqueuse nasale est atteinte directement. L\u2019action est locale, l\u00e9g\u00e8re et sans effets secondaires ni interactions connus. <\/p>\n<p class=\"p1\">Ce spray nasal est principalement utilis\u00e9 pour :<\/p>\n<p class=\"p1\">\u2013 \u00e9coulement nasal excessif<\/p>\n<p class=\"p1\">\u2013 nez bouch\u00e9<\/p>\n<p class=\"p1\">\u2013 soutien des sinus et des voies respiratoires<\/p>\n<p class=\"p1\">\u2013 soins postop\u00e9ratoires de la cavit\u00e9 nasale<\/p>\n<p class=\"p1\">\u2013 irritations saisonni\u00e8res (par exemple le pollen)<\/p>\n","protected":false},"excerpt":{"rendered":"<p class=\"p1\">Le spray nasal \u00e0 l\u2019argent collo\u00efdal de NGD Care est un spray doux et naturel avec 10 ppm de nanoargent dans de l\u2019eau distill\u00e9e. Soutient les muqueuses et la sant\u00e9 nasale chez les humains et les animaux. <\/p>\n","protected":false},"featured_media":11085,"comment_status":"open","ping_status":"closed","template":"","meta":{"wds_primary_product_brand":0,"wds_primary_product_cat":0,"wds_primary_merken":0},"product_brand":[],"product_cat":[646,983,548],"product_tag":[909,908,1268,1191,1232,1228,1196,1422,1418,1419,1420,1269,1421],"merken":[],"class_list":{"0":"post-5191","1":"product","2":"type-product","3":"status-publish","4":"has-post-thumbnail","6":"product_cat-anti-inflammatoire","7":"product_cat-colloidal-fr","8":"product_cat-vitalite-generale","9":"product_tag-chat","10":"product_tag-chien","11":"product_tag-colloidal-fr","12":"product_tag-colloidal","13":"product_tag-infection","14":"product_tag-nano-argent","15":"product_tag-ngd-soins-colloidal","16":"product_tag-rhinite","17":"product_tag-sinusite","18":"product_tag-spray-nasal","19":"product_tag-spray-nasal-argente","20":"product_tag-usage-externe","21":"product_tag-voies-respiratoires-anterieures","22":"infinite-scroll-item","23":"sales-flash-overlay","24":"woocommerce-text-align-center","25":"woocommerce-image-align-center","26":"do-quantity-buttons","28":"first","29":"instock","30":"taxable","31":"shipping-taxable","32":"purchasable","33":"product-type-simple"},"_links":{"self":[{"href":"https:\/\/www.ngdcare.nl\/fr\/wp-json\/wp\/v2\/product\/5191","targetHints":{"allow":["GET"]}}],"collection":[{"href":"https:\/\/www.ngdcare.nl\/fr\/wp-json\/wp\/v2\/product"}],"about":[{"href":"https:\/\/www.ngdcare.nl\/fr\/wp-json\/wp\/v2\/types\/product"}],"replies":[{"embeddable":true,"href":"https:\/\/www.ngdcare.nl\/fr\/wp-json\/wp\/v2\/comments?post=5191"}],"wp:featuredmedia":[{"embeddable":true,"href":"https:\/\/www.ngdcare.nl\/fr\/wp-json\/wp\/v2\/media\/11085"}],"wp:attachment":[{"href":"https:\/\/www.ngdcare.nl\/fr\/wp-json\/wp\/v2\/media?parent=5191"}],"wp:term":[{"taxonomy":"product_brand","embeddable":true,"href":"https:\/\/www.ngdcare.nl\/fr\/wp-json\/wp\/v2\/product_brand?post=5191"},{"taxonomy":"product_cat","embeddable":true,"href":"https:\/\/www.ngdcare.nl\/fr\/wp-json\/wp\/v2\/product_cat?post=5191"},{"taxonomy":"product_tag","embeddable":true,"href":"https:\/\/www.ngdcare.nl\/fr\/wp-json\/wp\/v2\/product_tag?post=5191"},{"taxonomy":"merken","embeddable":true,"href":"https:\/\/www.ngdcare.nl\/fr\/wp-json\/wp\/v2\/merken?post=5191"}],"curies":[{"name":"wp","href":"https:\/\/api.w.org\/{rel}","templated":true}]}}