{"id":5427,"date":"2025-09-15T21:10:30","date_gmt":"2025-09-15T19:10:30","guid":{"rendered":"https:\/\/www.ngdcare.nl\/product\/non%20class\u00e9\/gouttes-nasales-a-lozone-et-a-la-glycerine-spray-nasal\/"},"modified":"2026-04-15T15:51:06","modified_gmt":"2026-04-15T13:51:06","slug":"gouttes-nasales-a-lozone-et-a-la-glycerine-spray-nasal","status":"publish","type":"product","link":"https:\/\/www.ngdcare.nl\/fr\/product\/ozone-fr\/gouttes-nasales-a-lozone-et-a-la-glycerine-spray-nasal\/","title":{"rendered":"Gouttes nasales \u00e0 l\u2019ozone et \u00e0 la glyc\u00e9rine \u2013 Spray nasal"},"content":{"rendered":"<p data-start=\"1627\" data-end=\"2267\">Gouttes nasales \u00e0 l\u2019ozone et \u00e0 la glyc\u00e9rine <strong data-start=\"1700\" data-end=\"1720\">\u2013 Le spray nasal<\/strong> est un <strong data-start=\"1728\" data-end=\"1757\">spray nasal aqueux et doux<\/strong> avec <strong data-start=\"1762\" data-end=\"1792\">5 % de glyc\u00e9rine ozon\u00e9e<\/strong> dans <strong data-start=\"1796\" data-end=\"1809\">0,9 % de NaCl<\/strong>. La fine brume est <strong data-start=\"1829\" data-end=\"1862\">confortable pour les muqueuses<\/strong> et aide \u00e0 garder le <strong data-start=\"1876\" data-end=\"1902\">microclimat nasal frais<\/strong> . Gr\u00e2ce aux propri\u00e9t\u00e9s <strong data-start=\"1925\" data-end=\"1939\">de r\u00e9tention d\u2019humidit\u00e9 <\/strong>de la glyc\u00e9rine, la surface reste agr\u00e9able au toucher sans coller ni se dess\u00e9cher. La formule est <strong data-start=\"2057\" data-end=\"2071\">sans parfum<\/strong> et minimaliste, adapt\u00e9e \u00e0 <strong data-start=\"2105\" data-end=\"2126\">une utilisation quotidienne<\/strong> sur les chiens et les chats.   <\/p>\n<p data-start=\"2269\" data-end=\"2319\"><strong data-start=\"2269\" data-end=\"2317\">Les indications<\/strong> pour l\u2019utilisation du spray nasal sont un effet de soutien sur la rhinite, le rhume et la congestion nasale. De plus, il peut contribuer aux soins quotidiens du nez et favoriser un environnement sec et poussi\u00e9reux. <\/p>\n","protected":false},"excerpt":{"rendered":"<p>Spray nasal doux avec 5&nbsp;% de glyc\u00e9rine ozon\u00e9e dans 0,9&nbsp;% de NaCl. Maintient le microclimat nasal frais et confortable pour les muqueuses. <\/p>\n","protected":false},"featured_media":18260,"comment_status":"open","ping_status":"closed","template":"","meta":{"wds_primary_product_brand":0,"wds_primary_product_cat":0,"wds_primary_merken":0},"product_brand":[],"product_cat":[630],"product_tag":[909,908,1470,1483,1419],"merken":[],"class_list":{"0":"post-5427","1":"product","2":"type-product","3":"status-publish","4":"has-post-thumbnail","6":"product_cat-ozone-fr","7":"product_tag-chat","8":"product_tag-chien","9":"product_tag-glycerine-ozonee","10":"product_tag-soins-du-nez","11":"product_tag-spray-nasal","12":"infinite-scroll-item","13":"sales-flash-overlay","14":"woocommerce-text-align-center","15":"woocommerce-image-align-center","16":"do-quantity-buttons","18":"first","19":"outofstock","20":"taxable","21":"shipping-taxable","22":"purchasable","23":"product-type-simple"},"_links":{"self":[{"href":"https:\/\/www.ngdcare.nl\/fr\/wp-json\/wp\/v2\/product\/5427","targetHints":{"allow":["GET"]}}],"collection":[{"href":"https:\/\/www.ngdcare.nl\/fr\/wp-json\/wp\/v2\/product"}],"about":[{"href":"https:\/\/www.ngdcare.nl\/fr\/wp-json\/wp\/v2\/types\/product"}],"replies":[{"embeddable":true,"href":"https:\/\/www.ngdcare.nl\/fr\/wp-json\/wp\/v2\/comments?post=5427"}],"wp:featuredmedia":[{"embeddable":true,"href":"https:\/\/www.ngdcare.nl\/fr\/wp-json\/wp\/v2\/media\/18260"}],"wp:attachment":[{"href":"https:\/\/www.ngdcare.nl\/fr\/wp-json\/wp\/v2\/media?parent=5427"}],"wp:term":[{"taxonomy":"product_brand","embeddable":true,"href":"https:\/\/www.ngdcare.nl\/fr\/wp-json\/wp\/v2\/product_brand?post=5427"},{"taxonomy":"product_cat","embeddable":true,"href":"https:\/\/www.ngdcare.nl\/fr\/wp-json\/wp\/v2\/product_cat?post=5427"},{"taxonomy":"product_tag","embeddable":true,"href":"https:\/\/www.ngdcare.nl\/fr\/wp-json\/wp\/v2\/product_tag?post=5427"},{"taxonomy":"merken","embeddable":true,"href":"https:\/\/www.ngdcare.nl\/fr\/wp-json\/wp\/v2\/merken?post=5427"}],"curies":[{"name":"wp","href":"https:\/\/api.w.org\/{rel}","templated":true}]}}