{"id":5429,"date":"2025-09-15T21:16:52","date_gmt":"2025-09-15T19:16:52","guid":{"rendered":"https:\/\/www.ngdcare.nl\/product\/non%20class\u00e9\/gouttes-auriculaires-ozone-jojoba-gouttes-auriculaires\/"},"modified":"2026-03-29T14:17:46","modified_gmt":"2026-03-29T12:17:46","slug":"gouttes-auriculaires-ozone-jojoba-gouttes-auriculaires","status":"publish","type":"product","link":"https:\/\/www.ngdcare.nl\/fr\/product\/oreilles\/gouttes-auriculaires-ozone-jojoba-gouttes-auriculaires\/","title":{"rendered":"Gouttes auriculaires Ozone Jojoba \u2013 Gouttes auriculaires"},"content":{"rendered":"<p data-start=\"5243\" data-end=\"5799\">Gouttes auriculaires \u00e0 la jojoba <strong data-start=\"5317\" data-end=\"5330\">\u00e0 l\u2019ozone \u2013 Les gouttes sont<\/strong> <strong data-start=\"5336\" data-end=\"5379\">des gouttes d\u2019oreille douces, l\u00e9g\u00e8rement ozon\u00e9es<\/strong> , \u00e0 base <strong data-start=\"5393\" data-end=\"5408\">d\u2019huile de jojoba<\/strong>. La <strong data-start=\"5413\" data-end=\"5433\">faible viscosit\u00e9 <\/strong>garantit que les gouttelettes sont <strong data-start=\"5456\" data-end=\"5471\">confortables<\/strong> et restent <strong data-start=\"5485\" data-end=\"5512\">en place un peu plus<\/strong> longtemps que les solutions aqueuses. La composition <strong data-start=\"5550\" data-end=\"5565\">sans parfum<\/strong> est destin\u00e9e aux <strong data-start=\"5596\" data-end=\"5624\">soins de l\u2019oreille externe<\/strong> (pavillon et conduit auditif externe). Cette huile de jojoba est ozon\u00e9e pour une p\u00e9riode plus courte que le baume de jojoba. Cela permet \u00e0 l\u2019huile de rester liquide et facile \u00e0 ins\u00e9rer dans l\u2019oreille et \u00e0 masser.   <\/p>\n<p data-start=\"5801\" data-end=\"5851\"><strong data-start=\"5801\" data-end=\"5849\">Les domaines d\u2019application <\/strong>sont les soins quotidiens de l\u2019oreille externe et du conduit auditif externe. L\u2019huile de jojoba ozon\u00e9e p\u00e9n\u00e8tre bien \u00e0 travers le biofilm pathog\u00e8ne de l\u2019oreille en cas de production excessive de c\u00e9rumen, mais aussi en soutien aux infections de l\u2019oreille (otite externe) dues \u00e0 une prolif\u00e9ration de bact\u00e9ries ou de levures. <\/p>\n<p data-start=\"6316\" data-end=\"6433\">\n","protected":false},"excerpt":{"rendered":"<p>Gouttes auriculaires au jojoba \u00e0 l\u2019ozone <strong data-start=\"5317\" data-end=\"5330\">\u2013 Les gouttes auriculaires<\/strong> <strong data-start=\"5336\" data-end=\"5379\">sont des gouttes auriculaires douces et l\u00e9g\u00e8rement ozon\u00e9es<\/strong> \u00e0 base <strong data-start=\"5393\" data-end=\"5408\">d\u2019huile de jojoba.<\/strong><\/p>\n","protected":false},"featured_media":17392,"comment_status":"open","ping_status":"closed","template":"","meta":{"wds_primary_product_brand":0,"wds_primary_product_cat":0,"wds_primary_merken":0},"product_brand":[],"product_cat":[629,630],"product_tag":[1488,1485,1475,1487,1486],"merken":[],"class_list":{"0":"post-5429","1":"product","2":"type-product","3":"status-publish","4":"has-post-thumbnail","6":"product_cat-oreilles","7":"product_cat-ozone-fr","8":"product_tag-gouttes-auriculaires-fr","9":"product_tag-jojoba-ozone","10":"product_tag-sans-parfum","11":"product_tag-soin-des-oreilles-de-chat","12":"product_tag-soins-des-oreilles-de-chien","13":"infinite-scroll-item","14":"sales-flash-overlay","15":"woocommerce-text-align-center","16":"woocommerce-image-align-center","17":"do-quantity-buttons","19":"first","20":"instock","21":"taxable","22":"shipping-taxable","23":"purchasable","24":"product-type-simple"},"_links":{"self":[{"href":"https:\/\/www.ngdcare.nl\/fr\/wp-json\/wp\/v2\/product\/5429","targetHints":{"allow":["GET"]}}],"collection":[{"href":"https:\/\/www.ngdcare.nl\/fr\/wp-json\/wp\/v2\/product"}],"about":[{"href":"https:\/\/www.ngdcare.nl\/fr\/wp-json\/wp\/v2\/types\/product"}],"replies":[{"embeddable":true,"href":"https:\/\/www.ngdcare.nl\/fr\/wp-json\/wp\/v2\/comments?post=5429"}],"wp:featuredmedia":[{"embeddable":true,"href":"https:\/\/www.ngdcare.nl\/fr\/wp-json\/wp\/v2\/media\/17392"}],"wp:attachment":[{"href":"https:\/\/www.ngdcare.nl\/fr\/wp-json\/wp\/v2\/media?parent=5429"}],"wp:term":[{"taxonomy":"product_brand","embeddable":true,"href":"https:\/\/www.ngdcare.nl\/fr\/wp-json\/wp\/v2\/product_brand?post=5429"},{"taxonomy":"product_cat","embeddable":true,"href":"https:\/\/www.ngdcare.nl\/fr\/wp-json\/wp\/v2\/product_cat?post=5429"},{"taxonomy":"product_tag","embeddable":true,"href":"https:\/\/www.ngdcare.nl\/fr\/wp-json\/wp\/v2\/product_tag?post=5429"},{"taxonomy":"merken","embeddable":true,"href":"https:\/\/www.ngdcare.nl\/fr\/wp-json\/wp\/v2\/merken?post=5429"}],"curies":[{"name":"wp","href":"https:\/\/api.w.org\/{rel}","templated":true}]}}