{"id":5434,"date":"2025-09-15T21:21:54","date_gmt":"2025-09-15T19:21:54","guid":{"rendered":"https:\/\/www.ngdcare.nl\/product\/non%20class\u00e9\/baume-pour-la-peau-au-jojoba-a-lozone-baume-pour-la-peau\/"},"modified":"2026-03-29T14:18:26","modified_gmt":"2026-03-29T12:18:26","slug":"baume-pour-la-peau-au-jojoba-a-lozone-baume-pour-la-peau","status":"publish","type":"product","link":"https:\/\/www.ngdcare.nl\/fr\/product\/peau-et-pelage\/baume-pour-la-peau-au-jojoba-a-lozone-baume-pour-la-peau\/","title":{"rendered":"Baume pour la peau au jojoba \u00e0 l\u2019ozone \u2013 Baume pour la peau"},"content":{"rendered":"<p data-start=\"6539\" data-end=\"6718\"><strong data-start=\"6752\" data-end=\"6783\">Baume pour la peau de jojoba \u00e0 l\u2019ozone \u2013 Le baume<\/strong> pour la peau utilise le caract\u00e8re naturel de la <strong data-start=\"6809\" data-end=\"6825\">cire<\/strong> de jojoba : avec une ozonation plus lourde, un <strong data-start=\"6878\" data-end=\"6897\">baume stable<\/strong> se forme qui d\u00e9pose une fine couche semi-occlusive. Id\u00e9al pour <strong data-start=\"6952\" data-end=\"6983\">les zones locales, s\u00e8ches ou rugueuses<\/strong> (coussinets, nez, plis cutan\u00e9s et \u00e9tag\u00e8res). Sans parfum.  <\/p>\n<p data-start=\"4084\" data-end=\"4651\">Ozone Huile de jojoba \u2013 <strong data-start=\"4158\" data-end=\"4171\">Baume pour la peau<\/strong> est un <strong data-start=\"4179\" data-end=\"4209\">baume semi-solide et stable<\/strong> \u00e0 base <strong data-start=\"4237\" data-end=\"4252\">d\u2019huile de jojoba<\/strong> ozon\u00e9e. En raison du caract\u00e8re naturel de la <strong data-start=\"4275\" data-end=\"4291\">cire de jojoba<\/strong> , une ozonation plus lourde cr\u00e9e une <strong data-start=\"4341\" data-end=\"4372\">fine couche semi-occlusive<\/strong> qui <strong data-start=\"4377\" data-end=\"4404\">reste en place pendant longtemps<\/strong>. Le baume est <strong data-start=\"4419\" data-end=\"4437\">non collant<\/strong>, <strong data-start=\"4439\" data-end=\"4453\">sans parfum<\/strong> et id\u00e9al pour <strong data-start=\"4469\" data-end=\"4500\">les zones locales, s\u00e8ches ou rugueuses<\/strong>.  <\/p>\n<p data-start=\"4084\" data-end=\"4651\"><strong data-start=\"4653\" data-end=\"4701\">Les domaines d\u2019application sont l\u2019entretien<\/strong> local des zones s\u00e8ches\/rugueuses telles que les \u00e9tag\u00e8res et autres zones de couchage, les coussinets plantaires, la surface nasale et les plis cutan\u00e9s. Le baume a un effet de soutien sur les infections bact\u00e9riennes et \u00e0 levures de la peau et p\u00e9n\u00e8tre bien dans le biofilm. <\/p>\n","protected":false},"excerpt":{"rendered":"<p data-start=\"6539\" data-end=\"6718\"><strong data-start=\"6588\" data-end=\"6602\">Baume pour la peau<\/strong> riche et semi-solide \u00e0 base d\u2019huile de jojoba ozon\u00e9e. Soigne et prot\u00e8ge les petites zones s\u00e8ches\/rugueuses et reste en place pendant longtemps. <\/p>\n<p data-start=\"6720\" data-end=\"7093\">\n","protected":false},"featured_media":17402,"comment_status":"open","ping_status":"closed","template":"","meta":{"wds_primary_product_brand":0,"wds_primary_product_cat":0,"wds_primary_merken":0},"product_brand":[],"product_cat":[541,630],"product_tag":[1488,1485,1475,1487,1486],"merken":[],"class_list":{"0":"post-5434","1":"product","2":"type-product","3":"status-publish","4":"has-post-thumbnail","6":"product_cat-peau-et-pelage","7":"product_cat-ozone-fr","8":"product_tag-gouttes-auriculaires-fr","9":"product_tag-jojoba-ozone","10":"product_tag-sans-parfum","11":"product_tag-soin-des-oreilles-de-chat","12":"product_tag-soins-des-oreilles-de-chien","13":"infinite-scroll-item","14":"sales-flash-overlay","15":"woocommerce-text-align-center","16":"woocommerce-image-align-center","17":"do-quantity-buttons","19":"first","20":"instock","21":"taxable","22":"shipping-taxable","23":"purchasable","24":"product-type-simple"},"_links":{"self":[{"href":"https:\/\/www.ngdcare.nl\/fr\/wp-json\/wp\/v2\/product\/5434","targetHints":{"allow":["GET"]}}],"collection":[{"href":"https:\/\/www.ngdcare.nl\/fr\/wp-json\/wp\/v2\/product"}],"about":[{"href":"https:\/\/www.ngdcare.nl\/fr\/wp-json\/wp\/v2\/types\/product"}],"replies":[{"embeddable":true,"href":"https:\/\/www.ngdcare.nl\/fr\/wp-json\/wp\/v2\/comments?post=5434"}],"wp:featuredmedia":[{"embeddable":true,"href":"https:\/\/www.ngdcare.nl\/fr\/wp-json\/wp\/v2\/media\/17402"}],"wp:attachment":[{"href":"https:\/\/www.ngdcare.nl\/fr\/wp-json\/wp\/v2\/media?parent=5434"}],"wp:term":[{"taxonomy":"product_brand","embeddable":true,"href":"https:\/\/www.ngdcare.nl\/fr\/wp-json\/wp\/v2\/product_brand?post=5434"},{"taxonomy":"product_cat","embeddable":true,"href":"https:\/\/www.ngdcare.nl\/fr\/wp-json\/wp\/v2\/product_cat?post=5434"},{"taxonomy":"product_tag","embeddable":true,"href":"https:\/\/www.ngdcare.nl\/fr\/wp-json\/wp\/v2\/product_tag?post=5434"},{"taxonomy":"merken","embeddable":true,"href":"https:\/\/www.ngdcare.nl\/fr\/wp-json\/wp\/v2\/merken?post=5434"}],"curies":[{"name":"wp","href":"https:\/\/api.w.org\/{rel}","templated":true}]}}