{"id":5487,"date":"2025-09-27T21:51:08","date_gmt":"2025-09-27T19:51:08","guid":{"rendered":"https:\/\/www.ngdcare.nl\/product\/non%20class\u00e9\/essence-de-chirurgie\/"},"modified":"2025-09-27T22:17:08","modified_gmt":"2025-09-27T20:17:08","slug":"essence-de-chirurgie","status":"publish","type":"product","link":"https:\/\/www.ngdcare.nl\/fr\/product\/remedes-floraux\/essence-de-chirurgie\/","title":{"rendered":"Soutien chirurgical"},"content":{"rendered":"<p>Nos conseils <strong><span style=\"font-size: inherit;\">d\u2019assistance aux<\/span><\/strong> <span style=\"font-size: inherit;\">soins NGD <\/span><strong style=\"font-weight: 400; font-size: inherit;\">\u2013 Assistance chirurgicale<\/strong><span style=\"font-weight: 400; font-size: inherit;\">  est un rem\u00e8de floral soigneusement compos\u00e9 pour les humains et les animaux, destin\u00e9 \u00e0 soutenir pendant et apr\u00e8s les op\u00e9rations, l\u2019anesth\u00e9sie ou d\u2019autres proc\u00e9dures physiques. Cette essence agit sur un niveau \u00e9nerg\u00e9tique profond : elle aide \u00e0 r\u00e9habiter le corps, prot\u00e8ge contre les intrusions \u00e9nerg\u00e9tiques et favorise le repos, la confiance et la r\u00e9cup\u00e9ration. <\/span><\/p>\n<p style=\"font-weight: 400;\">La combinaison de fleurs australiennes et Star Remedies vise \u00e0 <strong>l\u2019ancrage, au traitement des traumatismes, \u00e0 la r\u00e9cup\u00e9ration \u00e9nerg\u00e9tique<\/strong> et \u00e0 <strong>la protection \u00e9motionnelle<\/strong>. Ce rem\u00e8de est id\u00e9al pour : <\/p>\n<ul style=\"font-weight: 400;\">\n<li>R\u00e9cup\u00e9ration apr\u00e8s anesth\u00e9sie<\/li>\n<li>Tissu cicatriciel ou \u00ab fuites \u00bb \u00e9nerg\u00e9tiques<\/li>\n<li>choc, peur ou sentiment d\u2019abandon<\/li>\n<li>une agitation profonde pendant le processus de gu\u00e9rison<\/li>\n<\/ul>\n<p style=\"font-weight: 400;\">Peut \u00eatre utilis\u00e9 pour favoriser la cicatrisation des plaies, la r\u00e9cup\u00e9ration apr\u00e8s une maladie et le stress physique ou \u00e9motionnel chez les animaux et les humains. Combinez de pr\u00e9f\u00e9rence avec des soins doux, du repos et un environnement s\u00fbr. <\/p>\n<p style=\"font-weight: 400;\"><strong>Composition et effet<\/strong><\/p>\n<ul style=\"font-weight: 400;\">\n<li><strong>Terra<\/strong> \u2013 R\u00e9cup\u00e9ration, ancrage et r\u00e9veil apr\u00e8s l\u2019anesth\u00e9sie.<\/li>\n<li><strong>\u00c9p\u00e9e d\u2019ange<\/strong> \u2013 Protection contre l\u2019invasion spirituelle\/\u00e9nerg\u00e9tique (comme la coupure ou la s\u00e9dation).<\/li>\n<li><strong>Violet frang\u00e9<\/strong> \u2013 Restaure l\u2019aura et le corps \u00e9th\u00e9rique.<\/li>\n<li><strong>Rhodolite Garnet<\/strong> \u2013 Aide \u00e0 r\u00e9habiter le corps&nbsp;; r\u00e9cup\u00e9ration de la toile \u00e9nerg\u00e9tique.<\/li>\n<li><strong>AnimalCare<\/strong> \u2013 Premiers secours en cas de choc, de traumatisme ou d\u2019abandon.<\/li>\n<li><strong>Amour et espoir<\/strong> \u2013 R\u00e9confort, amour, douceur et confiance.<\/li>\n<li><strong>L\u2019\u00e9toile de Bethl\u00e9em<\/strong> \u2013 Nettoyeur de traumatismes au niveau cellulaire et de l\u2019\u00e2me.<\/li>\n<li><strong>Coquelicot<\/strong> \u2013 Favorise l\u2019abandon, le traitement et le repos pendant le sommeil ou la s\u00e9dation.<\/li>\n<li><strong>Fleur de masque<\/strong> \u2013 L\u00e2chez la peur, augmentez le sentiment de s\u00e9curit\u00e9.<\/li>\n<li><strong>Herbe de gr\u00e2ce (Scutellaria)<\/strong> \u2013 Calme le syst\u00e8me nerveux, favorise la r\u00e9cup\u00e9ration physique.<\/li>\n<\/ul>\n<p>Pour une orientation compl\u00e8te, nous vous conseillons d\u2019acheter le forfait post-op\u00e9ratoire. En plus des fleurs, il contient \u00e9galement notre curcumine liposomale et notre chlorelle, notre spiruline et notre luzerne. <\/p>\n","protected":false},"excerpt":{"rendered":"<p>Cette puissante formule florale soutient les animaux et les humains avant, pendant et apr\u00e8s les op\u00e9rations. Aide \u00e0 l\u2019ancrage, \u00e0 la r\u00e9cup\u00e9ration des traumatismes, \u00e0 la protection et \u00e0 la r\u00e9cup\u00e9ration du corps \u00e9nerg\u00e9tique. Id\u00e9al pour l\u2019anesth\u00e9sie, la cicatrisation des plaies, le choc et la tension \u00e9motionnelle.  <\/p>\n","protected":false},"featured_media":5488,"comment_status":"open","ping_status":"closed","template":"","meta":{"wds_primary_product_brand":0,"wds_primary_product_cat":0,"wds_primary_merken":0},"product_brand":[],"product_cat":[1610],"product_tag":[1635,1620,1626,1630,1623,1633,1614,1617],"merken":[],"class_list":{"0":"post-5487","1":"product","2":"type-product","3":"status-publish","4":"has-post-thumbnail","6":"product_cat-remedes-floraux","7":"product_tag-blossoms-ngd-soins","8":"product_tag-chirurgie-des-fleurs","9":"product_tag-fleurs-pour-les-animaux","10":"product_tag-floraison-pendant-lanesthesie","11":"product_tag-la-guerison-des-traumatismes-sepanouit","12":"product_tag-recuperation-daura","13":"product_tag-recuperation-energetique","14":"product_tag-recuperation-postoperatoire","15":"infinite-scroll-item","16":"sales-flash-overlay","17":"woocommerce-text-align-center","18":"woocommerce-image-align-center","19":"do-quantity-buttons","21":"first","22":"instock","23":"taxable","24":"shipping-taxable","25":"purchasable","26":"product-type-simple"},"_links":{"self":[{"href":"https:\/\/www.ngdcare.nl\/fr\/wp-json\/wp\/v2\/product\/5487","targetHints":{"allow":["GET"]}}],"collection":[{"href":"https:\/\/www.ngdcare.nl\/fr\/wp-json\/wp\/v2\/product"}],"about":[{"href":"https:\/\/www.ngdcare.nl\/fr\/wp-json\/wp\/v2\/types\/product"}],"replies":[{"embeddable":true,"href":"https:\/\/www.ngdcare.nl\/fr\/wp-json\/wp\/v2\/comments?post=5487"}],"wp:featuredmedia":[{"embeddable":true,"href":"https:\/\/www.ngdcare.nl\/fr\/wp-json\/wp\/v2\/media\/5488"}],"wp:attachment":[{"href":"https:\/\/www.ngdcare.nl\/fr\/wp-json\/wp\/v2\/media?parent=5487"}],"wp:term":[{"taxonomy":"product_brand","embeddable":true,"href":"https:\/\/www.ngdcare.nl\/fr\/wp-json\/wp\/v2\/product_brand?post=5487"},{"taxonomy":"product_cat","embeddable":true,"href":"https:\/\/www.ngdcare.nl\/fr\/wp-json\/wp\/v2\/product_cat?post=5487"},{"taxonomy":"product_tag","embeddable":true,"href":"https:\/\/www.ngdcare.nl\/fr\/wp-json\/wp\/v2\/product_tag?post=5487"},{"taxonomy":"merken","embeddable":true,"href":"https:\/\/www.ngdcare.nl\/fr\/wp-json\/wp\/v2\/merken?post=5487"}],"curies":[{"name":"wp","href":"https:\/\/api.w.org\/{rel}","templated":true}]}}