{"id":5492,"date":"2025-09-27T22:57:17","date_gmt":"2025-09-27T20:57:17","guid":{"rendered":"https:\/\/www.ngdcare.nl\/product\/non%20class\u00e9\/fleur-de-premiers-secours-essence-durgence\/"},"modified":"2026-04-12T21:28:39","modified_gmt":"2026-04-12T19:28:39","slug":"fleur-de-premiers-secours-essence-durgence","status":"publish","type":"product","link":"https:\/\/www.ngdcare.nl\/fr\/product\/sante-veterinaire\/remedes-floraux\/fleur-de-premiers-secours-essence-durgence\/","title":{"rendered":"Essence d\u2019Urgence \u2013 Soutien d\u2019Urgence"},"content":{"rendered":"<p style=\"font-weight: 400;\" data-start=\"682\" data-end=\"1018\">Ce puissant mais doux <strong>Rem\u00e8de d\u2019Urgence aux Fleurs \u2013 Soutien d\u2019Urgence<\/strong> est un rem\u00e8de de premiers secours \u00e9nergique pour les humains comme pour les animaux. Le rem\u00e8de aide \u00e0 traiter le stress aigu, les traumatismes, les chocs physiques ou \u00e9motionnels, le deuil soudain, la panique, les accidents ou les exp\u00e9riences intenses. Elle fonctionne \u00e0 travers le syst\u00e8me \u00e9nerg\u00e9tique et offre paix, confort, protection et un \u00e9quilibre renouvel\u00e9.  <\/p>\n<p style=\"font-weight: 400;\" data-start=\"1020\" data-end=\"1166\">La combinaison s\u2019inspire des rem\u00e8des de sauvetage classiques, mais raffin\u00e9e avec des fleurs modernes qui favorisent \u00e9galement une int\u00e9gration spirituelle plus profonde.<\/p>\n<p data-start=\"1456\" data-end=\"1501\"><strong data-start=\"1463\" data-end=\"1499\">Composition<\/strong><\/p>\n<ul>\n<li data-start=\"1505\" data-end=\"1576\"><strong data-start=\"1505\" data-end=\"1526\">\u00c9toile de Bethl\u00e9em<\/strong> \u2013 R\u00e9solution du traumatisme, restaure le choc \u00e9nerg\u00e9tique<\/li>\n<li data-start=\"1579\" data-end=\"1653\"><strong data-start=\"1579\" data-end=\"1593\">AnimalCare<\/strong> \u2013 Premiers secours en cas de choc, de douleur et de panique (\u00e9galement pour les humains)<\/li>\n<li data-start=\"1656\" data-end=\"1727\"><strong data-start=\"1656\" data-end=\"1667\">Coquelicot<\/strong> \u2013 S\u2019abandonner au stress ou \u00e0 l\u2019engourdissement, calme l\u2019agitation profonde<\/li>\n<li data-start=\"1730\" data-end=\"1789\"><strong data-start=\"1730\" data-end=\"1745\">Mask Flower<\/strong> \u2013 La s\u00e9curit\u00e9 dans la peur, l\u00e2chez le contr\u00f4le<\/li>\n<li data-start=\"1792\" data-end=\"1870\"><strong data-start=\"1792\" data-end=\"1805\">Cerise \u2013<\/strong> R\u00e9gule les \u00e9motions intenses, pr\u00e9vient l\u2019explosion \u00e9motionnelle<\/li>\n<li data-start=\"1873\" data-end=\"1937\"><strong data-start=\"1873\" data-end=\"1890\">Amour et espoir<\/strong> \u2013 R\u00e9confort, douceur, connexion dans le deuil<\/li>\n<li data-start=\"1940\" data-end=\"2010\"><strong data-start=\"1940\" data-end=\"1958\">Violet frang\u00e9<\/strong> \u2013 R\u00e9cup\u00e9ration de l\u2019aura apr\u00e8s une br\u00e8che (physique\/\u00e9motionnelle)<\/li>\n<li data-start=\"2013\" data-end=\"2079\"><strong data-start=\"2013\" data-end=\"2025\">Sugulite<\/strong> \u2013 Protection contre la HSP et la surcharge \u00e9nerg\u00e9tique<\/li>\n<li data-start=\"2082\" data-end=\"2141\"><strong data-start=\"2082\" data-end=\"2095\">Pardon<\/strong> \u2013 L\u00e2chez la douleur et la tension, ouvrez le c\u0153ur<\/li>\n<\/ul>\n","protected":false},"excerpt":{"rendered":"<p>Combinaison de fleurs pour un soutien imm\u00e9diat en cas de traumatisme, de choc, de tristesse, de panique ou de choc physique. Pour les hommes et les animaux. <\/p>\n","protected":false},"featured_media":9657,"comment_status":"open","ping_status":"closed","template":"","meta":{"wds_primary_product_brand":0,"wds_primary_product_cat":0,"wds_primary_merken":0},"product_brand":[],"product_cat":[1610],"product_tag":[1663,1655,1658,1662,1656,1128,1657,1659,1661,7844,1660],"merken":[],"class_list":{"0":"post-5492","1":"product","2":"type-product","3":"status-publish","4":"has-post-thumbnail","6":"product_cat-remedes-floraux","7":"product_tag-choc-aigu","8":"product_tag-essence-de-fleur","9":"product_tag-fleur-de-premiers-secours","10":"product_tag-le-stress-chez-les-chiens-et-les-chats","11":"product_tag-ngd-care-blossoms-fr","12":"product_tag-panique","13":"product_tag-protection-energetique","14":"product_tag-remede-de-secours","15":"product_tag-soutien-aux-victimes-dun-traumatisme","16":"product_tag-stress-et-comportement","17":"product_tag-tranquillite-naturelle","18":"infinite-scroll-item","19":"sales-flash-overlay","20":"woocommerce-text-align-center","21":"woocommerce-image-align-center","22":"do-quantity-buttons","24":"first","25":"instock","26":"taxable","27":"shipping-taxable","28":"purchasable","29":"product-type-simple"},"_links":{"self":[{"href":"https:\/\/www.ngdcare.nl\/fr\/wp-json\/wp\/v2\/product\/5492","targetHints":{"allow":["GET"]}}],"collection":[{"href":"https:\/\/www.ngdcare.nl\/fr\/wp-json\/wp\/v2\/product"}],"about":[{"href":"https:\/\/www.ngdcare.nl\/fr\/wp-json\/wp\/v2\/types\/product"}],"replies":[{"embeddable":true,"href":"https:\/\/www.ngdcare.nl\/fr\/wp-json\/wp\/v2\/comments?post=5492"}],"wp:featuredmedia":[{"embeddable":true,"href":"https:\/\/www.ngdcare.nl\/fr\/wp-json\/wp\/v2\/media\/9657"}],"wp:attachment":[{"href":"https:\/\/www.ngdcare.nl\/fr\/wp-json\/wp\/v2\/media?parent=5492"}],"wp:term":[{"taxonomy":"product_brand","embeddable":true,"href":"https:\/\/www.ngdcare.nl\/fr\/wp-json\/wp\/v2\/product_brand?post=5492"},{"taxonomy":"product_cat","embeddable":true,"href":"https:\/\/www.ngdcare.nl\/fr\/wp-json\/wp\/v2\/product_cat?post=5492"},{"taxonomy":"product_tag","embeddable":true,"href":"https:\/\/www.ngdcare.nl\/fr\/wp-json\/wp\/v2\/product_tag?post=5492"},{"taxonomy":"merken","embeddable":true,"href":"https:\/\/www.ngdcare.nl\/fr\/wp-json\/wp\/v2\/merken?post=5492"}],"curies":[{"name":"wp","href":"https:\/\/api.w.org\/{rel}","templated":true}]}}