{"id":5495,"date":"2025-09-27T23:00:00","date_gmt":"2025-09-27T21:00:00","guid":{"rendered":"https:\/\/www.ngdcare.nl\/product\/non%20class\u00e9\/essence-dexpression-chakra-2-et-5\/"},"modified":"2026-03-30T10:04:51","modified_gmt":"2026-03-30T08:04:51","slug":"essence-dexpression-chakra-2-et-5","status":"publish","type":"product","link":"https:\/\/www.ngdcare.nl\/fr\/product\/remedes-floraux\/essence-dexpression-chakra-2-et-5\/","title":{"rendered":"Essence d\u2019expression \u2013 Chakra 2 et 5"},"content":{"rendered":"<p style=\"font-weight: 400;\">Cette essence florale soigneusement compos\u00e9e <strong>Expression \u2013 Chakra 2 et 5<\/strong> soutient la connexion entre le deuxi\u00e8me chakra (sacr\u00e9) et le cinqui\u00e8me chakra (de la gorge). Il vous aide \u00e0 vous connecter \u00e0 votre flux int\u00e9rieur, \u00e0 votre \u00e9nergie vitale cr\u00e9ative et \u00e0 votre capacit\u00e9 \u00e0 vous exprimer \u00e0 partir de la douceur et de la v\u00e9rit\u00e9. <\/p>\n<p style=\"font-weight: 400;\" data-start=\"1135\" data-end=\"1379\">De nombreuses personnes \u2013 et animaux \u2013 font l\u2019exp\u00e9rience de blocages sur cet axe : difficult\u00e9 \u00e0 exprimer des sentiments, stagnation cr\u00e9ative, peur de se montrer ou sensibilit\u00e9 \u00e9motionnelle excessive. Cette essence florale apporte apaisement, protection et espace. <\/p>\n<p style=\"font-weight: 400;\" data-start=\"1381\" data-end=\"1399\"><strong data-start=\"1381\" data-end=\"1397\">Applications<\/strong><\/p>\n<ul>\n<li data-start=\"1402\" data-end=\"1460\">En cas de blocages \u00e9motionnels (par exemple, tristesse, honte, culpabilit\u00e9)<\/li>\n<li data-start=\"1463\" data-end=\"1503\">Difficult\u00e9 \u00e0 s\u2019exprimer ou \u00e0 communiquer<\/li>\n<li data-start=\"1506\" data-end=\"1563\">Probl\u00e8mes li\u00e9s \u00e0 la cr\u00e9ativit\u00e9, \u00e0 la sensualit\u00e9 ou \u00e0 l\u2019intimit\u00e9<\/li>\n<li data-start=\"1566\" data-end=\"1619\">Grande sensibilit\u00e9 ou surstimulation de la r\u00e9gion de la gorge<\/li>\n<li data-start=\"1622\" data-end=\"1679\">Soutien en cas de d\u00e9s\u00e9quilibre hormonal ou de troubles de la gorge<\/li>\n<\/ul>\n<p style=\"font-weight: 400;\" data-start=\"1681\" data-end=\"1725\"><strong data-start=\"1681\" data-end=\"1723\">Composition<\/strong><\/p>\n<ul>\n<li data-start=\"1728\" data-end=\"1787\"><strong data-start=\"1728\" data-end=\"1741\">Le pardon<\/strong> \u2013 une fleur centrale pour l\u00e2cher prise, ouvre le c\u0153ur<\/li>\n<li data-start=\"1790\" data-end=\"1853\"><strong data-start=\"1790\" data-end=\"1806\">Persil de vache<\/strong> \u2013 pour l\u2019espi\u00e8glerie, la cr\u00e9ativit\u00e9 et la l\u00e9g\u00e8ret\u00e9<\/li>\n<li data-start=\"1856\" data-end=\"1916\"><strong data-start=\"1856\" data-end=\"1872\">Cactus corail<\/strong> \u2013 douceur f\u00e9minine, fluidit\u00e9, sensualit\u00e9<\/li>\n<li data-start=\"1919\" data-end=\"1971\"><strong data-start=\"1919\" data-end=\"1939\">Fleur de coucou de jour<\/strong> \u2013 oser \u00eatre soi-m\u00eame et s\u2019exprimer<\/li>\n<li data-start=\"1974\" data-end=\"2036\"><strong data-start=\"1974\" data-end=\"1995\">L\u2019\u00e9toile de Bethl\u00e9em<\/strong> \u2013 gu\u00e9rison des traumatismes \u00e9motionnels profonds<\/li>\n<li data-start=\"2039\" data-end=\"2092\"><strong data-start=\"2039\" data-end=\"2059\">Amande indienne<\/strong> \u2013 protection en cas de sensibilit\u00e9<\/li>\n<li data-start=\"2095\" data-end=\"2161\"><strong data-start=\"2095\" data-end=\"2112\">Love &amp; Hope<\/strong> \u2013 adoucissement \u00e9motionnel et literie int\u00e9rieure<\/li>\n<li data-start=\"2164\" data-end=\"2211\"><strong data-start=\"2164\" data-end=\"2172\">Rose<\/strong> \u2013 \u00e9nergie douce du c\u0153ur dans la communication<\/li>\n<li data-start=\"2214\" data-end=\"2269\"><strong data-start=\"2214\" data-end=\"2227\">3-L\u2019unit\u00e9<\/strong> \u2013 l\u2019alignement du corps, de l\u2019\u00e2me et de l\u2019esprit<\/li>\n<li data-start=\"2272\" data-end=\"2338\"><strong data-start=\"2272\" data-end=\"2289\">Butterfly Bush<\/strong> \u2013 Transformation et confiance dans l\u2019expression<\/li>\n<li data-start=\"2341\" data-end=\"2403\"><strong data-start=\"2341\" data-end=\"2353\">Turquoise<\/strong> \u2013 renforce le lien entre le sentiment et l\u2019expression<\/li>\n<\/ul>\n<p style=\"font-weight: 400;\" data-start=\"2405\" data-end=\"2585\">Utilisez cette essence dans les phases de transition, comme soutien dans les processus cr\u00e9atifs ou relationnels, ou lorsque parler et ressentir peut (re)s\u2019aligner avec qui vous \u00eates vraiment.<\/p>\n","protected":false},"excerpt":{"rendered":"<div>\n<p>Essence florale pour le flux \u00e9motionnel et l\u2019expression de soi. L\u2019expression aide \u00e0 ouvrir les deuxi\u00e8me et cinqui\u00e8me chakras, soutient les blocages dans le domaine de la cr\u00e9ativit\u00e9, de la sensualit\u00e9, de la v\u00e9rit\u00e9 et de la communication. <\/p>\n<\/div>\n","protected":false},"featured_media":17441,"comment_status":"open","ping_status":"closed","template":"","meta":{"wds_primary_product_brand":0,"wds_primary_product_cat":0,"wds_primary_merken":0},"product_brand":[],"product_cat":[1610],"product_tag":[1677,1672,1673,1674,1655,1675,1676,1671,1656,1657],"merken":[],"class_list":{"0":"post-5495","1":"product","2":"type-product","3":"status-publish","4":"has-post-thumbnail","6":"product_cat-remedes-floraux","7":"product_tag-animaux-sensibles","8":"product_tag-chakra-2-fr","9":"product_tag-chakra-5-fr","10":"product_tag-creativite","11":"product_tag-essence-de-fleur","12":"product_tag-expression-de-soi","13":"product_tag-guerison-emotionnelle","14":"product_tag-haute-sensibilite","15":"product_tag-ngd-care-blossoms-fr","16":"product_tag-protection-energetique","17":"infinite-scroll-item","18":"sales-flash-overlay","19":"woocommerce-text-align-center","20":"woocommerce-image-align-center","21":"do-quantity-buttons","23":"first","24":"instock","25":"taxable","26":"shipping-taxable","27":"purchasable","28":"product-type-simple"},"_links":{"self":[{"href":"https:\/\/www.ngdcare.nl\/fr\/wp-json\/wp\/v2\/product\/5495","targetHints":{"allow":["GET"]}}],"collection":[{"href":"https:\/\/www.ngdcare.nl\/fr\/wp-json\/wp\/v2\/product"}],"about":[{"href":"https:\/\/www.ngdcare.nl\/fr\/wp-json\/wp\/v2\/types\/product"}],"replies":[{"embeddable":true,"href":"https:\/\/www.ngdcare.nl\/fr\/wp-json\/wp\/v2\/comments?post=5495"}],"wp:featuredmedia":[{"embeddable":true,"href":"https:\/\/www.ngdcare.nl\/fr\/wp-json\/wp\/v2\/media\/17441"}],"wp:attachment":[{"href":"https:\/\/www.ngdcare.nl\/fr\/wp-json\/wp\/v2\/media?parent=5495"}],"wp:term":[{"taxonomy":"product_brand","embeddable":true,"href":"https:\/\/www.ngdcare.nl\/fr\/wp-json\/wp\/v2\/product_brand?post=5495"},{"taxonomy":"product_cat","embeddable":true,"href":"https:\/\/www.ngdcare.nl\/fr\/wp-json\/wp\/v2\/product_cat?post=5495"},{"taxonomy":"product_tag","embeddable":true,"href":"https:\/\/www.ngdcare.nl\/fr\/wp-json\/wp\/v2\/product_tag?post=5495"},{"taxonomy":"merken","embeddable":true,"href":"https:\/\/www.ngdcare.nl\/fr\/wp-json\/wp\/v2\/merken?post=5495"}],"curies":[{"name":"wp","href":"https:\/\/api.w.org\/{rel}","templated":true}]}}