{"id":5499,"date":"2025-09-27T23:03:29","date_gmt":"2025-09-27T21:03:29","guid":{"rendered":"https:\/\/www.ngdcare.nl\/product\/non%20class\u00e9\/essence-dalignement-interieur-chakras-1-4-et-7\/"},"modified":"2026-01-01T15:15:49","modified_gmt":"2026-01-01T14:15:49","slug":"essence-dalignement-interieur-chakras-1-4-et-7","status":"publish","type":"product","link":"https:\/\/www.ngdcare.nl\/fr\/product\/sante-veterinaire\/remedes-floraux\/essence-dalignement-interieur-chakras-1-4-et-7\/","title":{"rendered":"Essence d\u2019Alignement Int\u00e9rieur \u2013 Chakras 1, 4 et 7"},"content":{"rendered":"<p><strong>L\u2019alignement int\u00e9rieur<\/strong> est une essence florale soigneusement s\u00e9lectionn\u00e9e bas\u00e9e sur les 1er, 4e et 7e chakras, l\u2019axe de l\u2019incarnation, de l\u2019amour et de la conscience. Cette formule aide \u00e0 : <\/p>\n<ul>\n<li>Atterrir plus profond\u00e9ment dans votre corps (chakra 1),<\/li>\n<li>Ouvrir le c\u0153ur \u00e0 la connexion amoureuse (chakra 4),<\/li>\n<li>Et de se connecter avec votre moi sup\u00e9rieur et votre intuition (chakra 7).<\/li>\n<\/ul>\n<p>Cette combinaison est particuli\u00e8rement adapt\u00e9e aux <strong>personnes tr\u00e8s sensibles ou aux animaux<\/strong> qui souffrent de sentiments d\u2019ins\u00e9curit\u00e9, de deuil, de solitude, de surstimulation ou de d\u00e9s\u00e9quilibre spirituel.<\/p>\n<p>Le m\u00e9lange contient 12 fleurs soigneusement choisies de la gamme Star Remedies. Ils travaillent ensemble sur le plan physique, \u00e9motionnel, mental et spirituel pour restaurer la trinit\u00e9 int\u00e9rieure. <\/p>\n<p><strong>Indications:<\/strong><\/p>\n<ul>\n<li>Survivre au lieu de vivre<\/li>\n<li>Ne pas \u00eatre capable d\u2019atterrir correctement dans votre corps<\/li>\n<li>Sentiments de solitude, de deuil ou d\u2019ali\u00e9nation<\/li>\n<li>Difficult\u00e9 avec l\u2019amour de soi ou l\u2019alignement avec une intuition sup\u00e9rieure<\/li>\n<li>Surstimulation ou vuln\u00e9rabilit\u00e9 \u00e9nerg\u00e9tique<\/li>\n<\/ul>\n<p><strong>Ingr\u00e9dients<\/strong>&nbsp;:<\/p>\n<ul>\n<li><strong>Fleur de masque<\/strong> \u2013 pour lib\u00e9rer les m\u00e9canismes de protection et mettre \u00e0 la terre en profondeur<\/li>\n<li><strong>Bourrache<\/strong> \u2013 donne du courage, du confort et de la douceur<\/li>\n<li><strong>N\u00e9nuphar<\/strong> \u2013 relie le corps \u00e9th\u00e9rique au corps physique<\/li>\n<li><strong>Immortelle<\/strong> \u2013 agit karmiquement et renforce l\u2019ancrage de l\u2019\u00e2me<\/li>\n<li><strong>\u00c9quilibre<\/strong> \u2013 harmonise les sentiments, la pens\u00e9e et l\u2019action<\/li>\n<li><strong>Fleur de coucou de jour<\/strong> \u2013 le courage de se montrer avec un c\u0153ur ouvert<\/li>\n<li><strong>Reine des C\u00f4tes<\/strong> \u2013 ouvre le c\u0153ur et la couronne de l\u2019amour<\/li>\n<li><strong>\u00c9toile de Bethl\u00e9em<\/strong> \u2013 gu\u00e9rit les traumatismes profonds et restaure la ligne de l\u2019\u00e2me<\/li>\n<li><strong>Renou\u00e9e<\/strong> \u2013 renforce la toile \u00e9nerg\u00e9tique de la terre \u2194 cosmos<\/li>\n<li><strong>Fleur de mai jaune<\/strong> \u2013 ouvre la couronne doucement et proprement<\/li>\n<li><strong>3-Unit\u00e9<\/strong> \u2013 relie le corps, l\u2019\u00e2me et l\u2019esprit dans l\u2019alignement<\/li>\n<li><strong>Herb Don\u2019t Stir Me<\/strong> \u2013 offre une protection \u00e9nerg\u00e9tique en cas de surstimulation<\/li>\n<\/ul>\n","protected":false},"excerpt":{"rendered":"<p><span style=\"color: black;\">Cette puissante essence florale relie les chakras de la racine, du c\u0153ur et de la couronne. Il soutient l\u2019incarnation, la paix int\u00e9rieure et l\u2019harmonisation spirituelle. Pour les personnes sensibles et les animaux qui recherchent la s\u00e9curit\u00e9, la connexion et le sens.  <\/span><\/p>\n","protected":false},"featured_media":12065,"comment_status":"open","ping_status":"closed","template":"","meta":{"wds_primary_product_brand":0,"wds_primary_product_cat":0,"wds_primary_merken":0},"product_brand":[],"product_cat":[1610],"product_tag":[1693,1692,1698,1695,1655,1671,1656,1697,1694,1696],"merken":[],"class_list":{"0":"post-5499","1":"product","2":"type-product","3":"status-publish","4":"has-post-thumbnail","6":"product_cat-remedes-floraux","7":"product_tag-alignement-interieur","8":"product_tag-chakra-1-4-7-fr","9":"product_tag-chakra-de-la-couronne","10":"product_tag-connexion-spirituelle","11":"product_tag-essence-de-fleur","12":"product_tag-haute-sensibilite","13":"product_tag-ngd-care-blossoms-fr","14":"product_tag-ouverture-du-coeur","15":"product_tag-remedes-etoiles","16":"product_tag-terre","17":"infinite-scroll-item","18":"sales-flash-overlay","19":"woocommerce-text-align-center","20":"woocommerce-image-align-center","21":"do-quantity-buttons","23":"first","24":"instock","25":"taxable","26":"shipping-taxable","27":"purchasable","28":"product-type-simple"},"_links":{"self":[{"href":"https:\/\/www.ngdcare.nl\/fr\/wp-json\/wp\/v2\/product\/5499","targetHints":{"allow":["GET"]}}],"collection":[{"href":"https:\/\/www.ngdcare.nl\/fr\/wp-json\/wp\/v2\/product"}],"about":[{"href":"https:\/\/www.ngdcare.nl\/fr\/wp-json\/wp\/v2\/types\/product"}],"replies":[{"embeddable":true,"href":"https:\/\/www.ngdcare.nl\/fr\/wp-json\/wp\/v2\/comments?post=5499"}],"wp:featuredmedia":[{"embeddable":true,"href":"https:\/\/www.ngdcare.nl\/fr\/wp-json\/wp\/v2\/media\/12065"}],"wp:attachment":[{"href":"https:\/\/www.ngdcare.nl\/fr\/wp-json\/wp\/v2\/media?parent=5499"}],"wp:term":[{"taxonomy":"product_brand","embeddable":true,"href":"https:\/\/www.ngdcare.nl\/fr\/wp-json\/wp\/v2\/product_brand?post=5499"},{"taxonomy":"product_cat","embeddable":true,"href":"https:\/\/www.ngdcare.nl\/fr\/wp-json\/wp\/v2\/product_cat?post=5499"},{"taxonomy":"product_tag","embeddable":true,"href":"https:\/\/www.ngdcare.nl\/fr\/wp-json\/wp\/v2\/product_tag?post=5499"},{"taxonomy":"merken","embeddable":true,"href":"https:\/\/www.ngdcare.nl\/fr\/wp-json\/wp\/v2\/merken?post=5499"}],"curies":[{"name":"wp","href":"https:\/\/api.w.org\/{rel}","templated":true}]}}