{"id":8782,"date":"2025-10-02T20:07:09","date_gmt":"2025-10-02T18:07:09","guid":{"rendered":"https:\/\/www.ngdcare.nl\/?post_type=product&#038;p=8782"},"modified":"2025-10-02T22:06:07","modified_gmt":"2025-10-02T20:06:07","slug":"essence-dalignement-interieur-chakras-1-4-et-7-kopie","status":"publish","type":"product","link":"https:\/\/www.ngdcare.nl\/fr\/product\/sante-humaine\/remedes-floraux-fr\/essence-dalignement-interieur-chakras-1-4-et-7-kopie\/","title":{"rendered":"Essence d\u2019Alignement Int\u00e9rieur \u2013 Chakras 1, 4 et 7"},"content":{"rendered":"<p data-start=\"437\" data-end=\"757\"><strong data-start=\"437\" data-end=\"456\">L\u2019alignement int\u00e9rieur<\/strong> est une essence florale soigneusement compos\u00e9e bas\u00e9e sur l\u2019axe du <strong data-start=\"531\" data-end=\"572\">1er chakra (incarnation et s\u00e9curit\u00e9),<\/strong> du <strong data-start=\"578\" data-end=\"614\">4\u00e8me chakra (amour et connexion)<\/strong> et du <strong data-start=\"622\" data-end=\"660\">7\u00e8me chakra (conscience et intuition).<\/strong> Cette trinit\u00e9 int\u00e9rieure constitue la base de l\u2019\u00e9quilibre, de l\u2019amour de soi et de l\u2019harmonisation spirituelle. <\/p>\n<p data-start=\"759\" data-end=\"1014\">Le rem\u00e8de est particuli\u00e8rement adapt\u00e9 aux <strong data-start=\"797\" data-end=\"833\">personnes tr\u00e8s sensibles et aux enfants<\/strong> qui ont du mal \u00e0 atterrir fermement dans leur corps ou qui sont facilement surstimul\u00e9s. L\u2019alignement int\u00e9rieur peut \u00e9galement offrir un soutien pour les sentiments de solitude, de deuil ou d\u2019ali\u00e9nation. <\/p>\n<p data-start=\"1016\" data-end=\"1103\">En combinant 12 fleurs soigneusement s\u00e9lectionn\u00e9es, l\u2019alignement int\u00e9rieur aide \u00e0 :<\/p>\n<ul data-start=\"1104\" data-end=\"1276\">\n<li data-start=\"1104\" data-end=\"1166\">\n<p data-start=\"1106\" data-end=\"1166\"><strong data-start=\"1116\" data-end=\"1127\">Pour s\u2019ancrer<\/strong> plus profond\u00e9ment et se sentir en s\u00e9curit\u00e9 dans son corps<\/p>\n<\/li>\n<li data-start=\"1167\" data-end=\"1221\">\n<p data-start=\"1169\" data-end=\"1221\"><strong data-start=\"1173\" data-end=\"1191\">Ouvrir le c\u0153ur \u00e0 la<\/strong> connexion aimante<\/p>\n<\/li>\n<li data-start=\"1222\" data-end=\"1276\">\n<p data-start=\"1224\" data-end=\"1276\"><strong data-start=\"1230\" data-end=\"1262\">Se connecter avec votre moi sup\u00e9rieur et votre<\/strong> intuition<\/p>\n<\/li>\n<\/ul>\n<p data-start=\"1278\" data-end=\"1401\">Cette essence vous invite \u00e0 ne plus survivre, mais \u00e0 vivre pleinement votre vie \u2013 de la paix int\u00e9rieure, de l\u2019amour et de la confiance.<\/p>\n<p data-start=\"1403\" data-end=\"1448\"><strong data-start=\"1403\" data-end=\"1446\">Application chez l\u2019adulte et l\u2019enfant :<\/strong><\/p>\n<ul data-start=\"1449\" data-end=\"1676\">\n<li data-start=\"1449\" data-end=\"1490\">\n<p data-start=\"1451\" data-end=\"1490\">Dans le deuil, la solitude ou l\u2019ali\u00e9nation<\/p>\n<\/li>\n<li data-start=\"1491\" data-end=\"1567\">\n<p data-start=\"1493\" data-end=\"1567\">Pour les enfants tr\u00e8s sensibles qui ont des difficult\u00e9s avec les stimuli ou la s\u00e9curit\u00e9<\/p>\n<\/li>\n<li data-start=\"1568\" data-end=\"1611\">\n<p data-start=\"1570\" data-end=\"1611\">Lorsque vous luttez contre l\u2019amour de soi et la connexion<\/p>\n<\/li>\n<li data-start=\"1612\" data-end=\"1676\">\n<p data-start=\"1614\" data-end=\"1676\">Comme soutien dans les p\u00e9riodes de d\u00e9s\u00e9quilibre spirituel ou \u00e9motionnel<\/p>\n<\/li>\n<\/ul>\n<p data-start=\"1678\" data-end=\"1711\"><strong data-start=\"1678\" data-end=\"1709\">Contient les fleurs suivantes :<\/strong><\/p>\n<ul data-start=\"1712\" data-end=\"2454\">\n<li data-start=\"1712\" data-end=\"1785\">\n<p data-start=\"1714\" data-end=\"1785\"><strong data-start=\"1714\" data-end=\"1729\">Fleur de masque<\/strong> \u2013 lib\u00e9ration des m\u00e9canismes de protection, mise \u00e0 la terre profonde<\/p>\n<\/li>\n<li data-start=\"1786\" data-end=\"1836\">\n<p data-start=\"1788\" data-end=\"1836\"><strong data-start=\"1788\" data-end=\"1806\">Bourrache<\/strong> \u2013 courage, confort et douceur<\/p>\n<\/li>\n<li data-start=\"1837\" data-end=\"1900\">\n<p data-start=\"1839\" data-end=\"1900\"><strong data-start=\"1839\" data-end=\"1853\">N\u00e9nuphar<\/strong> \u2013 relie le corps \u00e9th\u00e9rique au physique<\/p>\n<\/li>\n<li data-start=\"1901\" data-end=\"1962\">\n<p data-start=\"1903\" data-end=\"1962\"><strong data-start=\"1903\" data-end=\"1917\">Immortelle<\/strong> \u2013 gu\u00e9rison karmique, renforce l\u2019ancrage de l\u2019\u00e2me<\/p>\n<\/li>\n<li data-start=\"1963\" data-end=\"2019\">\n<p data-start=\"1965\" data-end=\"2019\"><strong data-start=\"1965\" data-end=\"1975\">\u00c9quilibre<\/strong> \u2013 harmonise les sentiments, la pens\u00e9e et l\u2019action<\/p>\n<\/li>\n<li data-start=\"2020\" data-end=\"2075\">\n<p data-start=\"2022\" data-end=\"2075\"><strong data-start=\"2022\" data-end=\"2042\">Fleur de coucou de jour<\/strong> \u2013 le courage de s\u2019ouvrir<\/p>\n<\/li>\n<li data-start=\"2076\" data-end=\"2142\">\n<p data-start=\"2078\" data-end=\"2142\"><strong data-start=\"2078\" data-end=\"2104\">Reine des C\u00f4tes<\/strong> \u2013 ouvre le c\u0153ur et la couronne de l\u2019amour<\/p>\n<\/li>\n<li data-start=\"2143\" data-end=\"2216\">\n<p data-start=\"2145\" data-end=\"2216\"><strong data-start=\"2145\" data-end=\"2166\">\u00c9toile de Bethl\u00e9em<\/strong> \u2013 gu\u00e9rison de traumatismes profonds, restauration de la lign\u00e9e de l\u2019\u00e2me<\/p>\n<\/li>\n<li data-start=\"2217\" data-end=\"2275\">\n<p data-start=\"2219\" data-end=\"2275\"><strong data-start=\"2219\" data-end=\"2235\">Renou\u00e9e<\/strong> \u2013 renforce la connexion terre \u2194 cosmos<\/p>\n<\/li>\n<li data-start=\"2276\" data-end=\"2338\">\n<p data-start=\"2278\" data-end=\"2338\"><strong data-start=\"2278\" data-end=\"2295\">Fleur de mai jaune<\/strong> \u2013 ouverture douce et nette de la couronne<\/p>\n<\/li>\n<li data-start=\"2339\" data-end=\"2390\">\n<p data-start=\"2341\" data-end=\"2390\"><strong data-start=\"2341\" data-end=\"2354\">3-Unit\u00e9<\/strong> \u2013 relie le corps, l\u2019\u00e2me et l\u2019esprit<\/p>\n<\/li>\n<li data-start=\"2391\" data-end=\"2454\">\n<p data-start=\"2393\" data-end=\"2454\"><strong data-start=\"2393\" data-end=\"2417\">Kruidje Roerje Me Niet<\/strong> \u2013 protection contre la surstimulation<\/p>\n<\/li>\n<\/ul>\n","protected":false},"excerpt":{"rendered":"<p>Essence florale pour un ancrage profond, une ouverture du c\u0153ur et une connexion int\u00e9rieure. Soutient les adultes et les enfants ayant une sensibilit\u00e9 \u00e9lev\u00e9e, une surstimulation et une r\u00e9cup\u00e9ration \u00e9motionnelle. <\/p>\n","protected":false},"featured_media":5497,"comment_status":"open","ping_status":"closed","template":"","meta":{"wds_primary_product_brand":0,"wds_primary_product_cat":0,"wds_primary_merken":0},"product_brand":[],"product_cat":[4708],"product_tag":[1693,1692,1698,1695,1655,1671,1656,1697,1694,1696],"merken":[2756],"class_list":{"0":"post-8782","1":"product","2":"type-product","3":"status-publish","4":"has-post-thumbnail","6":"product_cat-remedes-floraux-fr","7":"product_tag-alignement-interieur","8":"product_tag-chakra-1-4-7-fr","9":"product_tag-chakra-de-la-couronne","10":"product_tag-connexion-spirituelle","11":"product_tag-essence-de-fleur","12":"product_tag-haute-sensibilite","13":"product_tag-ngd-care-blossoms-fr","14":"product_tag-ouverture-du-coeur","15":"product_tag-remedes-etoiles","16":"product_tag-terre","17":"merken-ngdcare","18":"infinite-scroll-item","19":"sales-flash-overlay","20":"woocommerce-text-align-center","21":"woocommerce-image-align-center","22":"do-quantity-buttons","24":"first","25":"instock","26":"taxable","27":"shipping-taxable","28":"purchasable","29":"product-type-simple"},"_links":{"self":[{"href":"https:\/\/www.ngdcare.nl\/fr\/wp-json\/wp\/v2\/product\/8782","targetHints":{"allow":["GET"]}}],"collection":[{"href":"https:\/\/www.ngdcare.nl\/fr\/wp-json\/wp\/v2\/product"}],"about":[{"href":"https:\/\/www.ngdcare.nl\/fr\/wp-json\/wp\/v2\/types\/product"}],"replies":[{"embeddable":true,"href":"https:\/\/www.ngdcare.nl\/fr\/wp-json\/wp\/v2\/comments?post=8782"}],"wp:featuredmedia":[{"embeddable":true,"href":"https:\/\/www.ngdcare.nl\/fr\/wp-json\/wp\/v2\/media\/5497"}],"wp:attachment":[{"href":"https:\/\/www.ngdcare.nl\/fr\/wp-json\/wp\/v2\/media?parent=8782"}],"wp:term":[{"taxonomy":"product_brand","embeddable":true,"href":"https:\/\/www.ngdcare.nl\/fr\/wp-json\/wp\/v2\/product_brand?post=8782"},{"taxonomy":"product_cat","embeddable":true,"href":"https:\/\/www.ngdcare.nl\/fr\/wp-json\/wp\/v2\/product_cat?post=8782"},{"taxonomy":"product_tag","embeddable":true,"href":"https:\/\/www.ngdcare.nl\/fr\/wp-json\/wp\/v2\/product_tag?post=8782"},{"taxonomy":"merken","embeddable":true,"href":"https:\/\/www.ngdcare.nl\/fr\/wp-json\/wp\/v2\/merken?post=8782"}],"curies":[{"name":"wp","href":"https:\/\/api.w.org\/{rel}","templated":true}]}}